{"id":762062,"date":"2025-08-28T09:56:54","date_gmt":"2025-08-28T06:56:54","guid":{"rendered":"https:\/\/roveyayinevi.com.tr\/index.php\/urun\/bin-kus\/"},"modified":"2026-04-15T03:27:10","modified_gmt":"2026-04-15T00:27:10","slug":"bin-kus","status":"publish","type":"product","link":"https:\/\/roveyayinevi.com.tr\/index.php\/urun\/bin-kus\/","title":{"rendered":"Bin Ku\u015f"},"content":{"rendered":"<p>Uzak bir \u00fclkede, yaln\u0131z bir kral ya\u015farm\u0131\u015f. Sarayda g\u00fcnlerini ku\u015flar\u0131n \u00f6t\u00fc\u015flerini dinleyerek ge\u00e7irirmi\u015f. Onlar\u0131n ne\u015feli \u015fark\u0131lar\u0131 kral\u0131 \u00e7ok mutlu edermi\u015f. Bir ak\u015fam \u00f6zel mi \u00f6zel bir \u015fark\u0131 duymu\u015f. Hemen bu \u015fark\u0131y\u0131 s\u00f6yleyen ku\u015fun pe\u015fine d\u00fc\u015fm\u00fc\u015f, ku\u015fu yakalat\u0131p bir kafese koymu\u015f. Ama kafesin kap\u0131s\u0131 kapan\u0131nca ku\u015f da susmu\u015f.  <\/p>\n","protected":false},"excerpt":{"rendered":"<p>Uzak bir \u00fclkede, yaln\u0131z bir kral ya\u015farm\u0131\u015f. Sarayda g\u00fcnlerini ku\u015flar\u0131n \u00f6t\u00fc\u015flerini dinleyerek ge\u00e7irirmi\u015f. Onlar\u0131n ne\u015feli \u015fark\u0131lar\u0131 kral\u0131 \u00e7ok mutlu edermi\u015f. Bir ak\u015fam \u00f6zel mi \u00f6zel bir<span class=\"excerpt-hellip\"> [\u2026]<\/span><\/p>\n","protected":false},"featured_media":0,"template":"","meta":{"_monsterinsights_skip_tracking":false,"_monsterinsights_sitenote_active":false,"_monsterinsights_sitenote_note":"","_monsterinsights_sitenote_category":0},"product_brand":[],"product_cat":[12274,12523],"product_tag":[],"class_list":{"0":"post-762062","1":"product","2":"type-product","3":"status-publish","5":"product_cat-cocuk-ve-genclik-kitaplari","6":"product_cat-masallar","7":"pa_cilt-ciltsiz","8":"pa_tur-kitap","9":"pa_yayinevi-masalperest","10":"pa_yazar-andreja-peklar","12":"first","13":"instock","14":"sale","15":"shipping-taxable","16":"purchasable","17":"product-type-simple"},"_links":{"self":[{"href":"https:\/\/roveyayinevi.com.tr\/index.php\/wp-json\/wp\/v2\/product\/762062","targetHints":{"allow":["GET"]}}],"collection":[{"href":"https:\/\/roveyayinevi.com.tr\/index.php\/wp-json\/wp\/v2\/product"}],"about":[{"href":"https:\/\/roveyayinevi.com.tr\/index.php\/wp-json\/wp\/v2\/types\/product"}],"wp:attachment":[{"href":"https:\/\/roveyayinevi.com.tr\/index.php\/wp-json\/wp\/v2\/media?parent=762062"}],"wp:term":[{"taxonomy":"product_brand","embeddable":true,"href":"https:\/\/roveyayinevi.com.tr\/index.php\/wp-json\/wp\/v2\/product_brand?post=762062"},{"taxonomy":"product_cat","embeddable":true,"href":"https:\/\/roveyayinevi.com.tr\/index.php\/wp-json\/wp\/v2\/product_cat?post=762062"},{"taxonomy":"product_tag","embeddable":true,"href":"https:\/\/roveyayinevi.com.tr\/index.php\/wp-json\/wp\/v2\/product_tag?post=762062"}],"curies":[{"name":"wp","href":"https:\/\/api.w.org\/{rel}","templated":true}]}}