{"id":762061,"date":"2025-08-28T09:56:53","date_gmt":"2025-08-28T06:56:53","guid":{"rendered":"https:\/\/roveyayinevi.com.tr\/index.php\/urun\/fil-olmak-isteyen-fare-2\/"},"modified":"2026-04-15T03:27:10","modified_gmt":"2026-04-15T00:27:10","slug":"fil-olmak-isteyen-fare-2","status":"publish","type":"product","link":"https:\/\/roveyayinevi.com.tr\/index.php\/urun\/fil-olmak-isteyen-fare-2\/","title":{"rendered":"Fil Olmak \u0130steyen Fare"},"content":{"rendered":"<p>\u201cG\u00dc\u00c7L\u00dc OLDU\u011eUNU D\u00dc\u015e\u00dcN\u00dcRSEN G\u00dc\u00c7LEN\u0130RS\u0130N.\u201d Kuyruklu, ailesinden uzakta ya\u015fayan minik bir farecik. Kuyru\u011fu ortalama bir fareninkinden \u00e7ok daha uzun olan Kuyruklu, bu durumdan hi\u00e7 memnun de\u011fil. Bir g\u00fcn, kasabaya gelen sirkteki fil dikkatini \u00e7ekiyor. Kuyruklu, filin ne kadar g\u00fc\u00e7l\u00fc oldu\u011funu d\u00fc\u015f\u00fcn\u00fcyor, onun gibi olmak istiyor. Acaba fil, ger\u00e7ekten de Kuyruklu\u2019nun sand\u0131\u011f\u0131 kadar g\u00fc\u00e7l\u00fc ve \u015fansl\u0131 m\u0131?   M\u0131rm\u0131r\u2019\u0131n ne\u015feli yolculu\u011fu, Fil Olmak \u0130steyen Fare\u2019de devam ediyor. M\u0131rm\u0131r, kendin olman\u0131n de\u011ferini yeni arkada\u015flar\u0131yla payla\u015f\u0131yor!    <\/p>\n","protected":false},"excerpt":{"rendered":"<p>\u201cG\u00dc\u00c7L\u00dc OLDU\u011eUNU D\u00dc\u015e\u00dcN\u00dcRSEN G\u00dc\u00c7LEN\u0130RS\u0130N.\u201d Kuyruklu, ailesinden uzakta ya\u015fayan minik bir farecik. Kuyru\u011fu ortalama bir fareninkinden \u00e7ok daha uzun olan Kuyruklu, bu durumdan hi\u00e7 memnun de\u011fil. Bir<span class=\"excerpt-hellip\"> [\u2026]<\/span><\/p>\n","protected":false},"featured_media":0,"template":"","meta":{"_monsterinsights_skip_tracking":false,"_monsterinsights_sitenote_active":false,"_monsterinsights_sitenote_note":"","_monsterinsights_sitenote_category":0},"product_brand":[],"product_cat":[12274,12523],"product_tag":[],"class_list":{"0":"post-762061","1":"product","2":"type-product","3":"status-publish","5":"product_cat-cocuk-ve-genclik-kitaplari","6":"product_cat-masallar","7":"pa_cilt-ciltsiz","8":"pa_tur-kitap","9":"pa_yayinevi-masalperest-ozel-urun","10":"pa_yazar-oznur-karaeloglu","12":"first","13":"instock","14":"sale","15":"shipping-taxable","16":"purchasable","17":"product-type-simple"},"_links":{"self":[{"href":"https:\/\/roveyayinevi.com.tr\/index.php\/wp-json\/wp\/v2\/product\/762061","targetHints":{"allow":["GET"]}}],"collection":[{"href":"https:\/\/roveyayinevi.com.tr\/index.php\/wp-json\/wp\/v2\/product"}],"about":[{"href":"https:\/\/roveyayinevi.com.tr\/index.php\/wp-json\/wp\/v2\/types\/product"}],"wp:attachment":[{"href":"https:\/\/roveyayinevi.com.tr\/index.php\/wp-json\/wp\/v2\/media?parent=762061"}],"wp:term":[{"taxonomy":"product_brand","embeddable":true,"href":"https:\/\/roveyayinevi.com.tr\/index.php\/wp-json\/wp\/v2\/product_brand?post=762061"},{"taxonomy":"product_cat","embeddable":true,"href":"https:\/\/roveyayinevi.com.tr\/index.php\/wp-json\/wp\/v2\/product_cat?post=762061"},{"taxonomy":"product_tag","embeddable":true,"href":"https:\/\/roveyayinevi.com.tr\/index.php\/wp-json\/wp\/v2\/product_tag?post=762061"}],"curies":[{"name":"wp","href":"https:\/\/api.w.org\/{rel}","templated":true}]}}