{"id":762060,"date":"2025-08-28T09:56:51","date_gmt":"2025-08-28T06:56:51","guid":{"rendered":"https:\/\/roveyayinevi.com.tr\/index.php\/urun\/hasretim-sensin\/"},"modified":"2026-04-15T03:27:10","modified_gmt":"2026-04-15T00:27:10","slug":"hasretim-sensin","status":"publish","type":"product","link":"https:\/\/roveyayinevi.com.tr\/index.php\/urun\/hasretim-sensin\/","title":{"rendered":"Hasretim Sensin"},"content":{"rendered":"<p>ZOR A\u015eK   Hadi durdur sana gelmekte olan a\u015fk\u0131m\u0131 Seni sevene hi\u00e7 mi ac\u0131mazs\u0131n yakma art\u0131k can\u0131m\u0131 \u00d6yle uzun uzun bak\u0131p umut verme, alma akl\u0131m\u0131 Bir g\u00fcn i\u00e7in c\u0131z eder hissedersin ah\u0131m\u0131 <\/p>\n","protected":false},"excerpt":{"rendered":"<p>ZOR A\u015eK Hadi durdur sana gelmekte olan a\u015fk\u0131m\u0131 Seni sevene hi\u00e7 mi ac\u0131mazs\u0131n yakma art\u0131k can\u0131m\u0131 \u00d6yle uzun uzun bak\u0131p umut verme, alma akl\u0131m\u0131 Bir g\u00fcn<span class=\"excerpt-hellip\"> [\u2026]<\/span><\/p>\n","protected":false},"featured_media":0,"template":"","meta":{"_monsterinsights_skip_tracking":false,"_monsterinsights_sitenote_active":false,"_monsterinsights_sitenote_note":"","_monsterinsights_sitenote_category":0},"product_brand":[],"product_cat":[12291,12509],"product_tag":[],"class_list":{"0":"post-762060","1":"product","2":"type-product","3":"status-publish","5":"product_cat-edebiyat","6":"product_cat-siir","7":"pa_cilt-ciltsiz","8":"pa_tur-kitap","9":"pa_yayinevi-gulnar-yayinlari","10":"pa_yazar-metehan-polat","12":"first","13":"instock","14":"sale","15":"shipping-taxable","16":"purchasable","17":"product-type-simple"},"_links":{"self":[{"href":"https:\/\/roveyayinevi.com.tr\/index.php\/wp-json\/wp\/v2\/product\/762060","targetHints":{"allow":["GET"]}}],"collection":[{"href":"https:\/\/roveyayinevi.com.tr\/index.php\/wp-json\/wp\/v2\/product"}],"about":[{"href":"https:\/\/roveyayinevi.com.tr\/index.php\/wp-json\/wp\/v2\/types\/product"}],"wp:attachment":[{"href":"https:\/\/roveyayinevi.com.tr\/index.php\/wp-json\/wp\/v2\/media?parent=762060"}],"wp:term":[{"taxonomy":"product_brand","embeddable":true,"href":"https:\/\/roveyayinevi.com.tr\/index.php\/wp-json\/wp\/v2\/product_brand?post=762060"},{"taxonomy":"product_cat","embeddable":true,"href":"https:\/\/roveyayinevi.com.tr\/index.php\/wp-json\/wp\/v2\/product_cat?post=762060"},{"taxonomy":"product_tag","embeddable":true,"href":"https:\/\/roveyayinevi.com.tr\/index.php\/wp-json\/wp\/v2\/product_tag?post=762060"}],"curies":[{"name":"wp","href":"https:\/\/api.w.org\/{rel}","templated":true}]}}