{"id":762059,"date":"2025-08-28T09:56:49","date_gmt":"2025-08-28T06:56:49","guid":{"rendered":"https:\/\/roveyayinevi.com.tr\/index.php\/urun\/imtihansiz-ask-olmaz\/"},"modified":"2026-04-15T03:27:10","modified_gmt":"2026-04-15T00:27:10","slug":"imtihansiz-ask-olmaz","status":"publish","type":"product","link":"https:\/\/roveyayinevi.com.tr\/index.php\/urun\/imtihansiz-ask-olmaz\/","title":{"rendered":"\u0130mtihans\u0131z A\u015fk Olmaz"},"content":{"rendered":"<p>\u0130mtihans\u0131z a\u015fk yoktur. Her s\u0131navda yeniden do\u011far\u0131z. G\u00f6zya\u015flar\u0131m\u0131zla, imtihan\u0131m\u0131zla b\u00fcy\u00fcr Rahman\u2019a olan sevdam\u0131z. Sabr\u0131m\u0131zla ate\u015ften ge\u00e7er, k\u00fcl oluruz. Yaram\u0131za \u015fifa olur k\u00fcllerimiz ve kullu\u011fumuzu hat\u0131rlat\u0131r bize. D\u00fc\u015flerimizde saklar\u0131z umutlar\u0131m\u0131z\u0131 ve dua dua i\u015flenir avu\u00e7lar\u0131m\u0131za. Ger\u00e7eklerle yanar y\u00fcre\u011fimiz. Ve her kayb\u0131n ard\u0131nda bir ders, Rahman\u2019a olan sevdam\u0131z s\u0131navlarla g\u00fczelle\u015fir. Yaln\u0131zl\u0131\u011f\u0131n derin \u00e7ukurunda yine onun ad\u0131n\u0131 anar\u0131z. Ya Hay. \u0130mtihans\u0131z a\u015fk yoktur derken sonsuzlu\u011fa yaz\u0131l\u0131r Yaradan\u2019a olan a\u015fk\u0131m\u0131z. Evet, imtihan dedi\u011fin nedir ki? Sab\u0131rla yo\u011frulan bir \u00f6m\u00fcr yolu. Ba\u015far\u0131lar, ba\u015far\u0131s\u0131zl\u0131klar i\u00e7 i\u00e7e. Her ad\u0131mda bir ders, her ders bir rehber olur bizlere. Ac\u0131lar \u00f6\u011fretir bize sevgiyi. Kay\u0131plar hat\u0131rlat\u0131r de\u011feri. Dolay\u0131s\u0131yla her d\u00fc\u015f\u00fc\u015fte yeniden kalkmak gerek. Kalk\u0131\u015f\u0131m\u0131z \u00fcmitlerimizi ye\u015fertsin diye.   \u0130mtihanla \u00f6\u011freniriz hayat\u0131, tecr\u00fcbe kazan\u0131r\u0131z. Yolun sonu belirsiz, sorular zor ama bilmeliyiz ki her s\u0131nav bir arma\u011fan. \u0130mtihanlar olmadan \u00f6\u011frenilmez hakikat. Her g\u00fcn yeni bir s\u0131nav her s\u0131nav ibret olur bizlere. Zira Cenab\u0131 Hak Kur&#8217;an azim\u00fc\u015f\u015fanda \u015f\u00f6yle hitap etmektedir bizlere:   &#8220;Andolsun ki sizleri biraz korku, biraz a\u00e7l\u0131k, mallardan, canlardan, meyvelerden eksiltmekle imtihan edece\u011fiz. Sabredenleri m\u00fcjdele.&#8221;(Bakara s\u00fcresi 155)   M\u00fck\u00e2fat\u0131n b\u00fcy\u00fckl\u00fc\u011f\u00fc belan\u0131n \u015fiddetine g\u00f6redir. O halde g\u00fczel bir sab\u0131r gerek bize. <\/p>\n","protected":false},"excerpt":{"rendered":"<p>\u0130mtihans\u0131z a\u015fk yoktur. Her s\u0131navda yeniden do\u011far\u0131z. G\u00f6zya\u015flar\u0131m\u0131zla, imtihan\u0131m\u0131zla b\u00fcy\u00fcr Rahman\u2019a olan sevdam\u0131z. Sabr\u0131m\u0131zla ate\u015ften ge\u00e7er, k\u00fcl oluruz. Yaram\u0131za \u015fifa olur k\u00fcllerimiz ve kullu\u011fumuzu hat\u0131rlat\u0131r bize.<span class=\"excerpt-hellip\"> [\u2026]<\/span><\/p>\n","protected":false},"featured_media":0,"template":"","meta":{"_monsterinsights_skip_tracking":false,"_monsterinsights_sitenote_active":false,"_monsterinsights_sitenote_note":"","_monsterinsights_sitenote_category":0},"product_brand":[],"product_cat":[12291,12711],"product_tag":[],"class_list":{"0":"post-762059","1":"product","2":"type-product","3":"status-publish","5":"product_cat-edebiyat","6":"product_cat-roman-oyku","7":"pa_cilt-ciltsiz","8":"pa_tur-kitap","9":"pa_yayinevi-gulnar-yayinlari","10":"pa_yazar-meryem-celik","12":"first","13":"instock","14":"sale","15":"shipping-taxable","16":"purchasable","17":"product-type-simple"},"_links":{"self":[{"href":"https:\/\/roveyayinevi.com.tr\/index.php\/wp-json\/wp\/v2\/product\/762059","targetHints":{"allow":["GET"]}}],"collection":[{"href":"https:\/\/roveyayinevi.com.tr\/index.php\/wp-json\/wp\/v2\/product"}],"about":[{"href":"https:\/\/roveyayinevi.com.tr\/index.php\/wp-json\/wp\/v2\/types\/product"}],"wp:attachment":[{"href":"https:\/\/roveyayinevi.com.tr\/index.php\/wp-json\/wp\/v2\/media?parent=762059"}],"wp:term":[{"taxonomy":"product_brand","embeddable":true,"href":"https:\/\/roveyayinevi.com.tr\/index.php\/wp-json\/wp\/v2\/product_brand?post=762059"},{"taxonomy":"product_cat","embeddable":true,"href":"https:\/\/roveyayinevi.com.tr\/index.php\/wp-json\/wp\/v2\/product_cat?post=762059"},{"taxonomy":"product_tag","embeddable":true,"href":"https:\/\/roveyayinevi.com.tr\/index.php\/wp-json\/wp\/v2\/product_tag?post=762059"}],"curies":[{"name":"wp","href":"https:\/\/api.w.org\/{rel}","templated":true}]}}