{"id":762058,"date":"2025-08-28T09:56:48","date_gmt":"2025-08-28T06:56:48","guid":{"rendered":"https:\/\/roveyayinevi.com.tr\/index.php\/urun\/satrancta-temel-ilkeler\/"},"modified":"2026-04-15T03:27:10","modified_gmt":"2026-04-15T00:27:10","slug":"satrancta-temel-ilkeler","status":"publish","type":"product","link":"https:\/\/roveyayinevi.com.tr\/index.php\/urun\/satrancta-temel-ilkeler\/","title":{"rendered":"Satran\u00e7ta Temel \u0130lkeler"},"content":{"rendered":"<p>Satran\u00e7; hayat\u0131n zorluklar\u0131 kar\u015f\u0131s\u0131nda pes etmeyen, m\u00fccadele eden bireyler yeti\u015fmesini sa\u011flamaktad\u0131r. Satran\u00e7; stratejik d\u00fc\u015f\u00fcnmeyi sa\u011flayarak bireyin daha do\u011fru kararlar vermesine olanak tan\u0131maktad\u0131r. Satran\u00e7; problem \u00e7\u00f6zme, h\u0131zl\u0131 d\u00fc\u015f\u00fcnebilme becerilerini ve kendine g\u00fcven duygusunu geli\u015ftirmekte, planl\u0131 hareket etmenin \u00f6nemini g\u00f6stermektedir. Satran\u00e7; dost\u00e7a oynamay\u0131, kaybetmeyi kabullenmeyi, kurallara uymay\u0131, kazanan\u0131 kutlamay\u0131 \u00f6\u011fretmektedir. Satran\u00e7; bireyin hayatta daha ba\u015far\u0131l\u0131 olmas\u0131na yard\u0131mc\u0131 olmaktad\u0131r. Satran\u00e7; hayat\u0131n 64 karelik bir d\u00fcnyaya yans\u0131mas\u0131d\u0131r. Serinin ilk kitab\u0131 olan bu kitap her ya\u015ftan bireyin satran\u00e7 \u00f6\u011frenmesini ama\u00e7lamaktad\u0131r. Kitapta satran\u00e7 ta\u015flar\u0131n\u0131n temel hareketlerinin yan\u0131 s\u0131ra \u015fi\u015f, a\u00e7maz, \u00e7atal, mat, pat, rok, ge\u00e7erken alma, piyon terfi ve a\u00e7arak sald\u0131r\u0131 gibi teknik kavramlara yer verilmektedir. Kitapta konu anlat\u0131mlar\u0131na k\u0131saca de\u011finilip, diyagramlar \u00fczerinde satranc\u0131n \u00f6\u011frenilmesi hedeflenmektedir. <\/p>\n","protected":false},"excerpt":{"rendered":"<p>Satran\u00e7; hayat\u0131n zorluklar\u0131 kar\u015f\u0131s\u0131nda pes etmeyen, m\u00fccadele eden bireyler yeti\u015fmesini sa\u011flamaktad\u0131r. Satran\u00e7; stratejik d\u00fc\u015f\u00fcnmeyi sa\u011flayarak bireyin daha do\u011fru kararlar vermesine olanak tan\u0131maktad\u0131r. Satran\u00e7; problem \u00e7\u00f6zme, h\u0131zl\u0131<span class=\"excerpt-hellip\"> [\u2026]<\/span><\/p>\n","protected":false},"featured_media":0,"template":"","meta":{"_monsterinsights_skip_tracking":false,"_monsterinsights_sitenote_active":false,"_monsterinsights_sitenote_note":"","_monsterinsights_sitenote_category":0},"product_brand":[],"product_cat":[13772,12364],"product_tag":[],"class_list":{"0":"post-762058","1":"product","2":"type-product","3":"status-publish","5":"product_cat-basvuru-kitaplari","6":"product_cat-genel-konular","7":"pa_cilt-ciltsiz","8":"pa_tur-kitap","9":"pa_yayinevi-ulysses-yayinlari","10":"pa_yazar-hakan-bilici-emre-mecit","12":"first","13":"instock","14":"sale","15":"shipping-taxable","16":"purchasable","17":"product-type-simple"},"_links":{"self":[{"href":"https:\/\/roveyayinevi.com.tr\/index.php\/wp-json\/wp\/v2\/product\/762058","targetHints":{"allow":["GET"]}}],"collection":[{"href":"https:\/\/roveyayinevi.com.tr\/index.php\/wp-json\/wp\/v2\/product"}],"about":[{"href":"https:\/\/roveyayinevi.com.tr\/index.php\/wp-json\/wp\/v2\/types\/product"}],"wp:attachment":[{"href":"https:\/\/roveyayinevi.com.tr\/index.php\/wp-json\/wp\/v2\/media?parent=762058"}],"wp:term":[{"taxonomy":"product_brand","embeddable":true,"href":"https:\/\/roveyayinevi.com.tr\/index.php\/wp-json\/wp\/v2\/product_brand?post=762058"},{"taxonomy":"product_cat","embeddable":true,"href":"https:\/\/roveyayinevi.com.tr\/index.php\/wp-json\/wp\/v2\/product_cat?post=762058"},{"taxonomy":"product_tag","embeddable":true,"href":"https:\/\/roveyayinevi.com.tr\/index.php\/wp-json\/wp\/v2\/product_tag?post=762058"}],"curies":[{"name":"wp","href":"https:\/\/api.w.org\/{rel}","templated":true}]}}