{"id":762053,"date":"2025-08-28T09:56:39","date_gmt":"2025-08-28T06:56:39","guid":{"rendered":"https:\/\/roveyayinevi.com.tr\/index.php\/urun\/ekranin-ardinda-davranissal-bagimliliklari-anlamak-ve-calismak\/"},"modified":"2026-04-15T03:27:09","modified_gmt":"2026-04-15T00:27:09","slug":"ekranin-ardinda-davranissal-bagimliliklari-anlamak-ve-calismak","status":"publish","type":"product","link":"https:\/\/roveyayinevi.com.tr\/index.php\/urun\/ekranin-ardinda-davranissal-bagimliliklari-anlamak-ve-calismak\/","title":{"rendered":"Ekran\u0131n Ard\u0131nda Davran\u0131\u015fsal Ba\u011f\u0131ml\u0131l\u0131klar\u0131 Anlamak ve \u00c7al\u0131\u015fmak"},"content":{"rendered":"<p>Ekran\u0131n Ard\u0131nda: Davran\u0131\u015fsal Ba\u011f\u0131ml\u0131l\u0131klar\u0131 Anlamak ve \u00c7al\u0131\u015fmak adl\u0131 kitab\u0131n i\u00e7indeki bilgiler, insani zay\u0131fl\u0131klar\u0131n nas\u0131l s\u00f6m\u00fcr\u00fcld\u00fc\u011f\u00fc ve bu zaaflar\u0131n ne \u015fekilde paraya d\u00f6n\u00fc\u015ft\u00fcr\u00fcld\u00fc\u011f\u00fcn\u00fc, s\u00fcrekli de\u011fi\u015fen, geni\u015fleyen dijital ortam\u0131n zorluklar\u0131yla ba\u015f edebilmeyi \u00f6\u011frenebilmek i\u00e7in olduk\u00e7a \u00f6nemli. Bu kitap, davran\u0131\u015fsal ba\u011f\u0131ml\u0131l\u0131klar\u0131 anlama, iyile\u015ftirme ve \u00f6nleme yollar\u0131n\u0131 ortaya \u00e7\u0131karma konusunda bir rehberlik yap\u0131yor. Bu kitab\u0131n, T\u00fcrk okurlar\u0131n zihninde \u00f6nemli fark\u0131ndal\u0131klar uyand\u0131raca\u011f\u0131na eminim! Daniel Spritzer, Uluslararas\u0131 Davran\u0131\u015fsal Ba\u011f\u0131ml\u0131l\u0131k \u00c7al\u0131\u015fmalar\u0131 Derne\u011fi&#8217;nin (ISSBA) Y\u00f6netim Kurulu \u00dcyesi &amp; Davran\u0131\u015fsal Ba\u011f\u0131ml\u0131l\u0131klar Dergisi Yay\u0131n Kurulu \u00dcyesi Bu kitap, davran\u0131\u015fsal ba\u011f\u0131ml\u0131l\u0131klar\u0131 derinlemesine ele alarak dijital \u00e7a\u011f\u0131m\u0131za h\u00e2kim olan oyun, pornografi ve kumar konular\u0131 ile ilgili kapsaml\u0131 bilgiler sunmaktad\u0131r. En son ara\u015ft\u0131rmalardan ve uzman g\u00f6r\u00fc\u015flerinden yararlanarak yaz\u0131lan b\u00f6l\u00fcmleriyle bu kitap, davran\u0131\u015fsal ba\u011f\u0131ml\u0131l\u0131klarla ilgili sorulara yan\u0131t verirken klinisyen ve ara\u015ft\u0131rmac\u0131lara da rehberlik edecektir.  Hakan T\u00fcrk\u00e7apar, Psikiyatri Profes\u00f6r\u00fc, Bili\u015fsel Davran\u0131\u015f\u00e7\u0131 Psikoterapiler Derne\u011fi Ba\u015fkan\u0131 Selin Tutku Tabur, Klinik Psikolog Psikolojik zorlanmalar aras\u0131nda baz\u0131lar\u0131 vard\u0131r ki toplumun \u00f6nemli bir k\u0131sm\u0131 taraf\u0131ndan horlan\u0131r ya da \u00f6nemsizle\u015ftirilir. Bu eserin i\u00e7eri\u011fini olu\u015fturan cinsellik, kumar ve oyun ba\u011f\u0131ml\u0131l\u0131\u011f\u0131 da bunlar\u0131n ba\u015f\u0131nda gelmektedir. Oysa bu durumlarla i\u00e7 i\u00e7e olan bireylerin \u00f6ncelikle kendileri, sonras\u0131nda da \u00e7evreleri taraf\u0131ndan anla\u015f\u0131lmaya ihtiya\u00e7lar\u0131 vard\u0131r. Bu k\u0131ymetli eserde tecr\u00fcbeli meslekta\u015flar\u0131m\u0131z kayda de\u011fer bir birikim ortaya koyuyorlar. Konuyla ilgili olan herkes i\u00e7in okunmaya de\u011fer bir eseri elinizde tutuyorsunuz. K. Fatih Yavuz, Ba\u011flamsal Bilimler ve Psikoterapiler Derne\u011fi Ba\u015fkan\u0131 ve Cansa\u011fl\u0131\u011f\u0131 Vakf\u0131, Ba\u011flamsal Davran\u0131\u015f Bilimleri Merkezi (BA\u011eDAM) Direkt\u00f6r\u00fc Bu kitap, g\u00fcn\u00fcm\u00fcz\u00fcn h\u0131zla de\u011fi\u015fen d\u00fcnyas\u0131nda ortaya \u00e7\u0131kan tehlikeli ba\u011f\u0131ml\u0131l\u0131klara bir \u0131\u015f\u0131k tutmaktad\u0131r. Oyun, kumar ve cinsellik gibi cazip ancak sinsi tuzaklar, bir\u00e7ok insan\u0131n ya\u015fam\u0131n\u0131 k\u00f6kten de\u011fi\u015ftirmektedir. Yazarlar, bilimsel ara\u015ft\u0131rmalar \u0131\u015f\u0131\u011f\u0131nda, bu ba\u011f\u0131ml\u0131l\u0131klar\u0131n nas\u0131l ba\u015flad\u0131\u011f\u0131n\u0131, nas\u0131l geli\u015fti\u011fini ve nas\u0131l kontrol alt\u0131na al\u0131nabilece\u011fini incelemektedir. Ba\u011f\u0131ml\u0131l\u0131\u011f\u0131n yaratt\u0131\u011f\u0131 y\u0131k\u0131c\u0131 etkilerle ba\u015f etmek i\u00e7in bu kitap bir rehber niteli\u011fi ta\u015f\u0131maktad\u0131r.  \u0130lyas Kaya, \u0130stanbul \u00dcniversitesi \u0130stanbul T\u0131p Fak\u00fcltesi \u00c7ocuk ve Ergen Ruh Sa\u011fl\u0131\u011f\u0131 Hastal\u0131klar\u0131 Anabilim Dal\u0131 \u00d6\u011fretim \u00dcyesi<\/p>\n","protected":false},"excerpt":{"rendered":"<p>Ekran\u0131n Ard\u0131nda: Davran\u0131\u015fsal Ba\u011f\u0131ml\u0131l\u0131klar\u0131 Anlamak ve \u00c7al\u0131\u015fmak adl\u0131 kitab\u0131n i\u00e7indeki bilgiler, insani zay\u0131fl\u0131klar\u0131n nas\u0131l s\u00f6m\u00fcr\u00fcld\u00fc\u011f\u00fc ve bu zaaflar\u0131n ne \u015fekilde paraya d\u00f6n\u00fc\u015ft\u00fcr\u00fcld\u00fc\u011f\u00fcn\u00fc, s\u00fcrekli de\u011fi\u015fen, geni\u015fleyen dijital<span class=\"excerpt-hellip\"> [\u2026]<\/span><\/p>\n","protected":false},"featured_media":0,"template":"","meta":{"_monsterinsights_skip_tracking":false,"_monsterinsights_sitenote_active":false,"_monsterinsights_sitenote_note":"","_monsterinsights_sitenote_category":0},"product_brand":[],"product_cat":[12357],"product_tag":[],"class_list":{"0":"post-762053","1":"product","2":"type-product","3":"status-publish","5":"product_cat-psikoloji","6":"pa_cilt-ciltsiz","7":"pa_tur-kitap","8":"pa_yayinevi-ibn-haldun-universitesi-yayinlari","9":"pa_yazar-kolektif","11":"first","12":"instock","13":"sale","14":"shipping-taxable","15":"purchasable","16":"product-type-simple"},"_links":{"self":[{"href":"https:\/\/roveyayinevi.com.tr\/index.php\/wp-json\/wp\/v2\/product\/762053","targetHints":{"allow":["GET"]}}],"collection":[{"href":"https:\/\/roveyayinevi.com.tr\/index.php\/wp-json\/wp\/v2\/product"}],"about":[{"href":"https:\/\/roveyayinevi.com.tr\/index.php\/wp-json\/wp\/v2\/types\/product"}],"wp:attachment":[{"href":"https:\/\/roveyayinevi.com.tr\/index.php\/wp-json\/wp\/v2\/media?parent=762053"}],"wp:term":[{"taxonomy":"product_brand","embeddable":true,"href":"https:\/\/roveyayinevi.com.tr\/index.php\/wp-json\/wp\/v2\/product_brand?post=762053"},{"taxonomy":"product_cat","embeddable":true,"href":"https:\/\/roveyayinevi.com.tr\/index.php\/wp-json\/wp\/v2\/product_cat?post=762053"},{"taxonomy":"product_tag","embeddable":true,"href":"https:\/\/roveyayinevi.com.tr\/index.php\/wp-json\/wp\/v2\/product_tag?post=762053"}],"curies":[{"name":"wp","href":"https:\/\/api.w.org\/{rel}","templated":true}]}}