{"id":762052,"date":"2025-08-28T09:56:38","date_gmt":"2025-08-28T06:56:38","guid":{"rendered":"https:\/\/roveyayinevi.com.tr\/index.php\/urun\/hacker-bir-sibermafya-patronunun-gercek-oykusu\/"},"modified":"2026-04-15T03:27:09","modified_gmt":"2026-04-15T00:27:09","slug":"hacker-bir-sibermafya-patronunun-gercek-oykusu","status":"publish","type":"product","link":"https:\/\/roveyayinevi.com.tr\/index.php\/urun\/hacker-bir-sibermafya-patronunun-gercek-oykusu\/","title":{"rendered":"Hacker: Bir Sibermafya Patronunun Ger\u00e7ek \u00d6yk\u00fcs\u00fc"},"content":{"rendered":"<p>Bir Hacker\u0131n Siber Su\u00e7 Yeralt\u0131 D\u00fcnyas\u0131n\u0131 Ele Ge\u00e7iri\u015fi   Hackerlar\u0131n yeralt\u0131 d\u00fcnyas\u0131nda s\u00f6ylentiler yeni bir vir\u00fcs gibi h\u0131zla yay\u0131ld\u0131: Birileri \u2013d\u00e2hi ve y\u00fcrekli bir su\u00e7lu\u2013 ABD ekonomisinden her y\u0131l milyarlarca dolar \u00e7eken bir internet \u015febekesini tek ba\u015f\u0131na ele ge\u00e7irmi\u015fti!   Bu yeni eleba\u015f\u0131n\u0131 yakalamak i\u00e7in FBI h\u0131rsl\u0131 bir operasyon ba\u015flatt\u0131. D\u00fcnyan\u0131n \u00e7e\u015fitli emniyet birimleri de k\u00f6stebek ve \u00e7ift tarafl\u0131 ajanlar\u0131n\u0131 kulland\u0131lar. Siberpolisler hi\u00e7bir \u015feyden \u015f\u00fcphelenmeyen d\u00fczinelerce hacker\u0131 yakalad\u0131lar. Ancak her defas\u0131nda as\u0131l hedefleri, muhbirleri fark edip ka\u00e7may\u0131 ba\u015farabildi.    Arad\u0131klar\u0131 ki\u015fi al\u0131\u015f\u0131ld\u0131k bir su\u00e7lu de\u011fildi: \u00c7ifte hayat s\u00fcren d\u00e2hi bir programc\u0131yd\u0131. Tan\u0131nm\u0131\u015f bir \u201cbeyaz \u015fapkal\u0131\u201d hacker olarak bilgisayar d\u00fcnyas\u0131na ve hatta FBI\u2019a yard\u0131m eden \u00fcnl\u00fc bir bilgisayar programc\u0131s\u0131yd\u0131. Ancak \u201csiyah \u015fapkal\u0131\u201d hacker \u201cIceman\u201d olarak veri h\u0131rs\u0131zl\u0131\u011f\u0131 d\u00fcnyas\u0131nda becerilerini test etmeden duram\u0131yordu. ABD \u00e7ap\u0131nda binlerce bilgisayara girip milyonlarca kredi kart\u0131 numaras\u0131n\u0131 zahmetsizce \u00e7al\u0131yordu. Onun gibi hackerlar\u0131n \u00e7ald\u0131klar\u0131n\u0131 burunlar\u0131n\u0131n dibinden tekrar \u00e7al\u0131yordu. A\u011fz\u0131 \u00e7ok laf yapan bir doland\u0131r\u0131c\u0131yla birlikte bir su\u00e7 \u015febekesini y\u00f6netiyordu.    Y\u0131llar boyunca da su\u00e7 hayat\u0131n\u0131 s\u00fcrd\u00fcrd\u00fc.   Etraf\u0131ndaki hackerlar\u0131n verimsiz \u00e7al\u0131\u015fmalar\u0131n\u0131, tart\u0131\u015fmalar\u0131n\u0131, i\u00e7lerinde muhbirler bar\u0131nd\u0131rmalar\u0131n\u0131 g\u00f6r\u00fcnce bir karar verdi: Bir darbe yap\u0131p hacker d\u00fcnyas\u0131n\u0131 ele ge\u00e7irecek ve her \u015feyi olmas\u0131 gerekti\u011fi gibi y\u00f6netecekti.   Hacker, s\u0131radan Amerikal\u0131 gen\u00e7lerin Rus mafyas\u0131yla el ele \u00e7al\u0131\u015ft\u0131\u011f\u0131 ve basit bir Wi-Fi ba\u011flant\u0131s\u0131n\u0131n milyonlarca dolar\u0131n kayna\u011f\u0131 oldu\u011fu ak\u0131l almaz bir hik\u00e2ye.      \u201cUstaca anlat\u0131lm\u0131\u015f&#8230; Macera romanlar\u0131na yara\u015f\u0131r bir kedi fare kovalamacas\u0131.\u201d San Francisco Chronicle   \u201cPoulsen, hacker d\u00fcnyas\u0131n\u0131 o kadar ustaca anlat\u0131yor ki son sayfaya dek \u00e7evrimd\u0131\u015f\u0131 olamayacaks\u0131n\u0131z.\u201d Publishers Weekly   \u201cHer ne kadar siber su\u00e7lar\u0131 ve kredi kart\u0131 hackerl\u0131\u011f\u0131 i\u00e7in hapis cezas\u0131 alm\u0131\u015f olsa da \u2018Max Vision\u2019\u0131 sevmemek zor. Bu al\u0131\u015f\u0131lmad\u0131k d\u00e2hinin muziplikleri ve FBI\u2019\u0131n onu bulma \u00e7abalar\u0131, elinizden b\u0131rakamayaca\u011f\u0131n\u0131z bu kitapta birle\u015fiyor.\u201d Newark Star-Ledger    \u201cMerhaba Hollywood, Kevin Poulsen\u2019\u0131n size anlatacaklar\u0131 var.\u201d San Francisco Chronicle   \u201cBu kitab\u0131n uzun s\u00fcre okunmas\u0131n\u0131 sa\u011flayacak \u015fey, Poulsen\u2019\u0131n hacker d\u00fcnyas\u0131n\u0131n ideolojik ve k\u00fc\u00e7\u00fck ba\u015flang\u0131c\u0131ndan k\u00fcresel su\u00e7 \u00f6rg\u00fctlerine d\u00f6n\u00fc\u015f\u00fcm\u00fcn\u00fc ustaca anlat\u0131yor olmas\u0131.\u201d Atlantic   \u201cHacker\u2019\u0131n ba\u015frol\u00fcnde d\u00e2hi bilgisayar programc\u0131lar\u0131 ve onlara yard\u0131m eden kad\u0131nlar var. D\u00fc\u015fmanlar\u0131 da siberd\u00fcnyan\u0131n gizli polisleri. Kevin Poulsen bu fig\u00fcrlere o kadar yakla\u015fm\u0131\u015f ki nefeslerini hissedebiliyor, kelep\u00e7elerin sesini i\u015fitebiliyorsunuz. Ba\u015fka hi\u00e7bir kitap modern su\u00e7 d\u00fcnyas\u0131na bu kadar yakla\u015famam\u0131\u015ft\u0131r.\u201d Bruce Sterling, Hugo \u00f6d\u00fcll\u00fc romanc\u0131   \u201cHeyecanl\u0131 bir polisiye, ilgin\u00e7 bir psikolojik de\u011ferlendirme ve okudu\u011fum en derinlikli hacker k\u00fclt\u00fcr\u00fc \u00f6yk\u00fcs\u00fc\u2026 Poulsen, bu ultramodern bilgisayar su\u00e7lar\u0131n\u0131n arkas\u0131ndaki teknolojiyi ustal\u0131kla a\u00e7\u0131kl\u0131yor ve hackerlar\u0131n kabiliyetlerini g\u00f6zler \u00f6n\u00fcne seriyor.\u201d Annalee Newitz, \u0130o9   \u201cBir William Gibson roman\u0131n\u0131n yo\u011funlu\u011fu ve yaratt\u0131\u011f\u0131 \u015fok etkisiyle Kevin Poulsen hackerlar\u0131n yeralt\u0131 d\u00fcnyas\u0131n\u0131 ve en \u00fcst\u00fcn b\u00fcy\u00fcc\u00fcs\u00fcn\u00fc anlat\u0131yor.\u201d Steven Levy   \u201cCanl\u0131 ve e\u011flenceli bir hik\u00e2ye.\u201d The New York Times   \u201cABD\u2019deki \u00fcst d\u00fczey bir siber su\u00e7lunun bug\u00fcne kadar yaz\u0131lm\u0131\u015f en detayl\u0131 portresi. Hi\u00e7 kimse hackerlar hakk\u0131nda Kevin Poulsen\u2019dan daha yetkin bir \u015fekilde yazamaz.\u201d Joseph Menn   \u201cPolislerin y\u00f6ntemsel gelene\u011finden ilham alan Kevin Poulsen, su\u00e7lular ve onlarla sava\u015fanlar\u0131n y\u00f6ntemleri ile teknolojilerini a\u00e7\u0131kl\u0131yor. Ayn\u0131 zamanda gri \u015fapkal\u0131 Max Vision\u2019\u0131n karakter \u00e7al\u0131\u015fmas\u0131n\u0131 da i\u015fliyor.\u201d Jonathan Zittrain   \u201cBildi\u011fimiz, ticari internetin alt\u0131nda yatan karanl\u0131k internetin muhte\u015fem bir turu. Kevin Poulsen o d\u00fcnyay\u0131 tan\u0131yan nadir insanlardan: doland\u0131r\u0131c\u0131lar, doland\u0131r\u0131c\u0131lar\u0131 doland\u0131ranlar ve hepsini yakalamaya \u00e7al\u0131\u015fan polisler. Hacker, paralel bir i\u015f d\u00fcnyas\u0131n\u0131 anlat\u0131yor. Dijital d\u00fcnyan\u0131n kontrol\u00fcn\u00fc elde etmek i\u00e7in DarkCyd, Matrix ve Ghost23 gibi karakterler birbirleriyle kap\u0131\u015f\u0131yor.\u201d Ellen Ullman<\/p>\n","protected":false},"excerpt":{"rendered":"<p>Bir Hacker\u0131n Siber Su\u00e7 Yeralt\u0131 D\u00fcnyas\u0131n\u0131 Ele Ge\u00e7iri\u015fi Hackerlar\u0131n yeralt\u0131 d\u00fcnyas\u0131nda s\u00f6ylentiler yeni bir vir\u00fcs gibi h\u0131zla yay\u0131ld\u0131: Birileri \u2013d\u00e2hi ve y\u00fcrekli bir su\u00e7lu\u2013 ABD ekonomisinden<span class=\"excerpt-hellip\"> [\u2026]<\/span><\/p>\n","protected":false},"featured_media":0,"template":"","meta":{"_monsterinsights_skip_tracking":false,"_monsterinsights_sitenote_active":false,"_monsterinsights_sitenote_note":"","_monsterinsights_sitenote_category":0},"product_brand":[],"product_cat":[13005,18664],"product_tag":[],"class_list":{"0":"post-762052","1":"product","2":"type-product","3":"status-publish","5":"product_cat-bilim-muhendislik","6":"product_cat-muhendislik","7":"pa_cilt-ciltsiz","8":"pa_tur-kitap","9":"pa_yayinevi-pegasus-yayinlari","10":"pa_yazar-kevin-pulsen","12":"first","13":"instock","14":"sale","15":"shipping-taxable","16":"purchasable","17":"product-type-simple"},"_links":{"self":[{"href":"https:\/\/roveyayinevi.com.tr\/index.php\/wp-json\/wp\/v2\/product\/762052","targetHints":{"allow":["GET"]}}],"collection":[{"href":"https:\/\/roveyayinevi.com.tr\/index.php\/wp-json\/wp\/v2\/product"}],"about":[{"href":"https:\/\/roveyayinevi.com.tr\/index.php\/wp-json\/wp\/v2\/types\/product"}],"wp:attachment":[{"href":"https:\/\/roveyayinevi.com.tr\/index.php\/wp-json\/wp\/v2\/media?parent=762052"}],"wp:term":[{"taxonomy":"product_brand","embeddable":true,"href":"https:\/\/roveyayinevi.com.tr\/index.php\/wp-json\/wp\/v2\/product_brand?post=762052"},{"taxonomy":"product_cat","embeddable":true,"href":"https:\/\/roveyayinevi.com.tr\/index.php\/wp-json\/wp\/v2\/product_cat?post=762052"},{"taxonomy":"product_tag","embeddable":true,"href":"https:\/\/roveyayinevi.com.tr\/index.php\/wp-json\/wp\/v2\/product_tag?post=762052"}],"curies":[{"name":"wp","href":"https:\/\/api.w.org\/{rel}","templated":true}]}}