{"id":762051,"date":"2025-08-28T09:56:37","date_gmt":"2025-08-28T06:56:37","guid":{"rendered":"https:\/\/roveyayinevi.com.tr\/index.php\/urun\/istihbarat-savaslari-2\/"},"modified":"2026-04-15T03:27:09","modified_gmt":"2026-04-15T00:27:09","slug":"istihbarat-savaslari-2","status":"publish","type":"product","link":"https:\/\/roveyayinevi.com.tr\/index.php\/urun\/istihbarat-savaslari-2\/","title":{"rendered":"\u0130stihbarat Sava\u015flar\u0131"},"content":{"rendered":"<p>Ge\u00e7mi\u015ften g\u00fcn\u00fcm\u00fcze, devletleri g\u00fc\u00e7l\u00fc k\u0131lan faaliyetlerin en \u00f6nemli unsuru istihbarat te\u015fkilatlar\u0131 olmu\u015ftur. 20. yy, d\u00fcnyada istihbarat te\u015fkilatlar\u0131n\u0131n h\u0131zla geli\u015fmesini sa\u011flasa da en eski T\u00fcrk tarihindeki B\u00f6r\u00fc Budun gibi derin devlet mekanizmas\u0131n\u0131 kurup istihbarat \u00e7ark\u0131n\u0131 \u00e7eviren yap\u0131lanmalar da vard\u0131r. Bunlar, II. Ad\u00fclhamid d\u00f6neminde kurulan Y\u0131ld\u0131z \u0130stihbarat Te\u015fkilat\u0131 ve g\u00fcn\u00fcm\u00fczde kurulan Milli \u0130stihbarat Te\u015fkilat\u0131 olarak varl\u0131\u011f\u0131n\u0131 s\u00fcrd\u00fcrmektedir.Casuslar ve istihbarat \u00f6rg\u00fctleri hakk\u0131nda toplumun zihninde yer etmi\u015f sorulara cevap arayan bu \u00e7al\u0131\u015fma istihbarat\u0131n do\u011fu\u015funa, tarihsel geli\u015fimine, \u00e7al\u0131\u015fma y\u00f6ntemine ve casusluk faaliyetlerine \u0131\u015f\u0131k tutmaktad\u0131r. \u0130stihbarat tarihine ad\u0131n\u0131 kal\u0131n harflerle yazd\u0131rm\u0131\u015f \u00fcnl\u00fc casuslar, \u00f6rne\u011fine ancak filmlerde rastlanacak gizli operasyonlar, alg\u0131 ajanlar\u0131n\u0131n perde arkas\u0131 operasyonlar\u0131, bal tuza\u011f\u0131 operasyonlar\u0131 ile devlet yetkililerinin ve b\u00fcrokratlar\u0131n tuza\u011fa d\u00fc\u015f\u00fcr\u00fclmesi, istihbarat te\u015fkilatlar\u0131n\u0131n bilinmeyenlerini bu kitapta hayretle okuyacaks\u0131n\u0131z.<\/p>\n","protected":false},"excerpt":{"rendered":"<p>Ge\u00e7mi\u015ften g\u00fcn\u00fcm\u00fcze, devletleri g\u00fc\u00e7l\u00fc k\u0131lan faaliyetlerin en \u00f6nemli unsuru istihbarat te\u015fkilatlar\u0131 olmu\u015ftur. 20. yy, d\u00fcnyada istihbarat te\u015fkilatlar\u0131n\u0131n h\u0131zla geli\u015fmesini sa\u011flasa da en eski T\u00fcrk tarihindeki B\u00f6r\u00fc<span class=\"excerpt-hellip\"> [\u2026]<\/span><\/p>\n","protected":false},"featured_media":0,"template":"","meta":{"_monsterinsights_skip_tracking":false,"_monsterinsights_sitenote_active":false,"_monsterinsights_sitenote_note":"","_monsterinsights_sitenote_category":0},"product_brand":[],"product_cat":[12370,12304],"product_tag":[],"class_list":{"0":"post-762051","1":"product","2":"type-product","3":"status-publish","5":"product_cat-arastirma-inceleme","6":"product_cat-tarih","7":"pa_cilt-ciltsiz","8":"pa_tur-kitap","9":"pa_yayinevi-eftalya-kitap","10":"pa_yazar-kursad-berkkan","12":"first","13":"instock","14":"sale","15":"shipping-taxable","16":"purchasable","17":"product-type-simple"},"_links":{"self":[{"href":"https:\/\/roveyayinevi.com.tr\/index.php\/wp-json\/wp\/v2\/product\/762051","targetHints":{"allow":["GET"]}}],"collection":[{"href":"https:\/\/roveyayinevi.com.tr\/index.php\/wp-json\/wp\/v2\/product"}],"about":[{"href":"https:\/\/roveyayinevi.com.tr\/index.php\/wp-json\/wp\/v2\/types\/product"}],"wp:attachment":[{"href":"https:\/\/roveyayinevi.com.tr\/index.php\/wp-json\/wp\/v2\/media?parent=762051"}],"wp:term":[{"taxonomy":"product_brand","embeddable":true,"href":"https:\/\/roveyayinevi.com.tr\/index.php\/wp-json\/wp\/v2\/product_brand?post=762051"},{"taxonomy":"product_cat","embeddable":true,"href":"https:\/\/roveyayinevi.com.tr\/index.php\/wp-json\/wp\/v2\/product_cat?post=762051"},{"taxonomy":"product_tag","embeddable":true,"href":"https:\/\/roveyayinevi.com.tr\/index.php\/wp-json\/wp\/v2\/product_tag?post=762051"}],"curies":[{"name":"wp","href":"https:\/\/api.w.org\/{rel}","templated":true}]}}