{"id":762050,"date":"2025-08-28T09:56:35","date_gmt":"2025-08-28T06:56:35","guid":{"rendered":"https:\/\/roveyayinevi.com.tr\/index.php\/urun\/uyandim-dunya-diye-bir-yerdeyim\/"},"modified":"2026-02-02T03:21:42","modified_gmt":"2026-02-02T00:21:42","slug":"uyandim-dunya-diye-bir-yerdeyim","status":"publish","type":"product","link":"https:\/\/roveyayinevi.com.tr\/index.php\/urun\/uyandim-dunya-diye-bir-yerdeyim\/","title":{"rendered":"Uyand\u0131m D\u00fcnya Diye Bir Yerdeyim"},"content":{"rendered":"<p>Usta \u015fair Mustafa K\u00f6z, Uyand\u0131m, D\u00fcnya Diye Bir Yerdeyim adl\u0131 yeni \u015fiir kitab\u0131nda kaybedilen \u00e7ocuklar\u0131n\u0131 umutla arayan Cumartesi Anneleri\u2019nin 1000 haftad\u0131r s\u00fcrd\u00fcrd\u00fc\u011f\u00fc m\u00fccadelelerini g\u00f6rkemli bir \u015fiir an\u0131t\u0131na d\u00f6n\u00fc\u015ft\u00fcr\u00fcyor. Mustafa K\u00f6z, kitapta yer alan \u015fiirleri \u201cO \u00e7ocuklar\u0131n taptaze an\u0131lar\u0131na, u\u00e7suz bucaks\u0131z d\u00fc\u015flerine k\u00fc\u00e7\u00fcc\u00fck bir anda\u00e7 olsun, unutulmas\u0131nlar diye\u2026\u201d yazd\u0131\u011f\u0131n\u0131 belirtiyor kitab\u0131n son s\u00f6z\u00fcnde. Kitapta Kenan Y\u00fccel\u2019in iki deseni yer al\u0131yor.Kitaptan tad\u0131ml\u0131k bir \u015fiir:Geldim i\u015fte o\u011ful, yoksunkalmad\u0131 r\u00fczg\u00e2r\u0131nda \u00e7\u0131rp\u0131nmad\u0131\u011f\u0131m kap\u0131,d\u00f6kmedi\u011fim dil\u201cBizde yok!\u201d diyorlar, \u201cAlmad\u0131k o\u011flunu biz.\u201dYoksun, d\u00f6nm\u00fcyor hi\u00e7bir k\u0131rlang\u0131\u00e7, g\u00f6lgesineyoksun, da\u011f\u0131lm\u0131\u015f kar\u0131ncalar\u0131n yuvas\u0131yoksun, g\u00f6mleklerinin s\u0131ca\u011f\u0131yla \u0131s\u0131n\u0131yor ellerimyoksun, s\u00f6zc\u00fcklerin g\u00fcm\u00fc\u015f b\u0131\u00e7aklar,parlay\u0131p s\u00f6n\u00fcyor gecede.O\u011flum, D\u00fczg\u00fcn\u2019\u00fcm, nerdesin?\u00c7i\u00e7ek a\u00e7t\u0131 sonsuzlu\u011fa b\u0131rakt\u0131\u011f\u0131m testi.<\/p>\n","protected":false},"excerpt":{"rendered":"<p>Usta \u015fair Mustafa K\u00f6z, Uyand\u0131m, D\u00fcnya Diye Bir Yerdeyim adl\u0131 yeni \u015fiir kitab\u0131nda kaybedilen \u00e7ocuklar\u0131n\u0131 umutla arayan Cumartesi Anneleri\u2019nin 1000 haftad\u0131r s\u00fcrd\u00fcrd\u00fc\u011f\u00fc m\u00fccadelelerini g\u00f6rkemli bir \u015fiir<span class=\"excerpt-hellip\"> [\u2026]<\/span><\/p>\n","protected":false},"featured_media":0,"template":"","meta":{"_monsterinsights_skip_tracking":false,"_monsterinsights_sitenote_active":false,"_monsterinsights_sitenote_note":"","_monsterinsights_sitenote_category":0},"product_brand":[],"product_cat":[12291,12509],"product_tag":[],"class_list":{"0":"post-762050","1":"product","2":"type-product","3":"status-publish","5":"product_cat-edebiyat","6":"product_cat-siir","7":"pa_cilt-ciltsiz","8":"pa_tur-kitap","9":"pa_yayinevi-ve-yayinevi","10":"pa_yazar-mustafa-koz","12":"first","13":"instock","14":"sale","15":"shipping-taxable","16":"purchasable","17":"product-type-simple"},"_links":{"self":[{"href":"https:\/\/roveyayinevi.com.tr\/index.php\/wp-json\/wp\/v2\/product\/762050","targetHints":{"allow":["GET"]}}],"collection":[{"href":"https:\/\/roveyayinevi.com.tr\/index.php\/wp-json\/wp\/v2\/product"}],"about":[{"href":"https:\/\/roveyayinevi.com.tr\/index.php\/wp-json\/wp\/v2\/types\/product"}],"wp:attachment":[{"href":"https:\/\/roveyayinevi.com.tr\/index.php\/wp-json\/wp\/v2\/media?parent=762050"}],"wp:term":[{"taxonomy":"product_brand","embeddable":true,"href":"https:\/\/roveyayinevi.com.tr\/index.php\/wp-json\/wp\/v2\/product_brand?post=762050"},{"taxonomy":"product_cat","embeddable":true,"href":"https:\/\/roveyayinevi.com.tr\/index.php\/wp-json\/wp\/v2\/product_cat?post=762050"},{"taxonomy":"product_tag","embeddable":true,"href":"https:\/\/roveyayinevi.com.tr\/index.php\/wp-json\/wp\/v2\/product_tag?post=762050"}],"curies":[{"name":"wp","href":"https:\/\/api.w.org\/{rel}","templated":true}]}}