{"id":762049,"date":"2025-08-28T09:56:33","date_gmt":"2025-08-28T06:56:33","guid":{"rendered":"https:\/\/roveyayinevi.com.tr\/index.php\/urun\/gumus-yurek-1-kayip-dunyanin-baslangici-ciltli\/"},"modified":"2026-04-15T03:27:09","modified_gmt":"2026-04-15T00:27:09","slug":"gumus-yurek-1-kayip-dunyanin-baslangici-ciltli","status":"publish","type":"product","link":"https:\/\/roveyayinevi.com.tr\/index.php\/urun\/gumus-yurek-1-kayip-dunyanin-baslangici-ciltli\/","title":{"rendered":"G\u00fcm\u00fc\u015f Y\u00fcrek 1: Kay\u0131p D\u00fcnyan\u0131n Ba\u015flang\u0131c\u0131 (Ciltli)"},"content":{"rendered":"<p>\u201cBen Eira Morwen, d\u00f6nmenin bir yolunu \u00f6\u011frenece\u011fim. Ancak her \u015feyini bilirsem b\u00fcy\u00fcyle ve korkun\u00e7 canavarlarla dolu bu d\u00fcnyan\u0131n giri\u015fini de \u00e7\u0131k\u0131\u015f\u0131n\u0131 da bulabilirim.\u201d\u00c7evresindeki a\u011fa\u00e7lar ayn\u0131 g\u00f6z\u00fckse de ayn\u0131 de\u011fildi. Uzaktaki da\u011flar bildi\u011finden daha so\u011fuk, ayn\u0131 hissettiren r\u00fczg\u00e2r tan\u0131d\u0131\u011f\u0131 r\u00fczg\u00e2rdan \u00e7ok ba\u015fkayd\u0131.K\u0131\u015f Bayram\u0131\u2019n\u0131 ge\u00e7irmek i\u00e7in G\u00fcm\u00fc\u015ftepe\u2019ye giden Eira, yapt\u0131klar\u0131 y\u00fcr\u00fcy\u00fc\u015f s\u0131ras\u0131nda karde\u015fi ile ayr\u0131 d\u00fc\u015fm\u00fc\u015f ve kendini bamba\u015fka bir d\u00fcnyada bulmu\u015ftu. Uzun y\u0131llar \u00f6nce insanlara unutturulan b\u00fcy\u00fc, burada oldu\u011fu gibi duruyordu. Eira\u2019y\u0131 ise uzun, zorlu ve tehlikeli bir yolculuk bekliyordu.\u201cBana her \u015feyi anlat. Bana d\u00fcnyan\u0131zla ilgili her \u015feyi, en k\u00fc\u00e7\u00fck detay\u0131na kadar anlat.\u201d<\/p>\n","protected":false},"excerpt":{"rendered":"<p>\u201cBen Eira Morwen, d\u00f6nmenin bir yolunu \u00f6\u011frenece\u011fim. Ancak her \u015feyini bilirsem b\u00fcy\u00fcyle ve korkun\u00e7 canavarlarla dolu bu d\u00fcnyan\u0131n giri\u015fini de \u00e7\u0131k\u0131\u015f\u0131n\u0131 da bulabilirim.\u201d\u00c7evresindeki a\u011fa\u00e7lar ayn\u0131 g\u00f6z\u00fckse<span class=\"excerpt-hellip\"> [\u2026]<\/span><\/p>\n","protected":false},"featured_media":0,"template":"","meta":{"_monsterinsights_skip_tracking":false,"_monsterinsights_sitenote_active":false,"_monsterinsights_sitenote_note":"","_monsterinsights_sitenote_category":0},"product_brand":[],"product_cat":[12291,12711],"product_tag":[],"class_list":{"0":"post-762049","1":"product","2":"type-product","3":"status-publish","5":"product_cat-edebiyat","6":"product_cat-roman-oyku","7":"pa_cilt-ciltli","8":"pa_tur-kitap","9":"pa_yayinevi-guardian","10":"pa_yazar-d-n-archeron","12":"first","13":"instock","14":"sale","15":"shipping-taxable","16":"purchasable","17":"product-type-simple"},"_links":{"self":[{"href":"https:\/\/roveyayinevi.com.tr\/index.php\/wp-json\/wp\/v2\/product\/762049","targetHints":{"allow":["GET"]}}],"collection":[{"href":"https:\/\/roveyayinevi.com.tr\/index.php\/wp-json\/wp\/v2\/product"}],"about":[{"href":"https:\/\/roveyayinevi.com.tr\/index.php\/wp-json\/wp\/v2\/types\/product"}],"wp:attachment":[{"href":"https:\/\/roveyayinevi.com.tr\/index.php\/wp-json\/wp\/v2\/media?parent=762049"}],"wp:term":[{"taxonomy":"product_brand","embeddable":true,"href":"https:\/\/roveyayinevi.com.tr\/index.php\/wp-json\/wp\/v2\/product_brand?post=762049"},{"taxonomy":"product_cat","embeddable":true,"href":"https:\/\/roveyayinevi.com.tr\/index.php\/wp-json\/wp\/v2\/product_cat?post=762049"},{"taxonomy":"product_tag","embeddable":true,"href":"https:\/\/roveyayinevi.com.tr\/index.php\/wp-json\/wp\/v2\/product_tag?post=762049"}],"curies":[{"name":"wp","href":"https:\/\/api.w.org\/{rel}","templated":true}]}}