{"id":762046,"date":"2025-08-28T09:56:28","date_gmt":"2025-08-28T06:56:28","guid":{"rendered":"https:\/\/roveyayinevi.com.tr\/index.php\/urun\/osmanli-devletinin-ilk-muderrisi-davud-kayseri\/"},"modified":"2026-04-15T03:27:09","modified_gmt":"2026-04-15T00:27:09","slug":"osmanli-devletinin-ilk-muderrisi-davud-kayseri","status":"publish","type":"product","link":"https:\/\/roveyayinevi.com.tr\/index.php\/urun\/osmanli-devletinin-ilk-muderrisi-davud-kayseri\/","title":{"rendered":"Osmanl\u0131 Devleti\u2019nin \u0130lk M\u00fcderrisi Davud Kayseri"},"content":{"rendered":"<p>D\u00e2v\u00fbd Kayser\u00ee, \u0130sl\u00e2m d\u00fc\u015f\u00fcnce tarihinin en \u00f6nemli isimlerinden biridir. Hayat\u0131n\u0131n b\u00fcy\u00fck bir k\u0131sm\u0131n\u0131 ilim pe\u015finde ko\u015farak ge\u00e7iren Kayser\u00ee, gerek matematik, geometri ve astronomi gibi akl\u00ee; gerekse tefsir, hadis, kel\u00e2m ve \u00f6zellikle de tasavvuf gibi d\u00een\u00ee ilimlerde kemale ula\u015fm\u0131\u015ft\u0131r. Bu sebeple Orhan Bey, etraf\u0131nda ba\u015fka pek \u00e7ok \u00e2lim ve s\u00fbf\u00ee bulunmas\u0131na ra\u011fmen, o s\u0131ralarda \u0130ran\u2019da ya\u015fayan Kayser\u00ee\u2019yi \u0130znik\u2019e davet etmi\u015f ve kendisini Osmanl\u0131 Devleti\u2019nin ilk medresesinde ba\u015f m\u00fcderris olarak g\u00f6revlendirmi\u015ftir. B\u00f6ylelikle bu b\u00fcy\u00fck \u00e2lim, devrinin en \u00f6nemli ilim adamlar\u0131ndan tev\u00e2r\u00fcs etti\u011fi ilm\u00ee ve m\u00e2nev\u00ee miras\u0131, Osmanl\u0131 medreselerine aktarm\u0131\u015f ve \u0130sl\u00e2m d\u00fc\u015f\u00fcnce gelene\u011finin devam\u0131 bak\u0131m\u0131ndan adeta bir k\u00f6pr\u00fc vazifesi g\u00f6rm\u00fc\u015ft\u00fcr. Bu kitab\u0131n amac\u0131, D\u00e2v\u00fbd Kayser\u00ee\u2019yi -akademik dili k\u0131smen hafifletmek suretiyle- ilim yolculu\u011funun ba\u015flang\u0131c\u0131ndaki gen\u00e7lere tan\u0131tmakt\u0131r. Kayser\u00ee\u2019nin kitaplar\u0131n\u0131 okumak isteyenlere yard\u0131mc\u0131 olmak maksad\u0131yla, \u00e7al\u0131\u015fman\u0131n sonuna kendi eserlerinden yola \u00e7\u0131k\u0131larak haz\u0131rlanan terimler s\u00f6zl\u00fc\u011f\u00fc eklenmi\u015ftir. <\/p>\n","protected":false},"excerpt":{"rendered":"<p>D\u00e2v\u00fbd Kayser\u00ee, \u0130sl\u00e2m d\u00fc\u015f\u00fcnce tarihinin en \u00f6nemli isimlerinden biridir. Hayat\u0131n\u0131n b\u00fcy\u00fck bir k\u0131sm\u0131n\u0131 ilim pe\u015finde ko\u015farak ge\u00e7iren Kayser\u00ee, gerek matematik, geometri ve astronomi gibi akl\u00ee; gerekse<span class=\"excerpt-hellip\"> [\u2026]<\/span><\/p>\n","protected":false},"featured_media":0,"template":"","meta":{"_monsterinsights_skip_tracking":false,"_monsterinsights_sitenote_active":false,"_monsterinsights_sitenote_note":"","_monsterinsights_sitenote_category":0},"product_brand":[],"product_cat":[12573,12566],"product_tag":[],"class_list":{"0":"post-762046","1":"product","2":"type-product","3":"status-publish","5":"product_cat-akademik-kitaplar","6":"product_cat-egitim","7":"pa_cilt-ciltsiz","8":"pa_tur-kitap","9":"pa_yayinevi-soncag-akademik-kitaplar","10":"pa_yazar-sema-ozdemir","12":"first","13":"instock","14":"sale","15":"shipping-taxable","16":"purchasable","17":"product-type-simple"},"_links":{"self":[{"href":"https:\/\/roveyayinevi.com.tr\/index.php\/wp-json\/wp\/v2\/product\/762046","targetHints":{"allow":["GET"]}}],"collection":[{"href":"https:\/\/roveyayinevi.com.tr\/index.php\/wp-json\/wp\/v2\/product"}],"about":[{"href":"https:\/\/roveyayinevi.com.tr\/index.php\/wp-json\/wp\/v2\/types\/product"}],"wp:attachment":[{"href":"https:\/\/roveyayinevi.com.tr\/index.php\/wp-json\/wp\/v2\/media?parent=762046"}],"wp:term":[{"taxonomy":"product_brand","embeddable":true,"href":"https:\/\/roveyayinevi.com.tr\/index.php\/wp-json\/wp\/v2\/product_brand?post=762046"},{"taxonomy":"product_cat","embeddable":true,"href":"https:\/\/roveyayinevi.com.tr\/index.php\/wp-json\/wp\/v2\/product_cat?post=762046"},{"taxonomy":"product_tag","embeddable":true,"href":"https:\/\/roveyayinevi.com.tr\/index.php\/wp-json\/wp\/v2\/product_tag?post=762046"}],"curies":[{"name":"wp","href":"https:\/\/api.w.org\/{rel}","templated":true}]}}