{"id":762045,"date":"2025-08-28T09:56:27","date_gmt":"2025-08-28T06:56:27","guid":{"rendered":"https:\/\/roveyayinevi.com.tr\/index.php\/urun\/kantin-etik-dusuncesi\/"},"modified":"2026-04-15T03:27:09","modified_gmt":"2026-04-15T00:27:09","slug":"kantin-etik-dusuncesi","status":"publish","type":"product","link":"https:\/\/roveyayinevi.com.tr\/index.php\/urun\/kantin-etik-dusuncesi\/","title":{"rendered":"Kant\u2019\u0131n Etik D\u00fc\u015f\u00fcncesi"},"content":{"rendered":"<p>\u201cA\u00e7\u0131k\u00e7a g\u00f6r\u00fcld\u00fc\u011f\u00fc \u00fczere, Kant\u2019\u0131n hem ahlaki ilkeleri hem de insan do\u011fas\u0131 kuram\u0131 sadece kendimizden duydu\u011fumuz ho\u015fnutsuzlu\u011fu art\u0131rmak i\u00e7in tasarlanm\u0131\u015ft\u0131r. Hegel\u2019in aksine, Kant i\u00e7in felsefenin vazifesi bizi insanl\u0131k durumuyla uzla\u015ft\u0131rmak de\u011fildir. Kant, rasyonel varl\u0131klar olarak durumumuzun tatminsizlik, kendine yabanc\u0131la\u015fma ve bitimsiz bir m\u00fccadele h\u00e2li olmas\u0131 gerekti\u011fini d\u00fc\u015f\u00fcn\u00fcr. Felsefe bunu a\u015fmaya \u00e7al\u0131\u015fmamal\u0131, yaln\u0131zca bu durumun ka\u00e7\u0131n\u0131lmazl\u0131\u011f\u0131yla ya\u015famam\u0131za ve daha da \u00f6nemlisi, bize bi\u00e7ilen bu ac\u0131l\u0131 vazifede ilerleme kaydetmemize yard\u0131mc\u0131 olmal\u0131d\u0131r.\u201d Allen Wood, Kant\u2019\u0131n Etik D\u00fc\u015f\u00fcncesi kitab\u0131nda, modern d\u00f6nemin en \u00f6nemli filozofu Immanuel Kant\u2019\u0131n ahlak d\u00fc\u015f\u00fcncesine dair kapsaml\u0131 ve titiz bir analiz sunuyor. Kant\u2019\u0131 Ayd\u0131nlanma\u2019n\u0131n tarihsel ve felsefi ba\u011flam\u0131 i\u00e7inde ele alan Wood, onun ahlak d\u00fc\u015f\u00fcncesini \u015fekillendiren entelekt\u00fcel ak\u0131mlar\u0131 belirginle\u015ftirirken bir yandan da onun fikirlerinin kendisinden sonraki d\u00f6neme etkisini ortaya koyuyor. Kant\u2019\u0131n etik d\u00fc\u015f\u00fcncesini, daha kolay anla\u015f\u0131labilecek ve g\u00fcn\u00fcm\u00fcz etik sorular\u0131yla daha yak\u0131ndan ili\u015fkilendirilebilecek yeni bir yakla\u015f\u0131mla sunmaya \u00e7al\u0131\u015fan Wood, kitab\u0131n ilk k\u0131sm\u0131nda, Kant\u2019\u0131n \u00f6zellikle \u00f6dev, otonomi ve kategorik buyruk gibi \u00f6nemli kavramlar\u0131n\u0131n ahlak d\u00fc\u015f\u00fcncesindeki temel rollerini sunarken, ikinci k\u0131sm\u0131nda ise bu d\u00fc\u015f\u00fcncenin antropolojik uygulamalar\u0131n\u0131 aktar\u0131yor. Vak\u0131fBank K\u00fclt\u00fcr Yay\u0131nlar\u0131 olarak okuyucuyla bulu\u015fturdu\u011fumuz Wood\u2019un bu eseri, Kant felsefesi ya da etik alan\u0131yla ilgilenen herkes i\u00e7in temel bir ba\u015fvuru kayna\u011f\u0131d\u0131r. <\/p>\n","protected":false},"excerpt":{"rendered":"<p>\u201cA\u00e7\u0131k\u00e7a g\u00f6r\u00fcld\u00fc\u011f\u00fc \u00fczere, Kant\u2019\u0131n hem ahlaki ilkeleri hem de insan do\u011fas\u0131 kuram\u0131 sadece kendimizden duydu\u011fumuz ho\u015fnutsuzlu\u011fu art\u0131rmak i\u00e7in tasarlanm\u0131\u015ft\u0131r. Hegel\u2019in aksine, Kant i\u00e7in felsefenin vazifesi bizi<span class=\"excerpt-hellip\"> [\u2026]<\/span><\/p>\n","protected":false},"featured_media":0,"template":"","meta":{"_monsterinsights_skip_tracking":false,"_monsterinsights_sitenote_active":false,"_monsterinsights_sitenote_note":"","_monsterinsights_sitenote_category":0},"product_brand":[],"product_cat":[15319,12388],"product_tag":[],"class_list":{"0":"post-762045","1":"product","2":"type-product","3":"status-publish","5":"product_cat-etik","6":"product_cat-felsefe","7":"pa_cilt-ciltsiz","8":"pa_tur-kitap","9":"pa_yayinevi-vakifbank-kultur-yayinlari","10":"pa_yazar-allen-w-wood","12":"first","13":"instock","14":"sale","15":"shipping-taxable","16":"purchasable","17":"product-type-simple"},"_links":{"self":[{"href":"https:\/\/roveyayinevi.com.tr\/index.php\/wp-json\/wp\/v2\/product\/762045","targetHints":{"allow":["GET"]}}],"collection":[{"href":"https:\/\/roveyayinevi.com.tr\/index.php\/wp-json\/wp\/v2\/product"}],"about":[{"href":"https:\/\/roveyayinevi.com.tr\/index.php\/wp-json\/wp\/v2\/types\/product"}],"wp:attachment":[{"href":"https:\/\/roveyayinevi.com.tr\/index.php\/wp-json\/wp\/v2\/media?parent=762045"}],"wp:term":[{"taxonomy":"product_brand","embeddable":true,"href":"https:\/\/roveyayinevi.com.tr\/index.php\/wp-json\/wp\/v2\/product_brand?post=762045"},{"taxonomy":"product_cat","embeddable":true,"href":"https:\/\/roveyayinevi.com.tr\/index.php\/wp-json\/wp\/v2\/product_cat?post=762045"},{"taxonomy":"product_tag","embeddable":true,"href":"https:\/\/roveyayinevi.com.tr\/index.php\/wp-json\/wp\/v2\/product_tag?post=762045"}],"curies":[{"name":"wp","href":"https:\/\/api.w.org\/{rel}","templated":true}]}}