{"id":762042,"date":"2025-08-28T09:56:22","date_gmt":"2025-08-28T06:56:22","guid":{"rendered":"https:\/\/roveyayinevi.com.tr\/index.php\/urun\/arkadasim-kirpi-2\/"},"modified":"2026-04-15T03:27:09","modified_gmt":"2026-04-15T00:27:09","slug":"arkadasim-kirpi-2","status":"publish","type":"product","link":"https:\/\/roveyayinevi.com.tr\/index.php\/urun\/arkadasim-kirpi-2\/","title":{"rendered":"Arkada\u015f\u0131m Kirpi"},"content":{"rendered":"<p>Bug\u00fcn yeni bir g\u00fcn! \u00dcstelik d\u00fcnden daha s\u00fcrprizli bir g\u00fcn. \u00c7ocuklar yeni g\u00fcne saklanan cevaplar\u0131n pe\u015finde, bir o kadar heyecanl\u0131. Umut Bar\u0131\u015f kendi u\u00e7urtmas\u0131n\u0131 yap\u0131p u\u00e7urabilecek mi? Ya\u011fmur\u2019un do\u011fum g\u00fcn\u00fcne kimler yeti\u015febilecek? U\u011furb\u00f6ce\u011fi Umut bir daha onlar\u0131 g\u00f6rmeye gelecek mi? Bambi, kirpiyi yeniden ziyaret edebilecek mi? Ya U-gi ve Bar\u0131\u015f\u2019\u0131n s\u0131n\u0131rlar \u00f6tesi dostlu\u011fu nas\u0131l ilerleyecek?..   Kitaplar\u0131nda okurlar\u0131n\u0131 farkl\u0131 \u00e7a\u011flarda yolculuklara \u00e7\u0131karan Bilgin Adal\u0131, bu kez \u00f6yk\u00fcleriyle \u00e7ocuklar\u0131 g\u00fcnl\u00fck hayat\u0131n ak\u0131\u015f\u0131nda hayallere, arkada\u015fl\u0131klara, deneyimlere, kar\u015f\u0131la\u015fmalara konuk ediyor. <\/p>\n","protected":false},"excerpt":{"rendered":"<p>Bug\u00fcn yeni bir g\u00fcn! \u00dcstelik d\u00fcnden daha s\u00fcrprizli bir g\u00fcn. \u00c7ocuklar yeni g\u00fcne saklanan cevaplar\u0131n pe\u015finde, bir o kadar heyecanl\u0131. Umut Bar\u0131\u015f kendi u\u00e7urtmas\u0131n\u0131 yap\u0131p u\u00e7urabilecek<span class=\"excerpt-hellip\"> [\u2026]<\/span><\/p>\n","protected":false},"featured_media":0,"template":"","meta":{"_monsterinsights_skip_tracking":false,"_monsterinsights_sitenote_active":false,"_monsterinsights_sitenote_note":"","_monsterinsights_sitenote_category":0},"product_brand":[],"product_cat":[12274,12284],"product_tag":[],"class_list":{"0":"post-762042","1":"product","2":"type-product","3":"status-publish","5":"product_cat-cocuk-ve-genclik-kitaplari","6":"product_cat-hikayeler","7":"pa_cilt-ciltsiz","8":"pa_tur-kitap","9":"pa_yayinevi-can-cocuk-yayinlari","10":"pa_yazar-bilgin-adali","12":"first","13":"instock","14":"sale","15":"shipping-taxable","16":"purchasable","17":"product-type-simple"},"_links":{"self":[{"href":"https:\/\/roveyayinevi.com.tr\/index.php\/wp-json\/wp\/v2\/product\/762042","targetHints":{"allow":["GET"]}}],"collection":[{"href":"https:\/\/roveyayinevi.com.tr\/index.php\/wp-json\/wp\/v2\/product"}],"about":[{"href":"https:\/\/roveyayinevi.com.tr\/index.php\/wp-json\/wp\/v2\/types\/product"}],"wp:attachment":[{"href":"https:\/\/roveyayinevi.com.tr\/index.php\/wp-json\/wp\/v2\/media?parent=762042"}],"wp:term":[{"taxonomy":"product_brand","embeddable":true,"href":"https:\/\/roveyayinevi.com.tr\/index.php\/wp-json\/wp\/v2\/product_brand?post=762042"},{"taxonomy":"product_cat","embeddable":true,"href":"https:\/\/roveyayinevi.com.tr\/index.php\/wp-json\/wp\/v2\/product_cat?post=762042"},{"taxonomy":"product_tag","embeddable":true,"href":"https:\/\/roveyayinevi.com.tr\/index.php\/wp-json\/wp\/v2\/product_tag?post=762042"}],"curies":[{"name":"wp","href":"https:\/\/api.w.org\/{rel}","templated":true}]}}