{"id":762040,"date":"2025-08-28T09:56:18","date_gmt":"2025-08-28T06:56:18","guid":{"rendered":"https:\/\/roveyayinevi.com.tr\/index.php\/urun\/dunyanin-en-berbat-ogretmenleri\/"},"modified":"2026-04-15T03:27:09","modified_gmt":"2026-04-15T00:27:09","slug":"dunyanin-en-berbat-ogretmenleri","status":"publish","type":"product","link":"https:\/\/roveyayinevi.com.tr\/index.php\/urun\/dunyanin-en-berbat-ogretmenleri\/","title":{"rendered":"D\u00fcnyan\u0131n En Berbat \u00d6\u011fretmenleri"},"content":{"rendered":"<p>D\u00dcNYANIN EN BERBAT \u00c7OCUKLARIYLA TANI\u015eTIYSANIZ, DAHA, \u00c7OK DAHA BETER\u0130 \u0130\u00c7\u0130N HAZIRLAYIN KEND\u0130N\u0130Z\u0130&#8230;   D\u00dcNYANIN EN BERBAT \u00d6\u011eRETMENLER\u0130!   UYARMADI DEMEY\u0130N&#8230;  David Walliams <\/p>\n","protected":false},"excerpt":{"rendered":"<p>D\u00dcNYANIN EN BERBAT \u00c7OCUKLARIYLA TANI\u015eTIYSANIZ, DAHA, \u00c7OK DAHA BETER\u0130 \u0130\u00c7\u0130N HAZIRLAYIN KEND\u0130N\u0130Z\u0130&#8230; D\u00dcNYANIN EN BERBAT \u00d6\u011eRETMENLER\u0130! UYARMADI DEMEY\u0130N&#8230; David Walliams<\/p>\n","protected":false},"featured_media":0,"template":"","meta":{"_monsterinsights_skip_tracking":false,"_monsterinsights_sitenote_active":false,"_monsterinsights_sitenote_note":"","_monsterinsights_sitenote_category":0},"product_brand":[],"product_cat":[12274,12284],"product_tag":[],"class_list":{"0":"post-762040","1":"product","2":"type-product","3":"status-publish","5":"product_cat-cocuk-ve-genclik-kitaplari","6":"product_cat-hikayeler","7":"pa_cilt-ciltsiz","8":"pa_tur-kitap","9":"pa_yayinevi-can-cocuk-yayinlari","10":"pa_yazar-david-walliams","12":"first","13":"instock","14":"sale","15":"shipping-taxable","16":"purchasable","17":"product-type-simple"},"_links":{"self":[{"href":"https:\/\/roveyayinevi.com.tr\/index.php\/wp-json\/wp\/v2\/product\/762040","targetHints":{"allow":["GET"]}}],"collection":[{"href":"https:\/\/roveyayinevi.com.tr\/index.php\/wp-json\/wp\/v2\/product"}],"about":[{"href":"https:\/\/roveyayinevi.com.tr\/index.php\/wp-json\/wp\/v2\/types\/product"}],"wp:attachment":[{"href":"https:\/\/roveyayinevi.com.tr\/index.php\/wp-json\/wp\/v2\/media?parent=762040"}],"wp:term":[{"taxonomy":"product_brand","embeddable":true,"href":"https:\/\/roveyayinevi.com.tr\/index.php\/wp-json\/wp\/v2\/product_brand?post=762040"},{"taxonomy":"product_cat","embeddable":true,"href":"https:\/\/roveyayinevi.com.tr\/index.php\/wp-json\/wp\/v2\/product_cat?post=762040"},{"taxonomy":"product_tag","embeddable":true,"href":"https:\/\/roveyayinevi.com.tr\/index.php\/wp-json\/wp\/v2\/product_tag?post=762040"}],"curies":[{"name":"wp","href":"https:\/\/api.w.org\/{rel}","templated":true}]}}