{"id":762036,"date":"2025-08-28T09:56:09","date_gmt":"2025-08-28T06:56:09","guid":{"rendered":"https:\/\/roveyayinevi.com.tr\/index.php\/urun\/medici-ailesi-2\/"},"modified":"2026-04-15T03:27:09","modified_gmt":"2026-04-15T00:27:09","slug":"medici-ailesi-2","status":"publish","type":"product","link":"https:\/\/roveyayinevi.com.tr\/index.php\/urun\/medici-ailesi-2\/","title":{"rendered":"Medici Ailesi"},"content":{"rendered":"<p>TAR\u0130HE DAMGASINI VURAN MED\u0130C\u0130LER MUAZZAM G\u00dcCE NASIL ULA\u015eTILAR VE ONU KORUMAK \u0130\u00c7\u0130N NELER YAPTILAR? On be\u015finci y\u00fczy\u0131lda Avrupa&#8217;n\u0131n en g\u00fc\u00e7l\u00fc bankas\u0131n\u0131 kuran Medici ailesi, Floransa&#8217;da b\u00fcy\u00fck bir siyasi g\u00fc\u00e7 elde ederek \u015fehri k\u00fclt\u00fcrel ba\u015far\u0131n\u0131n zirvesine \u00e7\u0131kard\u0131. Yaratt\u0131klar\u0131 muazzam etki Floransa sanat\u0131 ve mimarisinde bir patlamaya neden oldu ve b\u00f6ylece R\u00f6nesans d\u00f6nemine damgas\u0131n\u0131 vurdu. Michelangelo, Donatello, Fra Angelico ve Leonardo Da Vinci himaye ettikleri sanat\u00e7\u0131lardan sadece birka\u00e7\u0131yd\u0131. Peki vitrinde b\u00f6ylesine g\u00fc\u00e7l\u00fc bir mitolojik hik\u00e2ye anlat\u0131l\u0131rken arka planda neler olmaktayd\u0131? Bu ba\u015far\u0131 hik\u00e2yesi ger\u00e7ekte bir kurgu muydu? 300 y\u0131ldan fazla h\u00fck\u00fcm s\u00fcren ve i\u00e7inden papalar, siyaset\u00e7iler, kraliyet mensuplar\u0131 \u00e7\u0131karan bu hanedanl\u0131\u011f\u0131n g\u00fcce ula\u015fma ve onu koruma maceras\u0131n\u0131n as\u0131l hik\u00e2yesi neydi? Orta\u00e7a\u011f tarih\u00e7isi Mary Hollingsworth, \u0130talyan R\u00f6nesans\u0131&#8217;n\u0131n en g\u00fc\u00e7l\u00fc ailesinin tarihine taze ve heyecan verici yeni bir bak\u0131\u015f a\u00e7\u0131s\u0131 getiriyor. Hollingsworth, bu efsanevi hanedanl\u0131\u011f\u0131 \u00e7evreleyen mitleri etkili bir \u015fekilde \u00e7\u00fcr\u00fct\u00fcrken Medicilerin y\u00fckseli\u015fi ve d\u00fc\u015f\u00fc\u015f\u00fcn\u00fcn nefes kesici hik\u00e2yesini anlat\u0131yor. al\u0131\u015f\u0131lmad\u0131k ve iddial\u0131 bir ba\u015fvuru kayna\u011f\u0131. <\/p>\n","protected":false},"excerpt":{"rendered":"<p>TAR\u0130HE DAMGASINI VURAN MED\u0130C\u0130LER MUAZZAM G\u00dcCE NASIL ULA\u015eTILAR VE ONU KORUMAK \u0130\u00c7\u0130N NELER YAPTILAR? On be\u015finci y\u00fczy\u0131lda Avrupa&#8217;n\u0131n en g\u00fc\u00e7l\u00fc bankas\u0131n\u0131 kuran Medici ailesi, Floransa&#8217;da b\u00fcy\u00fck<span class=\"excerpt-hellip\"> [\u2026]<\/span><\/p>\n","protected":false},"featured_media":0,"template":"","meta":{"_monsterinsights_skip_tracking":false,"_monsterinsights_sitenote_active":false,"_monsterinsights_sitenote_note":"","_monsterinsights_sitenote_category":0},"product_brand":[],"product_cat":[12312,12304],"product_tag":[],"class_list":{"0":"post-762036","1":"product","2":"type-product","3":"status-publish","5":"product_cat-diger","6":"product_cat-tarih","7":"pa_cilt-ciltsiz","8":"pa_tur-kitap","9":"pa_yayinevi-beyaz-baykus-yayinlari","10":"pa_yazar-marry-hollingsworth","12":"first","13":"instock","14":"sale","15":"shipping-taxable","16":"purchasable","17":"product-type-simple"},"_links":{"self":[{"href":"https:\/\/roveyayinevi.com.tr\/index.php\/wp-json\/wp\/v2\/product\/762036","targetHints":{"allow":["GET"]}}],"collection":[{"href":"https:\/\/roveyayinevi.com.tr\/index.php\/wp-json\/wp\/v2\/product"}],"about":[{"href":"https:\/\/roveyayinevi.com.tr\/index.php\/wp-json\/wp\/v2\/types\/product"}],"wp:attachment":[{"href":"https:\/\/roveyayinevi.com.tr\/index.php\/wp-json\/wp\/v2\/media?parent=762036"}],"wp:term":[{"taxonomy":"product_brand","embeddable":true,"href":"https:\/\/roveyayinevi.com.tr\/index.php\/wp-json\/wp\/v2\/product_brand?post=762036"},{"taxonomy":"product_cat","embeddable":true,"href":"https:\/\/roveyayinevi.com.tr\/index.php\/wp-json\/wp\/v2\/product_cat?post=762036"},{"taxonomy":"product_tag","embeddable":true,"href":"https:\/\/roveyayinevi.com.tr\/index.php\/wp-json\/wp\/v2\/product_tag?post=762036"}],"curies":[{"name":"wp","href":"https:\/\/api.w.org\/{rel}","templated":true}]}}