{"id":762034,"date":"2025-08-28T09:56:05","date_gmt":"2025-08-28T06:56:05","guid":{"rendered":"https:\/\/roveyayinevi.com.tr\/index.php\/urun\/dovus-kanunlari-ciltli\/"},"modified":"2026-04-12T03:19:23","modified_gmt":"2026-04-12T00:19:23","slug":"dovus-kanunlari-ciltli","status":"publish","type":"product","link":"https:\/\/roveyayinevi.com.tr\/index.php\/urun\/dovus-kanunlari-ciltli\/","title":{"rendered":"D\u00f6v\u00fc\u015f Kanunlar\u0131 (Ciltli)"},"content":{"rendered":"<p>Geri kalan\u0131 buna mecbur kalmas\u0131n diye biz sava\u015f\u0131yoruz \u201cKarma\u015f\u0131k bir bilim fantezi d\u00fcnyas\u0131na kar\u015f\u0131 harekete ge\u00e7en bir Masterclass.\u201d \u2013 SUNYI DEAN, Kitapyiyenler\u2019in yazar\u0131   Uzun zaman \u00f6nce sava\u015f\u0131n tahrip etti\u011fi bir d\u00fcnyada, uluslar bir daha asla kitle imha silahlar\u0131 kullanmamak i\u00e7in ate\u015fkes antla\u015fmas\u0131 yapt\u0131lar. Bunun yerine, Grievar \u015e\u00f6valyeleri olarak bilinen y\u00fcksek vas\u0131fl\u0131 sava\u015f\u00e7\u0131lar, yumruk yumru\u011fa d\u00f6v\u00fc\u015ferek kendi uluslar\u0131n\u0131 temsil ettiler.   Murray Pearson vatan\u0131n\u0131 kedere bo\u011fan bir kayb\u0131n \u00fcz\u00fcnt\u00fcs\u00fcn\u00fc ya\u015fayana kadar \u00fcnl\u00fc bir \u015f\u00f6valyeydi. Ama art\u0131k yeni kahraman\u0131 ke\u015ffetmenin zaman\u0131 gelmi\u015fti.   Cego adl\u0131 yetim bir \u00e7ocuk ac\u0131mas\u0131z yeralt\u0131 sava\u015f arenalar\u0131nda kendini g\u00f6stermeye \u00e7al\u0131\u015f\u0131r. Murray\u2019ye g\u00f6re, bu \u00e7ocuk d\u00fcnyan\u0131n en prestijli sava\u015f akademilerinde kendini geli\u015ftirmek i\u00e7in her \u015feyini feda etmeye haz\u0131rd\u0131r. Ama her \u015feyden \u00f6nce yeralt\u0131 arenalar\u0131nda kendini kan\u0131tlamak zorundad\u0131r. Acaba Cego hayatta kalabilecek midir?    \u201cD\u00f6v\u00fc\u015f sanatlar\u0131n\u0131n ve g\u00f6sterilerin ustas\u0131 taraf\u0131ndan yaz\u0131lan, sava\u015f\u00e7\u0131lar  hakk\u0131nda bir kitap.\u201d \u2013EVAN WINTER, The Rage of Dragons\u2019\u0131n yazar\u0131   \u201cDarwin, \u015fiddeti, iyi icra edilmi\u015f bir sonenin ritmi gibi b\u00fcy\u00fcleyici bir bi\u00e7imde kaleme al\u0131yor. Olay \u00f6rg\u00fcs\u00fcn\u00fc zarafetin yumu\u015fakl\u0131\u011f\u0131 ile adeta kemikleri k\u0131racak bir yumru\u011fun \u015fiddeti gibi i\u015fliyor. Hik\u00e2yeyi katman katman esneterek, tatmin edici ve \u015fa\u015f\u0131rt\u0131c\u0131 bir \u015fekilde ilerletirken, bir sonraki cildi merakla bekleten bir sona ula\u015ft\u0131r\u0131yor.\u201d \u2013 THE NEW YORK TIMES<\/p>\n","protected":false},"excerpt":{"rendered":"<p>Geri kalan\u0131 buna mecbur kalmas\u0131n diye biz sava\u015f\u0131yoruz \u201cKarma\u015f\u0131k bir bilim fantezi d\u00fcnyas\u0131na kar\u015f\u0131 harekete ge\u00e7en bir Masterclass.\u201d \u2013 SUNYI DEAN, Kitapyiyenler\u2019in yazar\u0131 Uzun zaman \u00f6nce<span class=\"excerpt-hellip\"> [\u2026]<\/span><\/p>\n","protected":false},"featured_media":0,"template":"","meta":{"_monsterinsights_skip_tracking":false,"_monsterinsights_sitenote_active":false,"_monsterinsights_sitenote_note":"","_monsterinsights_sitenote_category":0},"product_brand":[],"product_cat":[12291,12711],"product_tag":[],"class_list":{"0":"post-762034","1":"product","2":"type-product","3":"status-publish","5":"product_cat-edebiyat","6":"product_cat-roman-oyku","7":"pa_cilt-ciltli","8":"pa_tur-kitap","9":"pa_yayinevi-athica-yayinlari","10":"pa_yazar-alexander-darwin","12":"first","13":"instock","14":"sale","15":"shipping-taxable","16":"purchasable","17":"product-type-simple"},"_links":{"self":[{"href":"https:\/\/roveyayinevi.com.tr\/index.php\/wp-json\/wp\/v2\/product\/762034","targetHints":{"allow":["GET"]}}],"collection":[{"href":"https:\/\/roveyayinevi.com.tr\/index.php\/wp-json\/wp\/v2\/product"}],"about":[{"href":"https:\/\/roveyayinevi.com.tr\/index.php\/wp-json\/wp\/v2\/types\/product"}],"wp:attachment":[{"href":"https:\/\/roveyayinevi.com.tr\/index.php\/wp-json\/wp\/v2\/media?parent=762034"}],"wp:term":[{"taxonomy":"product_brand","embeddable":true,"href":"https:\/\/roveyayinevi.com.tr\/index.php\/wp-json\/wp\/v2\/product_brand?post=762034"},{"taxonomy":"product_cat","embeddable":true,"href":"https:\/\/roveyayinevi.com.tr\/index.php\/wp-json\/wp\/v2\/product_cat?post=762034"},{"taxonomy":"product_tag","embeddable":true,"href":"https:\/\/roveyayinevi.com.tr\/index.php\/wp-json\/wp\/v2\/product_tag?post=762034"}],"curies":[{"name":"wp","href":"https:\/\/api.w.org\/{rel}","templated":true}]}}