{"id":762033,"date":"2025-08-28T09:56:02","date_gmt":"2025-08-28T06:56:02","guid":{"rendered":"https:\/\/roveyayinevi.com.tr\/index.php\/urun\/telassiz-mavi\/"},"modified":"2026-04-15T03:27:09","modified_gmt":"2026-04-15T00:27:09","slug":"telassiz-mavi","status":"publish","type":"product","link":"https:\/\/roveyayinevi.com.tr\/index.php\/urun\/telassiz-mavi\/","title":{"rendered":"Tela\u015fs\u0131z Mavi"},"content":{"rendered":"<p>\u015eiir, her zaman k\u0131ymetliydi bende. Edebiyat\u0131n en samimi \u00e7ocu\u011fu diye nitelendiriyorum kendimce \u015fiiri. \u0130\u00e7inden geldi\u011fi gibi \u00e7\u00fcnk\u00fc! Bir kelimeyle oynasan; d\u00fc\u015f\u00fcr\u00fcyor y\u00fcz\u00fcn\u00fc, b\u00fcz\u00fcyor kifayetini. \u015eu s\u0131ralar, sosyal medyan\u0131n ilgisinden kaynakl\u0131 ba\u015fl\u0131 ba\u015f\u0131na bir \u00e7\u0131\u011f\u0131r ya\u015fan\u0131rken; etraf\u0131mdaki herkes, \u00f6zellikle kendiyle alakal\u0131, dizelere kulak kabart\u0131yor. \u00d6yleyse \u201c\u015fiir\u201d hep olsun hayat\u0131m\u0131zda, \u00e7\u00fcnk\u00fc duygusal insanlar\u0131n matemidir!   \u0130NSA-N\u0130YET   Sevmek de\u011fil S\u00f6ylemek zor Bakmak de\u011fil G\u00f6rmek zor Duymak de\u011fil Hissetmek zor \u0130nsan olmak de\u011fil \u0130nsanca ya\u015fay\u0131p \u00d6lmek zor&#8230; <\/p>\n","protected":false},"excerpt":{"rendered":"<p>\u015eiir, her zaman k\u0131ymetliydi bende. Edebiyat\u0131n en samimi \u00e7ocu\u011fu diye nitelendiriyorum kendimce \u015fiiri. \u0130\u00e7inden geldi\u011fi gibi \u00e7\u00fcnk\u00fc! Bir kelimeyle oynasan; d\u00fc\u015f\u00fcr\u00fcyor y\u00fcz\u00fcn\u00fc, b\u00fcz\u00fcyor kifayetini. \u015eu s\u0131ralar,<span class=\"excerpt-hellip\"> [\u2026]<\/span><\/p>\n","protected":false},"featured_media":0,"template":"","meta":{"_monsterinsights_skip_tracking":false,"_monsterinsights_sitenote_active":false,"_monsterinsights_sitenote_note":"","_monsterinsights_sitenote_category":0},"product_brand":[],"product_cat":[12291,12509],"product_tag":[],"class_list":{"0":"post-762033","1":"product","2":"type-product","3":"status-publish","5":"product_cat-edebiyat","6":"product_cat-siir","7":"pa_cilt-ciltsiz","8":"pa_tur-kitap","9":"pa_yayinevi-destek-yayinlari","10":"pa_yazar-serpil-barin-torunogullari","12":"first","13":"instock","14":"sale","15":"shipping-taxable","16":"purchasable","17":"product-type-simple"},"_links":{"self":[{"href":"https:\/\/roveyayinevi.com.tr\/index.php\/wp-json\/wp\/v2\/product\/762033","targetHints":{"allow":["GET"]}}],"collection":[{"href":"https:\/\/roveyayinevi.com.tr\/index.php\/wp-json\/wp\/v2\/product"}],"about":[{"href":"https:\/\/roveyayinevi.com.tr\/index.php\/wp-json\/wp\/v2\/types\/product"}],"wp:attachment":[{"href":"https:\/\/roveyayinevi.com.tr\/index.php\/wp-json\/wp\/v2\/media?parent=762033"}],"wp:term":[{"taxonomy":"product_brand","embeddable":true,"href":"https:\/\/roveyayinevi.com.tr\/index.php\/wp-json\/wp\/v2\/product_brand?post=762033"},{"taxonomy":"product_cat","embeddable":true,"href":"https:\/\/roveyayinevi.com.tr\/index.php\/wp-json\/wp\/v2\/product_cat?post=762033"},{"taxonomy":"product_tag","embeddable":true,"href":"https:\/\/roveyayinevi.com.tr\/index.php\/wp-json\/wp\/v2\/product_tag?post=762033"}],"curies":[{"name":"wp","href":"https:\/\/api.w.org\/{rel}","templated":true}]}}