{"id":762029,"date":"2025-08-28T09:54:58","date_gmt":"2025-08-28T06:54:58","guid":{"rendered":"https:\/\/roveyayinevi.com.tr\/index.php\/urun\/ruyalarin-gizli-dunyasi\/"},"modified":"2026-04-15T03:27:09","modified_gmt":"2026-04-15T00:27:09","slug":"ruyalarin-gizli-dunyasi","status":"publish","type":"product","link":"https:\/\/roveyayinevi.com.tr\/index.php\/urun\/ruyalarin-gizli-dunyasi\/","title":{"rendered":"R\u00fcyalar\u0131n Gizli D\u00fcnyas\u0131"},"content":{"rendered":"<p>Hayat\u0131m\u0131z\u0131n yakla\u015f\u0131k alt\u0131 y\u0131l\u0131n\u0131 r\u00fcya g\u00f6rerek ge\u00e7iriyoruz. Ancak \u00e7ok az\u0131m\u0131z r\u00fcyalar\u0131n amac\u0131n\u0131 anl\u0131yor ve zihnimizin r\u00fcyalar arac\u0131l\u0131\u011f\u0131yla kendimiz ve d\u00fcnyam\u0131z hakk\u0131nda neler anlatt\u0131\u011f\u0131n\u0131 \u00e7\u00f6z\u00fcmleyebiliyor.   Birle\u015fik Krall\u0131k\u2019taki R\u00fcya Ara\u015ft\u0131rmalar\u0131 Enstit\u00fcs\u00fc\u2019n\u00fcn kurucu orta\u011f\u0131 olan psikoterapist Melinda Powell, r\u00fcyalar\u0131m\u0131z\u0131 daha iyi anlaman\u0131n hayat\u0131m\u0131z\u0131 nas\u0131l iyile\u015ftirebilece\u011fini ortaya koyuyor. Uykunun \u00f6nemini ele alan Powell, k\u00e2bus korkusundan bilin\u00e7li l\u00fcsid r\u00fcyalara uzanan bir hatta, r\u00fcyalar\u0131m\u0131zda g\u00f6rd\u00fc\u011f\u00fcm\u00fcz renklerin, manzaralar\u0131n, mek\u00e2nlar\u0131n anlamlar\u0131n\u0131 ara\u015ft\u0131r\u0131yor, do\u011fru bilinen yanl\u0131\u015flara dikkat \u00e7ekiyor.   R\u00fcyalar\u0131n Gizli D\u00fcnyas\u0131: R\u00fcyalar Bize Kendimiz Hakk\u0131nda Ne S\u00f6yler ve D\u00fcnyam\u0131z\u0131 Nas\u0131l De\u011fi\u015ftirirler? hayata daha sa\u011fl\u0131kl\u0131, daha dengeli bir \u015fekilde yakla\u015fmak i\u00e7in r\u00fcyalar\u0131m\u0131z\u0131 bir rehber ve ilham kayna\u011f\u0131 olarak kullanma yolunda bize el uzat\u0131yor. <\/p>\n","protected":false},"excerpt":{"rendered":"<p>Hayat\u0131m\u0131z\u0131n yakla\u015f\u0131k alt\u0131 y\u0131l\u0131n\u0131 r\u00fcya g\u00f6rerek ge\u00e7iriyoruz. Ancak \u00e7ok az\u0131m\u0131z r\u00fcyalar\u0131n amac\u0131n\u0131 anl\u0131yor ve zihnimizin r\u00fcyalar arac\u0131l\u0131\u011f\u0131yla kendimiz ve d\u00fcnyam\u0131z hakk\u0131nda neler anlatt\u0131\u011f\u0131n\u0131 \u00e7\u00f6z\u00fcmleyebiliyor. Birle\u015fik Krall\u0131k\u2019taki<span class=\"excerpt-hellip\"> [\u2026]<\/span><\/p>\n","protected":false},"featured_media":0,"template":"","meta":{"_monsterinsights_skip_tracking":false,"_monsterinsights_sitenote_active":false,"_monsterinsights_sitenote_note":"","_monsterinsights_sitenote_category":0},"product_brand":[],"product_cat":[12357],"product_tag":[],"class_list":{"0":"post-762029","1":"product","2":"type-product","3":"status-publish","5":"product_cat-psikoloji","6":"pa_cilt-ciltsiz","7":"pa_tur-kitap","8":"pa_yayinevi-mundi","9":"pa_yazar-melinda-powell","11":"first","12":"instock","13":"sale","14":"shipping-taxable","15":"purchasable","16":"product-type-simple"},"_links":{"self":[{"href":"https:\/\/roveyayinevi.com.tr\/index.php\/wp-json\/wp\/v2\/product\/762029","targetHints":{"allow":["GET"]}}],"collection":[{"href":"https:\/\/roveyayinevi.com.tr\/index.php\/wp-json\/wp\/v2\/product"}],"about":[{"href":"https:\/\/roveyayinevi.com.tr\/index.php\/wp-json\/wp\/v2\/types\/product"}],"wp:attachment":[{"href":"https:\/\/roveyayinevi.com.tr\/index.php\/wp-json\/wp\/v2\/media?parent=762029"}],"wp:term":[{"taxonomy":"product_brand","embeddable":true,"href":"https:\/\/roveyayinevi.com.tr\/index.php\/wp-json\/wp\/v2\/product_brand?post=762029"},{"taxonomy":"product_cat","embeddable":true,"href":"https:\/\/roveyayinevi.com.tr\/index.php\/wp-json\/wp\/v2\/product_cat?post=762029"},{"taxonomy":"product_tag","embeddable":true,"href":"https:\/\/roveyayinevi.com.tr\/index.php\/wp-json\/wp\/v2\/product_tag?post=762029"}],"curies":[{"name":"wp","href":"https:\/\/api.w.org\/{rel}","templated":true}]}}