{"id":762028,"date":"2025-08-28T09:54:56","date_gmt":"2025-08-28T06:54:56","guid":{"rendered":"https:\/\/roveyayinevi.com.tr\/index.php\/urun\/neden-boyleyim-nasil-degisebilirim\/"},"modified":"2026-04-15T03:27:09","modified_gmt":"2026-04-15T00:27:09","slug":"neden-boyleyim-nasil-degisebilirim","status":"publish","type":"product","link":"https:\/\/roveyayinevi.com.tr\/index.php\/urun\/neden-boyleyim-nasil-degisebilirim\/","title":{"rendered":"Neden B\u00f6yleyim? Nas\u0131l De\u011fi\u015febilirim?"},"content":{"rendered":"<p>Hayat\u0131m\u0131z\u0131n ilk b\u00f6l\u00fcm\u00fcnde bize bi\u00e7ilmi\u015f rollere g\u00f6re ya\u015far, kendimizi bu kurallara g\u00f6re de\u011ferlendiririz.  Sonra bunun bizi tatmin etmedi\u011fini fark etti\u011fimizde, ilk defa, \u201cAsl\u0131nda ne istiyorum?\u201d diye sorar ve bunu daha \u00f6nce sormad\u0131\u011f\u0131m\u0131z i\u00e7in kendimize k\u0131zar\u0131z.   Hayat\u0131n\u0131n ikinci b\u00f6l\u00fcm\u00fcne ho\u015f geldin.   \u0130lk b\u00f6l\u00fcm yalan de\u011fildi. Bug\u00fcne kadar bir yalan\u0131 ya\u015famad\u0131k. Bug\u00fcne ula\u015fmam\u0131z i\u00e7in ya\u015famam\u0131z gerekeni ya\u015fad\u0131k.   As\u0131l soru, bug\u00fcnden itibaren ne yapaca\u011f\u0131z?   Jung, son derece haz\u0131rl\u0131ks\u0131z yakaland\u0131\u011f\u0131m\u0131z bu \u201chayat\u0131m\u0131z\u0131n ikinci yar\u0131s\u0131\u201d i\u00e7in, \u015fakayla kar\u0131\u015f\u0131k bir \u00f6neri veriyor: \u201cYeti\u015fkinli\u011fe giri\u015f okullar\u0131 olmal\u0131.\u201d Belki b\u00f6yle bir okul yok, ancak bu c\u00fcmleye denk geldi\u011finden beri bu fikrin b\u00fcy\u00fcs\u00fcne kap\u0131lan biri var: Emre \u00d6zarslan, nam\u0131 di\u011fer Huzursuz Beyin, psikolog ve terapistlerden filozoflara, biliminsanlar\u0131ndan sanat\u00e7\u0131lara, hayalindeki \u201cakademik kadro\u201dyu bir araya getirerek haz\u0131rlad\u0131\u011f\u0131 Neden B\u00f6yleyim? Nas\u0131l De\u011fi\u015febilirim?\u2019de bize kendimiz \u00fczerine d\u00fc\u015f\u00fcnme f\u0131rsat\u0131 sunuyor. Jung, Nietzsche, Kierkegaard, Freud gibi isimlerin de dahil oldu\u011fu bir \u201ce\u011fitimciler ordusu\u201d, bize kendimizi ge\u00e7mi\u015ften kurtarmay\u0131 ve arzular\u0131m\u0131z do\u011frultusunda d\u00f6n\u00fc\u015fmeyi \u00f6\u011fretiyor.   Haz\u0131rsan, ba\u015flayal\u0131m&#8230; <\/p>\n","protected":false},"excerpt":{"rendered":"<p>Hayat\u0131m\u0131z\u0131n ilk b\u00f6l\u00fcm\u00fcnde bize bi\u00e7ilmi\u015f rollere g\u00f6re ya\u015far, kendimizi bu kurallara g\u00f6re de\u011ferlendiririz. Sonra bunun bizi tatmin etmedi\u011fini fark etti\u011fimizde, ilk defa, \u201cAsl\u0131nda ne istiyorum?\u201d diye<span class=\"excerpt-hellip\"> [\u2026]<\/span><\/p>\n","protected":false},"featured_media":0,"template":"","meta":{"_monsterinsights_skip_tracking":false,"_monsterinsights_sitenote_active":false,"_monsterinsights_sitenote_note":"","_monsterinsights_sitenote_category":0},"product_brand":[],"product_cat":[12357],"product_tag":[],"class_list":{"0":"post-762028","1":"product","2":"type-product","3":"status-publish","5":"product_cat-psikoloji","6":"pa_cilt-ciltsiz","7":"pa_tur-kitap","8":"pa_yayinevi-mundi","9":"pa_yazar-emre-ozarslan","11":"first","12":"instock","13":"sale","14":"shipping-taxable","15":"purchasable","16":"product-type-simple"},"_links":{"self":[{"href":"https:\/\/roveyayinevi.com.tr\/index.php\/wp-json\/wp\/v2\/product\/762028","targetHints":{"allow":["GET"]}}],"collection":[{"href":"https:\/\/roveyayinevi.com.tr\/index.php\/wp-json\/wp\/v2\/product"}],"about":[{"href":"https:\/\/roveyayinevi.com.tr\/index.php\/wp-json\/wp\/v2\/types\/product"}],"wp:attachment":[{"href":"https:\/\/roveyayinevi.com.tr\/index.php\/wp-json\/wp\/v2\/media?parent=762028"}],"wp:term":[{"taxonomy":"product_brand","embeddable":true,"href":"https:\/\/roveyayinevi.com.tr\/index.php\/wp-json\/wp\/v2\/product_brand?post=762028"},{"taxonomy":"product_cat","embeddable":true,"href":"https:\/\/roveyayinevi.com.tr\/index.php\/wp-json\/wp\/v2\/product_cat?post=762028"},{"taxonomy":"product_tag","embeddable":true,"href":"https:\/\/roveyayinevi.com.tr\/index.php\/wp-json\/wp\/v2\/product_tag?post=762028"}],"curies":[{"name":"wp","href":"https:\/\/api.w.org\/{rel}","templated":true}]}}