{"id":762026,"date":"2025-08-28T09:54:53","date_gmt":"2025-08-28T06:54:53","guid":{"rendered":"https:\/\/roveyayinevi.com.tr\/index.php\/urun\/elveda-selanik-1917-yangini\/"},"modified":"2026-04-15T03:27:09","modified_gmt":"2026-04-15T00:27:09","slug":"elveda-selanik-1917-yangini","status":"publish","type":"product","link":"https:\/\/roveyayinevi.com.tr\/index.php\/urun\/elveda-selanik-1917-yangini\/","title":{"rendered":"Elveda Selanik- 1917 Yang\u0131n\u0131"},"content":{"rendered":"<p>Kozmopolit Selanik nas\u0131l yok edildi? Elveda Selanik \u2013 1917 Yang\u0131n\u0131 kitab\u0131, II. Abd\u00fclhamit, J\u00f6n T\u00fcrkler, \u0130ttihat\u00e7\u0131l\u0131k, T\u00fcrk\u00e7\u00fcl\u00fck, Me\u015frutiyet Devrimi, Atat\u00fcrk\u2019\u00fcn ger\u00e7ek aile \u015feceresi, ilk Osmanl\u0131 sosyalistleri, ilk 1 May\u0131s Bayram\u0131, Yahudilik, D\u00f6nmelik (Sabetayizm), Masonluk, Yunan Milliyet\u00e7ili\u011fi, Balkan Sava\u015f\u0131 ve Selanik\u2019in i\u015fgali ve \u015fehrin sadece T\u00fcrk, Yahudi ve \u201cAvdeti\u201d (D\u00f6nme \/ Sabetayc\u0131) n\u00fcfusunu yok eden 1917 Yang\u0131n\u0131 \u00fczerine objektif ve orijinal belgeleri, bilgileri kaps\u0131yor. Yunan sosyalist yazar Elias Petropoulos, 1917 Yang\u0131n\u0131\u2019n\u0131n Yunan devleti taraf\u0131ndan \u00e7\u0131kar\u0131ld\u0131\u011f\u0131n\u0131 ve bir soyk\u0131r\u0131m oldu\u011funu s\u00f6yleyip belgeledi\u011fi i\u00e7in vatan\u0131ndan kovulmu\u015ftu\u2026 Ya\u015far Aksoy, Petropoulos\u2019un yan\u0131nda duruyor ve yar\u0131m kalan i\u015fi tamaml\u0131yor. Elveda Selanik \u2013 1917 Yang\u0131n\u0131 ba\u015fta Petropoulos\u2019un ortaya \u00e7\u0131kard\u0131\u011f\u0131, daha sonra izi s\u00fcr\u00fclen birbirinden \u00f6nemli belgeler, yay\u0131nlar ve tan\u0131kl\u0131klara dayanarak, Selanik\u2019in i\u015fgalini ve 1917 Yang\u0131n\u0131\u2019n\u0131n i\u00e7y\u00fcz\u00fcn\u00fc ilk kez toplu bi\u00e7imde okura sunuyor. B\u00f6ylece, kozmopolit Selanik\u2019in Yahudi, T\u00fcrk ve Avdeti ahalisi i\u00e7in Yunan siyasi rejimi taraf\u0131ndan uygulanan \u00fcst\u00fc \u00f6rt\u00fcl\u00fc soyk\u0131r\u0131m belgeleniyor. <\/p>\n","protected":false},"excerpt":{"rendered":"<p>Kozmopolit Selanik nas\u0131l yok edildi? Elveda Selanik \u2013 1917 Yang\u0131n\u0131 kitab\u0131, II. Abd\u00fclhamit, J\u00f6n T\u00fcrkler, \u0130ttihat\u00e7\u0131l\u0131k, T\u00fcrk\u00e7\u00fcl\u00fck, Me\u015frutiyet Devrimi, Atat\u00fcrk\u2019\u00fcn ger\u00e7ek aile \u015feceresi, ilk Osmanl\u0131 sosyalistleri,<span class=\"excerpt-hellip\"> [\u2026]<\/span><\/p>\n","protected":false},"featured_media":0,"template":"","meta":{"_monsterinsights_skip_tracking":false,"_monsterinsights_sitenote_active":false,"_monsterinsights_sitenote_note":"","_monsterinsights_sitenote_category":0},"product_brand":[],"product_cat":[12370,12304],"product_tag":[],"class_list":{"0":"post-762026","1":"product","2":"type-product","3":"status-publish","5":"product_cat-arastirma-inceleme","6":"product_cat-tarih","7":"pa_cilt-ciltsiz","8":"pa_tur-kitap","9":"pa_yayinevi-kirmizi-kedi-yayinevi","10":"pa_yazar-yasar-aksoy","12":"first","13":"instock","14":"sale","15":"shipping-taxable","16":"purchasable","17":"product-type-simple"},"_links":{"self":[{"href":"https:\/\/roveyayinevi.com.tr\/index.php\/wp-json\/wp\/v2\/product\/762026","targetHints":{"allow":["GET"]}}],"collection":[{"href":"https:\/\/roveyayinevi.com.tr\/index.php\/wp-json\/wp\/v2\/product"}],"about":[{"href":"https:\/\/roveyayinevi.com.tr\/index.php\/wp-json\/wp\/v2\/types\/product"}],"wp:attachment":[{"href":"https:\/\/roveyayinevi.com.tr\/index.php\/wp-json\/wp\/v2\/media?parent=762026"}],"wp:term":[{"taxonomy":"product_brand","embeddable":true,"href":"https:\/\/roveyayinevi.com.tr\/index.php\/wp-json\/wp\/v2\/product_brand?post=762026"},{"taxonomy":"product_cat","embeddable":true,"href":"https:\/\/roveyayinevi.com.tr\/index.php\/wp-json\/wp\/v2\/product_cat?post=762026"},{"taxonomy":"product_tag","embeddable":true,"href":"https:\/\/roveyayinevi.com.tr\/index.php\/wp-json\/wp\/v2\/product_tag?post=762026"}],"curies":[{"name":"wp","href":"https:\/\/api.w.org\/{rel}","templated":true}]}}