{"id":762021,"date":"2025-08-28T09:54:44","date_gmt":"2025-08-28T06:54:44","guid":{"rendered":"https:\/\/roveyayinevi.com.tr\/index.php\/urun\/icazetli-hekim-diplomali-doktor\/"},"modified":"2026-04-15T03:27:08","modified_gmt":"2026-04-15T00:27:08","slug":"icazetli-hekim-diplomali-doktor","status":"publish","type":"product","link":"https:\/\/roveyayinevi.com.tr\/index.php\/urun\/icazetli-hekim-diplomali-doktor\/","title":{"rendered":"\u0130cazetli Hekim Diplomal\u0131 Doktor"},"content":{"rendered":"<p>Hekim kelimesinin ayn\u0131 zamanda \u201cbilge\u201d demek oldu\u011funu biliyor muydunuz? Bug\u00fcn kulland\u0131\u011f\u0131m\u0131z \u201cdoktor\u201d kelimesi nereden geliyor? T\u0131p fak\u00fcltesi mezunlar\u0131na verilen \u201cic\u00e2zetn\u00e2me\u201d neden \u201cdiploma\u201d oldu?   Ara\u015ft\u0131rmac\u0131 koleksiyoner Enver Be\u015finci, bir koleksiyonda kar\u015f\u0131s\u0131na \u00e7\u0131kan ipucunu takip ederek ge\u00e7mi\u015fte t\u0131p alan\u0131nda \u00e7al\u0131\u015facak ki\u015filere verilen belgeye neden \u201cic\u00e2zetn\u00e2me\u201d denildi\u011finin izlerini s\u00fcr\u00fcyor ve geleneksel t\u0131p anlay\u0131\u015f\u0131m\u0131z\u0131n insana verdi\u011fi y\u00fcksek de\u011ferin kaynaklar\u0131na ula\u015f\u0131yor. Elinizdeki bu kitap vesilesiyle; ic\u00e2zet-diploma kar\u015f\u0131tl\u0131\u011f\u0131 \u00fczerinden, geleneksel olan\u0131 reddeden modernlik anlay\u0131\u015f\u0131n\u0131n t\u0131p alan\u0131nda \u00fclkemize ve insanl\u0131\u011fa getirdi\u011fi zararlar tart\u0131\u015fmaya a\u00e7\u0131l\u0131yor.   Bat\u0131 kaynakl\u0131 modernizmin, gelene\u011fi saf d\u0131\u015f\u0131 b\u0131rakma hastal\u0131\u011f\u0131, t\u0131p konusunda da b\u00fcy\u00fck bir y\u0131k\u0131m meydana getirmi\u015f, insan y\u00fczl\u00fc kadim t\u0131p anlay\u0131\u015f\u0131ndan \u00e2let\/makine a\u011f\u0131rl\u0131kl\u0131 t\u0131p anlay\u0131\u015f\u0131na ge\u00e7ilmi\u015ftir. Dolay\u0131s\u0131yla daha \u00f6nce insan\u0131 esas alan anlay\u0131\u015f, \u015fimdi makineyi \u00f6nceleyen, \u00e2letleri insanlara tercih eden bir anlay\u0131\u015fa d\u00f6n\u00fc\u015fm\u00fc\u015ft\u00fcr.   Hekim sadece t\u0131p konusunda malumat sahibi olan ki\u015fi de\u011fil, her t\u00fcrl\u00fc insan\u00ee bilgiyle m\u00fccehhez bir kimsedir. Sadece laboratuvarlarda olu\u015fturulmu\u015f il\u00e2\u00e7larla tedavi yolu izlemez, insanla konu\u015fur, onu ayn\u0131 zamanda ruhen\/m\u00e2nev\u00ee anlamda da tedavi eder. Hastas\u0131n\u0131 sadece geli\u015fmi\u015f makineler ve yapay il\u00e2\u00e7lar yoluyla tedavi eden modern t\u0131bb\u0131n \u00f6znesi ise \u201cdoktor\u201ddur. <\/p>\n","protected":false},"excerpt":{"rendered":"<p>Hekim kelimesinin ayn\u0131 zamanda \u201cbilge\u201d demek oldu\u011funu biliyor muydunuz? Bug\u00fcn kulland\u0131\u011f\u0131m\u0131z \u201cdoktor\u201d kelimesi nereden geliyor? T\u0131p fak\u00fcltesi mezunlar\u0131na verilen \u201cic\u00e2zetn\u00e2me\u201d neden \u201cdiploma\u201d oldu? Ara\u015ft\u0131rmac\u0131 koleksiyoner Enver<span class=\"excerpt-hellip\"> [\u2026]<\/span><\/p>\n","protected":false},"featured_media":0,"template":"","meta":{"_monsterinsights_skip_tracking":false,"_monsterinsights_sitenote_active":false,"_monsterinsights_sitenote_note":"","_monsterinsights_sitenote_category":0},"product_brand":[],"product_cat":[13365],"product_tag":[],"class_list":{"0":"post-762021","1":"product","2":"type-product","3":"status-publish","5":"product_cat-saglik","6":"pa_cilt-ciltsiz","7":"pa_tur-kitap","8":"pa_yayinevi-tk-yayinlari","9":"pa_yazar-enver-besinci","11":"first","12":"instock","13":"sale","14":"shipping-taxable","15":"purchasable","16":"product-type-simple"},"_links":{"self":[{"href":"https:\/\/roveyayinevi.com.tr\/index.php\/wp-json\/wp\/v2\/product\/762021","targetHints":{"allow":["GET"]}}],"collection":[{"href":"https:\/\/roveyayinevi.com.tr\/index.php\/wp-json\/wp\/v2\/product"}],"about":[{"href":"https:\/\/roveyayinevi.com.tr\/index.php\/wp-json\/wp\/v2\/types\/product"}],"wp:attachment":[{"href":"https:\/\/roveyayinevi.com.tr\/index.php\/wp-json\/wp\/v2\/media?parent=762021"}],"wp:term":[{"taxonomy":"product_brand","embeddable":true,"href":"https:\/\/roveyayinevi.com.tr\/index.php\/wp-json\/wp\/v2\/product_brand?post=762021"},{"taxonomy":"product_cat","embeddable":true,"href":"https:\/\/roveyayinevi.com.tr\/index.php\/wp-json\/wp\/v2\/product_cat?post=762021"},{"taxonomy":"product_tag","embeddable":true,"href":"https:\/\/roveyayinevi.com.tr\/index.php\/wp-json\/wp\/v2\/product_tag?post=762021"}],"curies":[{"name":"wp","href":"https:\/\/api.w.org\/{rel}","templated":true}]}}