{"id":762020,"date":"2025-08-28T09:54:43","date_gmt":"2025-08-28T06:54:43","guid":{"rendered":"https:\/\/roveyayinevi.com.tr\/index.php\/urun\/anlam-bulmak\/"},"modified":"2026-04-15T03:27:08","modified_gmt":"2026-04-15T00:27:08","slug":"anlam-bulmak","status":"publish","type":"product","link":"https:\/\/roveyayinevi.com.tr\/index.php\/urun\/anlam-bulmak\/","title":{"rendered":"Anlam Bulmak"},"content":{"rendered":"<p>Bir\u00e7ok ki\u015fi ya\u015fad\u0131\u011f\u0131 kay\u0131ptan sonra \u201cson\u201d aray\u0131\u015f\u0131ndad\u0131r. Kessler, \u00e7o\u011fumuzun a\u015fina oldu\u011fu keder a\u015famalar\u0131n\u0131n (ink\u00e2r, \u00f6fke, pazarl\u0131k, depresyon ve kabullenme) \u00f6tesinde, anlam bulman\u0131n, kederi daha huzurlu ve umutlu bir deneyime d\u00f6n\u00fc\u015ft\u00fcrebilece\u011fini savunur. Kessler okurlara kaybetti\u011fimiz ki\u015fileri hat\u0131rlaman\u0131n yol haritas\u0131n\u0131 \u00e7iziyor; bize sevdiklerimizi onurland\u0131racak \u015fekilde nas\u0131l ilerleyece\u011fimizi hem profesyonel hem de son derece ki\u015fisel payla\u015f\u0131mlarla g\u00f6steriyor. Kessler\u2019in ac\u0131 dolu yolculu\u011fu, \u00e7ocuklu\u011funda annesinin \u00f6l\u00fcm\u00fcne tan\u0131k olmas\u0131yla ba\u015flad\u0131. Hayat\u0131n\u0131n b\u00fcy\u00fck b\u00f6l\u00fcm\u00fcnde doktorlara, hem\u015firelere, dan\u0131\u015fmanlara, polislere ve ilk m\u00fcdahale ekiplerine hayat\u0131n sonu, travma ve keder e\u011fitimleri verdi ayn\u0131 zamanda keder ya\u015fayanlar i\u00e7in konu\u015fmalara ve inzivalara \u00f6nc\u00fcl\u00fck etti. Bilgisine ra\u011fmen yirmi bir ya\u015f\u0131ndaki o\u011flunun ani \u00f6l\u00fcm\u00fcyle hayat\u0131 alt\u00fcst oldu. Yas uzman\u0131 bu kadar trajik bir kay\u0131pla nas\u0131l ba\u015fa \u00e7\u0131kt\u0131? Bu beklenmedik, y\u0131k\u0131c\u0131 kay\u0131ptan kurtulmak i\u00e7in o\u011flunu onurland\u0131racak bir yol bulmas\u0131 gerekti\u011fini biliyordu. Bu yol, kederin alt\u0131nc\u0131 a\u015famas\u0131yd\u0131: anlam. Anlam Bulmak kitab\u0131, yas literat\u00fcr\u00fcne \u00f6nemli bir katk\u0131 ve muazzam bir kayb\u0131n yaralar\u0131n\u0131 sarmak i\u00e7in hayati bir rehber sunmay\u0131 ama\u00e7l\u0131yor. Ac\u0131dan uzakla\u015f\u0131p \u00f6l\u00fcme ve anlama do\u011fru yolculuk yapmak isteyen herkesin mutlaka okumas\u0131 gereken, ilham verici bir harita. <\/p>\n","protected":false},"excerpt":{"rendered":"<p>Bir\u00e7ok ki\u015fi ya\u015fad\u0131\u011f\u0131 kay\u0131ptan sonra \u201cson\u201d aray\u0131\u015f\u0131ndad\u0131r. Kessler, \u00e7o\u011fumuzun a\u015fina oldu\u011fu keder a\u015famalar\u0131n\u0131n (ink\u00e2r, \u00f6fke, pazarl\u0131k, depresyon ve kabullenme) \u00f6tesinde, anlam bulman\u0131n, kederi daha huzurlu ve<span class=\"excerpt-hellip\"> [\u2026]<\/span><\/p>\n","protected":false},"featured_media":0,"template":"","meta":{"_monsterinsights_skip_tracking":false,"_monsterinsights_sitenote_active":false,"_monsterinsights_sitenote_note":"","_monsterinsights_sitenote_category":0},"product_brand":[],"product_cat":[20502,12357],"product_tag":[],"class_list":{"0":"post-762020","1":"product","2":"type-product","3":"status-publish","5":"product_cat-basvuru-kitaplari-psikoloji","6":"product_cat-psikoloji","7":"pa_cilt-ciltsiz","8":"pa_tur-kitap","9":"pa_yayinevi-sahi-kitap","10":"pa_yazar-david-kessler","12":"first","13":"instock","14":"sale","15":"shipping-taxable","16":"purchasable","17":"product-type-simple"},"_links":{"self":[{"href":"https:\/\/roveyayinevi.com.tr\/index.php\/wp-json\/wp\/v2\/product\/762020","targetHints":{"allow":["GET"]}}],"collection":[{"href":"https:\/\/roveyayinevi.com.tr\/index.php\/wp-json\/wp\/v2\/product"}],"about":[{"href":"https:\/\/roveyayinevi.com.tr\/index.php\/wp-json\/wp\/v2\/types\/product"}],"wp:attachment":[{"href":"https:\/\/roveyayinevi.com.tr\/index.php\/wp-json\/wp\/v2\/media?parent=762020"}],"wp:term":[{"taxonomy":"product_brand","embeddable":true,"href":"https:\/\/roveyayinevi.com.tr\/index.php\/wp-json\/wp\/v2\/product_brand?post=762020"},{"taxonomy":"product_cat","embeddable":true,"href":"https:\/\/roveyayinevi.com.tr\/index.php\/wp-json\/wp\/v2\/product_cat?post=762020"},{"taxonomy":"product_tag","embeddable":true,"href":"https:\/\/roveyayinevi.com.tr\/index.php\/wp-json\/wp\/v2\/product_tag?post=762020"}],"curies":[{"name":"wp","href":"https:\/\/api.w.org\/{rel}","templated":true}]}}