{"id":762018,"date":"2025-08-28T09:54:40","date_gmt":"2025-08-28T06:54:40","guid":{"rendered":"https:\/\/roveyayinevi.com.tr\/index.php\/urun\/icatlar-ansiklopedisi\/"},"modified":"2026-04-15T03:27:08","modified_gmt":"2026-04-15T00:27:08","slug":"icatlar-ansiklopedisi","status":"publish","type":"product","link":"https:\/\/roveyayinevi.com.tr\/index.php\/urun\/icatlar-ansiklopedisi\/","title":{"rendered":"\u0130catlar Ansiklopedisi"},"content":{"rendered":"<p>Wright Karde\u015fler\u2019den \u00f6nce kim u\u00e7tu? Plastik cerrahi nas\u0131l icat edildi? Leonardo da Vinci ilk robotu tasarlad\u0131 m\u0131? \u0130lk e-posta ne zaman g\u00f6nderildi? Bira ilk nerede \u00fcretildi? S\u0131f\u0131r\u0131 kim icat etti? Bal\u0131k kancas\u0131ndan fiber opti\u011fe, piramitlerden posta pullar\u0131na ve baruttan GPS\u2019e kadar, bu eklektik derleme, bug\u00fcn hayat\u0131m\u0131z\u0131 \u015fekillendiren deha anlar\u0131 hakk\u0131nda daha fazla bilgi edinmek isteyen herkesi bilgilendirecek, ilham verecek ve b\u00fcy\u00fcleyecek. Yarat\u0131c\u0131l\u0131k ve inovasyonun en b\u00fcy\u00fck ba\u015far\u0131lar\u0131 i\u00e7in ola\u011fan\u00fcst\u00fc bir rehber olan bu kitap, bilim ve teknolojideki at\u0131l\u0131mlar yoluyla bilgiye ve ilerlemeye katk\u0131da bulunan ola\u011fan\u00fcst\u00fc ke\u015fifler ve bulu\u015flar\u0131 anlatmaktad\u0131r. En eski ve en temel ke\u015fiflerden g\u00fcn\u00fcm\u00fcz\u00fcn en ileri bulu\u015flar\u0131na kadar insano\u011flunun g\u00f6stermi\u015f oldu\u011fu \u00e7abalar ve yarat\u0131c\u0131l\u0131k modern d\u00fcnyay\u0131 \u015fekillendirdi ve insan \u0131rk\u0131n\u0131n en y\u00fcksek potansiyeline ula\u015fmas\u0131 i\u00e7in evrimini s\u00fcrd\u00fcrmesine olanak tan\u0131yor.  \u201cD\u00fcnyan\u0131n d\u00f6rt bir yan\u0131nda, zamanlar\u0131n\u0131n h\u00e2kim fikirlerine ve ileri teknolojisine kar\u015f\u0131 sava\u015fan parlak kad\u0131n ve erkeklerin azminin izini s\u00fcren Breverton\u2019un \u0130catlar Ansiklopedisi, hayatlar\u0131m\u0131z\u0131 de\u011fi\u015ftiren ve gezegenimizin gelece\u011fini \u015fekillendiren tarih ve geli\u015fmelerle ilgilenen herkese ilham verecek.\u201d \u2013Hachette, Avustralya<\/p>\n","protected":false},"excerpt":{"rendered":"<p>Wright Karde\u015fler\u2019den \u00f6nce kim u\u00e7tu? Plastik cerrahi nas\u0131l icat edildi? Leonardo da Vinci ilk robotu tasarlad\u0131 m\u0131? \u0130lk e-posta ne zaman g\u00f6nderildi? Bira ilk nerede \u00fcretildi?<span class=\"excerpt-hellip\"> [\u2026]<\/span><\/p>\n","protected":false},"featured_media":0,"template":"","meta":{"_monsterinsights_skip_tracking":false,"_monsterinsights_sitenote_active":false,"_monsterinsights_sitenote_note":"","_monsterinsights_sitenote_category":0},"product_brand":[],"product_cat":[13005],"product_tag":[],"class_list":{"0":"post-762018","1":"product","2":"type-product","3":"status-publish","5":"product_cat-bilim-muhendislik","6":"pa_cilt-ciltsiz","7":"pa_tur-kitap","8":"pa_yayinevi-alfa-yayinlari","9":"pa_yazar-terry-breverton","11":"first","12":"instock","13":"sale","14":"shipping-taxable","15":"purchasable","16":"product-type-simple"},"_links":{"self":[{"href":"https:\/\/roveyayinevi.com.tr\/index.php\/wp-json\/wp\/v2\/product\/762018","targetHints":{"allow":["GET"]}}],"collection":[{"href":"https:\/\/roveyayinevi.com.tr\/index.php\/wp-json\/wp\/v2\/product"}],"about":[{"href":"https:\/\/roveyayinevi.com.tr\/index.php\/wp-json\/wp\/v2\/types\/product"}],"wp:attachment":[{"href":"https:\/\/roveyayinevi.com.tr\/index.php\/wp-json\/wp\/v2\/media?parent=762018"}],"wp:term":[{"taxonomy":"product_brand","embeddable":true,"href":"https:\/\/roveyayinevi.com.tr\/index.php\/wp-json\/wp\/v2\/product_brand?post=762018"},{"taxonomy":"product_cat","embeddable":true,"href":"https:\/\/roveyayinevi.com.tr\/index.php\/wp-json\/wp\/v2\/product_cat?post=762018"},{"taxonomy":"product_tag","embeddable":true,"href":"https:\/\/roveyayinevi.com.tr\/index.php\/wp-json\/wp\/v2\/product_tag?post=762018"}],"curies":[{"name":"wp","href":"https:\/\/api.w.org\/{rel}","templated":true}]}}