{"id":762017,"date":"2025-08-28T09:54:39","date_gmt":"2025-08-28T06:54:39","guid":{"rendered":"https:\/\/roveyayinevi.com.tr\/index.php\/urun\/secim-yaratir\/"},"modified":"2026-04-15T03:27:08","modified_gmt":"2026-04-15T00:27:08","slug":"secim-yaratir","status":"publish","type":"product","link":"https:\/\/roveyayinevi.com.tr\/index.php\/urun\/secim-yaratir\/","title":{"rendered":"Se\u00e7im Yarat\u0131r"},"content":{"rendered":"<p>Bilmenizi isterim ki titre\u015fen duygular\u0131n\u0131z sizin e\u015finizdir. O e\u015f ile ya\u015fad\u0131\u011f\u0131n\u0131z her his, i\u00e7erisinde bulundu\u011fumuz d\u00fcnyay\u0131 olu\u015fturur. Bu kitab\u0131 herkes i\u00e7in yazmad\u0131m. Evrende farkl\u0131 oldu\u011funu bilen ve hisseden \u00f6zel insanlar i\u00e7in yazd\u0131m. Bu kitab\u0131 d\u00fcnyay\u0131 ger\u00e7ekten de\u011fi\u015ftirebilece\u011fine inanan hayalperestler i\u00e7in yazd\u0131m. Hayat\u0131m boyunca o hayalperestlerden biriydim ve \u00e7evremdeki herkesi memnun edebilmek, onlar\u0131n hayat\u0131na katk\u0131 sa\u011flayabilmek i\u00e7in elimden gelen her \u015feyi yap\u0131yordum. Daha sonra \u00e7ok farkl\u0131 bir yol buldum, hayat\u0131m\u0131n kontrol\u00fcn\u00fc tekrar ellerime ald\u0131m ve t\u00fcm bu s\u0131k\u0131\u015fm\u0131\u015fl\u0131\u011f\u0131n i\u00e7inden, t\u00fcm bu s\u0131k\u0131nt\u0131lar\u0131n ve mutsuzlu\u011fun i\u00e7inden ya\u015fam\u0131 mutlulukla ve tutkuyla ya\u015faman\u0131n yolu bana verilmi\u015fti. \u0130fade edebildi\u011fim kadar\u0131yla, \u201cSe\u00e7im Yarat\u0131r\u201d ger\u00e7ek bir d\u00fcnyan\u0131n i\u00e7erisinde tutkuyla ya\u015faman\u0131n s\u0131rlar\u0131n\u0131 ke\u015ffettik\u00e7e sizinle payla\u015faca\u011f\u0131m \u015fey de bu ara\u00e7lar oldu. Ben m\u00fckemmel de\u011filim ve sizin i\u00e7in hi\u00e7bir cevab\u0131m yok, sadece sorular\u0131m var. Sizi bu kitap arac\u0131l\u0131\u011f\u0131yla davet etti\u011fim \u015fey, benimle \u00e7\u0131kaca\u011f\u0131n\u0131z ke\u015fif yolculu\u011fudur. Benim ke\u015fif yolculu\u011fum devam ediyor, aynen sizinki gibi. E\u011fer arzu ederseniz, bu kitap size kendi ke\u015fif yolculu\u011funuz i\u00e7in hayat\u0131n\u0131z\u0131 kolayla\u015ft\u0131racak ara\u00e7lar sunacak. Sevgili siz, zaman\u0131 \u015fimdi mi?..<\/p>\n","protected":false},"excerpt":{"rendered":"<p>Bilmenizi isterim ki titre\u015fen duygular\u0131n\u0131z sizin e\u015finizdir. O e\u015f ile ya\u015fad\u0131\u011f\u0131n\u0131z her his, i\u00e7erisinde bulundu\u011fumuz d\u00fcnyay\u0131 olu\u015fturur. Bu kitab\u0131 herkes i\u00e7in yazmad\u0131m. Evrende farkl\u0131 oldu\u011funu bilen<span class=\"excerpt-hellip\"> [\u2026]<\/span><\/p>\n","protected":false},"featured_media":0,"template":"","meta":{"_monsterinsights_skip_tracking":false,"_monsterinsights_sitenote_active":false,"_monsterinsights_sitenote_note":"","_monsterinsights_sitenote_category":0},"product_brand":[],"product_cat":[12364,12376],"product_tag":[],"class_list":{"0":"post-762017","1":"product","2":"type-product","3":"status-publish","5":"product_cat-genel-konular","6":"product_cat-kisisel-gelisim","7":"pa_cilt-ciltsiz","8":"pa_tur-kitap","9":"pa_yayinevi-feniks-yayinlari","10":"pa_yazar-simay-ohara","12":"first","13":"instock","14":"sale","15":"shipping-taxable","16":"purchasable","17":"product-type-simple"},"_links":{"self":[{"href":"https:\/\/roveyayinevi.com.tr\/index.php\/wp-json\/wp\/v2\/product\/762017","targetHints":{"allow":["GET"]}}],"collection":[{"href":"https:\/\/roveyayinevi.com.tr\/index.php\/wp-json\/wp\/v2\/product"}],"about":[{"href":"https:\/\/roveyayinevi.com.tr\/index.php\/wp-json\/wp\/v2\/types\/product"}],"wp:attachment":[{"href":"https:\/\/roveyayinevi.com.tr\/index.php\/wp-json\/wp\/v2\/media?parent=762017"}],"wp:term":[{"taxonomy":"product_brand","embeddable":true,"href":"https:\/\/roveyayinevi.com.tr\/index.php\/wp-json\/wp\/v2\/product_brand?post=762017"},{"taxonomy":"product_cat","embeddable":true,"href":"https:\/\/roveyayinevi.com.tr\/index.php\/wp-json\/wp\/v2\/product_cat?post=762017"},{"taxonomy":"product_tag","embeddable":true,"href":"https:\/\/roveyayinevi.com.tr\/index.php\/wp-json\/wp\/v2\/product_tag?post=762017"}],"curies":[{"name":"wp","href":"https:\/\/api.w.org\/{rel}","templated":true}]}}