{"id":762016,"date":"2025-08-28T09:54:38","date_gmt":"2025-08-28T06:54:38","guid":{"rendered":"https:\/\/roveyayinevi.com.tr\/index.php\/urun\/derde-deva-randevu-super-cilt-1-ciltli\/"},"modified":"2026-04-15T03:27:08","modified_gmt":"2026-04-15T00:27:08","slug":"derde-deva-randevu-super-cilt-1-ciltli","status":"publish","type":"product","link":"https:\/\/roveyayinevi.com.tr\/index.php\/urun\/derde-deva-randevu-super-cilt-1-ciltli\/","title":{"rendered":"Derde Deva Randevu S\u00fcper Cilt-1 (Ciltli)"},"content":{"rendered":"<p>F\u00c2R\u00c2B\u00ce, SHAKESPEARE, DOSTOYEVSK\u0130, HACI BEKTA\u015e VEL\u0130, NIETZSCHE, H\u00dcSEY\u0130N RAHM\u0130, AGATHA CHRISTIE, NE\u015eET ERTA\u015e, KURT VONNEGUT, ORHAN VEL\u0130, BUKOWSKI, KONF\u00dc\u00c7Y\u00dcS, YUNUS EMRE, BALZAC, AHMET M\u0130THAT, ARTHUR CONAN DOYLE,  HAL\u0130DE ED\u0130B, ADORNO, ORHAN KEMAL, URSULA LE GUIN, ATT\u0130L\u00c2 \u0130LHAN, UMBERTO ECO, CEMAL S\u00dcREYA, BRUCE LEE, HAYYAM, DICKENS, ABD\u00dcLHAK \u015e\u0130NAS\u0130, ZWEIG, FATMA AL\u0130YE, ASIMOV, SUSAN SONTAG, O\u011eUZ ATAY, TOMR\u0130S UYAR    Sevgili okur, Mente\u015f Bey&#8217;in diyaloglar\u0131yla, \u00dcstat Karata\u015f&#8217;\u0131n \u00e7izgileriyle canland\u0131rd\u0131\u011f\u0131 bu kitaptaki \u015fahsiyetleri \u00e7ok sevece\u011finizi umut ediyor, her birinin, hayalleriniz i\u00e7in ilham olmalar\u0131n\u0131 diliyorum. CEM YILMAZ<\/p>\n","protected":false},"excerpt":{"rendered":"<p>F\u00c2R\u00c2B\u00ce, SHAKESPEARE, DOSTOYEVSK\u0130, HACI BEKTA\u015e VEL\u0130, NIETZSCHE, H\u00dcSEY\u0130N RAHM\u0130, AGATHA CHRISTIE, NE\u015eET ERTA\u015e, KURT VONNEGUT, ORHAN VEL\u0130, BUKOWSKI, KONF\u00dc\u00c7Y\u00dcS, YUNUS EMRE, BALZAC, AHMET M\u0130THAT, ARTHUR CONAN<span class=\"excerpt-hellip\"> [\u2026]<\/span><\/p>\n","protected":false},"featured_media":0,"template":"","meta":{"_monsterinsights_skip_tracking":false,"_monsterinsights_sitenote_active":false,"_monsterinsights_sitenote_note":"","_monsterinsights_sitenote_category":0},"product_brand":[],"product_cat":[12291],"product_tag":[],"class_list":{"0":"post-762016","1":"product","2":"type-product","3":"status-publish","5":"product_cat-edebiyat","6":"pa_cilt-ciltli","7":"pa_tur-kitap","8":"pa_yayinevi-alfa-yayinlari","9":"pa_yazar-murat-mentes","11":"first","12":"instock","13":"sale","14":"shipping-taxable","15":"purchasable","16":"product-type-simple"},"_links":{"self":[{"href":"https:\/\/roveyayinevi.com.tr\/index.php\/wp-json\/wp\/v2\/product\/762016","targetHints":{"allow":["GET"]}}],"collection":[{"href":"https:\/\/roveyayinevi.com.tr\/index.php\/wp-json\/wp\/v2\/product"}],"about":[{"href":"https:\/\/roveyayinevi.com.tr\/index.php\/wp-json\/wp\/v2\/types\/product"}],"wp:attachment":[{"href":"https:\/\/roveyayinevi.com.tr\/index.php\/wp-json\/wp\/v2\/media?parent=762016"}],"wp:term":[{"taxonomy":"product_brand","embeddable":true,"href":"https:\/\/roveyayinevi.com.tr\/index.php\/wp-json\/wp\/v2\/product_brand?post=762016"},{"taxonomy":"product_cat","embeddable":true,"href":"https:\/\/roveyayinevi.com.tr\/index.php\/wp-json\/wp\/v2\/product_cat?post=762016"},{"taxonomy":"product_tag","embeddable":true,"href":"https:\/\/roveyayinevi.com.tr\/index.php\/wp-json\/wp\/v2\/product_tag?post=762016"}],"curies":[{"name":"wp","href":"https:\/\/api.w.org\/{rel}","templated":true}]}}