{"id":762015,"date":"2025-08-28T09:54:36","date_gmt":"2025-08-28T06:54:36","guid":{"rendered":"https:\/\/roveyayinevi.com.tr\/index.php\/urun\/benim-olaganustu-arkadasim-cizgi-roman\/"},"modified":"2026-04-15T03:27:08","modified_gmt":"2026-04-15T00:27:08","slug":"benim-olaganustu-arkadasim-cizgi-roman","status":"publish","type":"product","link":"https:\/\/roveyayinevi.com.tr\/index.php\/urun\/benim-olaganustu-arkadasim-cizgi-roman\/","title":{"rendered":"Benim Ola\u011fan\u00fcst\u00fc Arkada\u015f\u0131m (\u00c7izgi Roman)"},"content":{"rendered":"<p>Elena Ferrante, Benim Ola\u011fan\u00fcst\u00fc Ak\u0131ll\u0131 Arkada\u015f\u0131m ile iki kad\u0131n aras\u0131ndaki dostlu\u011fa dair, d\u00fcnyan\u0131n d\u00f6rt bir yan\u0131ndaki okurlar\u0131 b\u00fcy\u00fcleyen bir eser arma\u011fan etmi\u015fti bize. Lila ile Len\u00f9\u2019nun hik\u00e2yesi 1950&#8217;lerde, Napoli banliy\u00f6lerinin sefil bir mahallesinde, iki k\u00fc\u00e7\u00fck k\u0131z\u0131n el ele tutu\u015fmas\u0131yla ba\u015flar. O g\u00fcn kurulan dostluk \u00f6m\u00fcr boyu \u00e7\u00f6z\u00fclmeyecek t\u00fcrdendir\u2026ancak i\u00e7inde sevginin, \u00f6fkenin, k\u0131skan\u00e7l\u0131\u011f\u0131n da her tonunu bar\u0131nd\u0131ran bir dostluktur bu. Bu unutulmaz roman, \u0130talya\u2019n\u0131n bu alanda en tan\u0131nm\u0131\u015f ill\u00fcstrat\u00f6rlerinden Mara Cerri&#8217;nin \u00f6zg\u00fcn \u00e7izimleri ve Fanny &amp; Alexander tiyatro toplulu\u011funun oyun yazar\u0131 ve oyuncusu Chiara Lagani&#8217;nin romandan uyarlad\u0131\u011f\u0131 metinle bir \u00e7izgi romana d\u00f6n\u00fc\u015ft\u00fc. \u00c7izgi roman tarz\u0131n\u0131n imk\u00e2nlar\u0131ndan faydalanarak Elena Ferrante&#8217;nin en bilinen eserini yeni a\u00e7\u0131lardan g\u00f6rmek isteyenler i\u00e7in.<\/p>\n","protected":false},"excerpt":{"rendered":"<p>Elena Ferrante, Benim Ola\u011fan\u00fcst\u00fc Ak\u0131ll\u0131 Arkada\u015f\u0131m ile iki kad\u0131n aras\u0131ndaki dostlu\u011fa dair, d\u00fcnyan\u0131n d\u00f6rt bir yan\u0131ndaki okurlar\u0131 b\u00fcy\u00fcleyen bir eser arma\u011fan etmi\u015fti bize. Lila ile Len\u00f9\u2019nun<span class=\"excerpt-hellip\"> [\u2026]<\/span><\/p>\n","protected":false},"featured_media":0,"template":"","meta":{"_monsterinsights_skip_tracking":false,"_monsterinsights_sitenote_active":false,"_monsterinsights_sitenote_note":"","_monsterinsights_sitenote_category":0},"product_brand":[],"product_cat":[12416,12291],"product_tag":[],"class_list":{"0":"post-762015","1":"product","2":"type-product","3":"status-publish","5":"product_cat-cizgi-roman","6":"product_cat-edebiyat","7":"pa_cilt-ciltsiz","8":"pa_tur-kitap","9":"pa_yayinevi-everest-yayinlari","10":"pa_yazar-chiara-lagani-mara-cerri","12":"first","13":"instock","14":"sale","15":"shipping-taxable","16":"purchasable","17":"product-type-simple"},"_links":{"self":[{"href":"https:\/\/roveyayinevi.com.tr\/index.php\/wp-json\/wp\/v2\/product\/762015","targetHints":{"allow":["GET"]}}],"collection":[{"href":"https:\/\/roveyayinevi.com.tr\/index.php\/wp-json\/wp\/v2\/product"}],"about":[{"href":"https:\/\/roveyayinevi.com.tr\/index.php\/wp-json\/wp\/v2\/types\/product"}],"wp:attachment":[{"href":"https:\/\/roveyayinevi.com.tr\/index.php\/wp-json\/wp\/v2\/media?parent=762015"}],"wp:term":[{"taxonomy":"product_brand","embeddable":true,"href":"https:\/\/roveyayinevi.com.tr\/index.php\/wp-json\/wp\/v2\/product_brand?post=762015"},{"taxonomy":"product_cat","embeddable":true,"href":"https:\/\/roveyayinevi.com.tr\/index.php\/wp-json\/wp\/v2\/product_cat?post=762015"},{"taxonomy":"product_tag","embeddable":true,"href":"https:\/\/roveyayinevi.com.tr\/index.php\/wp-json\/wp\/v2\/product_tag?post=762015"}],"curies":[{"name":"wp","href":"https:\/\/api.w.org\/{rel}","templated":true}]}}