{"id":762014,"date":"2025-08-28T09:54:35","date_gmt":"2025-08-28T06:54:35","guid":{"rendered":"https:\/\/roveyayinevi.com.tr\/index.php\/urun\/kant-sonrasi-kant\/"},"modified":"2026-04-15T03:27:08","modified_gmt":"2026-04-15T00:27:08","slug":"kant-sonrasi-kant","status":"publish","type":"product","link":"https:\/\/roveyayinevi.com.tr\/index.php\/urun\/kant-sonrasi-kant\/","title":{"rendered":"Kant Sonras\u0131 Kant"},"content":{"rendered":"<p>Kant felsefesi bug\u00fcn yaln\u0131zca felsefeyle s\u0131n\u0131rl\u0131 olmayan geni\u015f bir etki alan\u0131na sahip ve g\u00fcncelli\u011fini fazlas\u0131yla koruyor. B\u00f6ylesi \u00f6nemli bir felsefi canl\u0131l\u0131\u011fa katk\u0131 verme amac\u0131 g\u00fcden bu kitab\u0131n temel sorusu ise Kant\u2019tan sonraki filozoflar\u0131n Kant\u2019\u0131 nas\u0131l ele ald\u0131klar\u0131. Kant\u2019a hen\u00fcz hayattayken y\u00f6neltilen ele\u015ftirilerle ba\u015flayan Kant Sonras\u0131 Kant yirmi birinci y\u00fczy\u0131l filozoflar\u0131n\u0131n yorumlar\u0131na dek uzan\u0131yor. Y\u00f6neltilen olumlu ya da olumsuz ele\u015ftirileri, ge\u00e7en yakla\u015f\u0131k iki y\u00fcz elli y\u0131ll\u0131k s\u00fcreci takip ederek yine birbirinden \u00f6nemli filozoflar\u0131n d\u00fc\u015f\u00fcnce d\u00fcnyalar\u0131 i\u00e7inde g\u00f6zden ge\u00e7iriyor. B\u00f6ylelikle bug\u00fcn bir tekrar yaratmaktan \u00e7ok yarat\u0131c\u0131 ele\u015ftirilerin ve katk\u0131lar\u0131n \u00f6n\u00fcn\u00fc a\u00e7may\u0131 umut ediyor. Her biri T\u00fcrkiye\u2019de alan\u0131n\u0131n \u00f6nemli isimleri aras\u0131nda an\u0131lan yazarlar taraf\u0131ndan kaleme al\u0131nan Kant Sonras\u0131 Kant epistemolojiden esteti\u011fe, ahlaktan politikaya pek \u00e7ok disiplinin i\u00e7inden ge\u00e7erek okura muazzam bir d\u00fc\u015f\u00fcnce zenginli\u011fi sunuyor. <\/p>\n","protected":false},"excerpt":{"rendered":"<p>Kant felsefesi bug\u00fcn yaln\u0131zca felsefeyle s\u0131n\u0131rl\u0131 olmayan geni\u015f bir etki alan\u0131na sahip ve g\u00fcncelli\u011fini fazlas\u0131yla koruyor. B\u00f6ylesi \u00f6nemli bir felsefi canl\u0131l\u0131\u011fa katk\u0131 verme amac\u0131 g\u00fcden bu<span class=\"excerpt-hellip\"> [\u2026]<\/span><\/p>\n","protected":false},"featured_media":0,"template":"","meta":{"_monsterinsights_skip_tracking":false,"_monsterinsights_sitenote_active":false,"_monsterinsights_sitenote_note":"","_monsterinsights_sitenote_category":0},"product_brand":[],"product_cat":[20351,12388],"product_tag":[],"class_list":{"0":"post-762014","1":"product","2":"type-product","3":"status-publish","5":"product_cat-dusunce","6":"product_cat-felsefe","7":"pa_cilt-ciltsiz","8":"pa_tur-kitap","9":"pa_yayinevi-alfa-yayinlari","10":"pa_yazar-kolektif","12":"first","13":"instock","14":"sale","15":"shipping-taxable","16":"purchasable","17":"product-type-simple"},"_links":{"self":[{"href":"https:\/\/roveyayinevi.com.tr\/index.php\/wp-json\/wp\/v2\/product\/762014","targetHints":{"allow":["GET"]}}],"collection":[{"href":"https:\/\/roveyayinevi.com.tr\/index.php\/wp-json\/wp\/v2\/product"}],"about":[{"href":"https:\/\/roveyayinevi.com.tr\/index.php\/wp-json\/wp\/v2\/types\/product"}],"wp:attachment":[{"href":"https:\/\/roveyayinevi.com.tr\/index.php\/wp-json\/wp\/v2\/media?parent=762014"}],"wp:term":[{"taxonomy":"product_brand","embeddable":true,"href":"https:\/\/roveyayinevi.com.tr\/index.php\/wp-json\/wp\/v2\/product_brand?post=762014"},{"taxonomy":"product_cat","embeddable":true,"href":"https:\/\/roveyayinevi.com.tr\/index.php\/wp-json\/wp\/v2\/product_cat?post=762014"},{"taxonomy":"product_tag","embeddable":true,"href":"https:\/\/roveyayinevi.com.tr\/index.php\/wp-json\/wp\/v2\/product_tag?post=762014"}],"curies":[{"name":"wp","href":"https:\/\/api.w.org\/{rel}","templated":true}]}}