{"id":762013,"date":"2025-08-28T09:54:33","date_gmt":"2025-08-28T06:54:33","guid":{"rendered":"https:\/\/roveyayinevi.com.tr\/index.php\/urun\/turkiye-ve-dunyadan-gezi-notlari-ve-denemeler\/"},"modified":"2026-04-15T03:27:08","modified_gmt":"2026-04-15T00:27:08","slug":"turkiye-ve-dunyadan-gezi-notlari-ve-denemeler","status":"publish","type":"product","link":"https:\/\/roveyayinevi.com.tr\/index.php\/urun\/turkiye-ve-dunyadan-gezi-notlari-ve-denemeler\/","title":{"rendered":"T\u00fcrkiye ve D\u00fcnyadan Gezi Notlar\u0131 ve Denemeler"},"content":{"rendered":"<p>Ahmet \u00dcnal\u2019\u0131n burada gururla sundu\u011fumuz \u2018\u2019T\u00fcrkiye ve D\u00fcnyadan Gezi Notlar\u0131 ve Denemeler\u2019\u2019 ba\u015fl\u0131kl\u0131 kitab\u0131,onun 2023 y\u0131l\u0131nda yay\u0131nevimizce bas\u0131lan \u2018\u2019 \u00d6zel Ya\u015fant\u0131m ve Bilimsel Ara\u015ft\u0131rmalar\u0131ma Aral\u0131ks\u0131z e\u015flik eden Radyolu Y\u0131llar\u2019\u2019 ba\u015fl\u0131kl\u0131 kitab\u0131n\u0131n bir bak\u0131ma devam\u0131 niteli\u011findedir.Yazar bu kez de pek \u00e7o\u011funu kendisin ya\u015fad\u0131\u011f\u0131 ve duyumsad\u0131\u011f\u0131 de\u011fi\u015fik ve say\u0131s\u0131z konulara el at\u0131yor ve bunlar\u0131 kendine has ak\u0131c\u0131 ve hicivli diliyle anlat\u0131yor , \u00fc\u00e7 k\u0131tada yapt\u0131\u011f\u0131 gezilerine yenilerini ekliyor.<\/p>\n","protected":false},"excerpt":{"rendered":"<p>Ahmet \u00dcnal\u2019\u0131n burada gururla sundu\u011fumuz \u2018\u2019T\u00fcrkiye ve D\u00fcnyadan Gezi Notlar\u0131 ve Denemeler\u2019\u2019 ba\u015fl\u0131kl\u0131 kitab\u0131,onun 2023 y\u0131l\u0131nda yay\u0131nevimizce bas\u0131lan \u2018\u2019 \u00d6zel Ya\u015fant\u0131m ve Bilimsel Ara\u015ft\u0131rmalar\u0131ma Aral\u0131ks\u0131z e\u015flik<span class=\"excerpt-hellip\"> [\u2026]<\/span><\/p>\n","protected":false},"featured_media":0,"template":"","meta":{"_monsterinsights_skip_tracking":false,"_monsterinsights_sitenote_active":false,"_monsterinsights_sitenote_note":"","_monsterinsights_sitenote_category":0},"product_brand":[],"product_cat":[12777,12291],"product_tag":[],"class_list":{"0":"post-762013","1":"product","2":"type-product","3":"status-publish","5":"product_cat-deneme","6":"product_cat-edebiyat","7":"pa_cilt-ciltsiz","8":"pa_tur-kitap","9":"pa_yayinevi-bilgin-kultur-sanat","10":"pa_yazar-ahmet-unal","12":"first","13":"instock","14":"sale","15":"shipping-taxable","16":"purchasable","17":"product-type-simple"},"_links":{"self":[{"href":"https:\/\/roveyayinevi.com.tr\/index.php\/wp-json\/wp\/v2\/product\/762013","targetHints":{"allow":["GET"]}}],"collection":[{"href":"https:\/\/roveyayinevi.com.tr\/index.php\/wp-json\/wp\/v2\/product"}],"about":[{"href":"https:\/\/roveyayinevi.com.tr\/index.php\/wp-json\/wp\/v2\/types\/product"}],"wp:attachment":[{"href":"https:\/\/roveyayinevi.com.tr\/index.php\/wp-json\/wp\/v2\/media?parent=762013"}],"wp:term":[{"taxonomy":"product_brand","embeddable":true,"href":"https:\/\/roveyayinevi.com.tr\/index.php\/wp-json\/wp\/v2\/product_brand?post=762013"},{"taxonomy":"product_cat","embeddable":true,"href":"https:\/\/roveyayinevi.com.tr\/index.php\/wp-json\/wp\/v2\/product_cat?post=762013"},{"taxonomy":"product_tag","embeddable":true,"href":"https:\/\/roveyayinevi.com.tr\/index.php\/wp-json\/wp\/v2\/product_tag?post=762013"}],"curies":[{"name":"wp","href":"https:\/\/api.w.org\/{rel}","templated":true}]}}