{"id":762009,"date":"2025-08-28T09:54:28","date_gmt":"2025-08-28T06:54:28","guid":{"rendered":"https:\/\/roveyayinevi.com.tr\/index.php\/urun\/insan-nedir-6\/"},"modified":"2026-04-14T03:24:03","modified_gmt":"2026-04-14T00:24:03","slug":"insan-nedir-6","status":"publish","type":"product","link":"https:\/\/roveyayinevi.com.tr\/index.php\/urun\/insan-nedir-6\/","title":{"rendered":"\u0130nsan Nedir"},"content":{"rendered":"<p>Mark Twain&#8217;in &#8220;\u0130nsan Nedir?&#8221; adl\u0131 eseri, insan do\u011fas\u0131na dair derin ve d\u00fc\u015f\u00fcnd\u00fcr\u00fcc\u00fc bir inceleme sunuyor. Twain, iki karakter aras\u0131nda ge\u00e7en felsefi bir diyalog arac\u0131l\u0131\u011f\u0131yla, insan\u0131n do\u011fas\u0131n\u0131, \u00f6zg\u00fcr iradesini ve ahlaki de\u011ferlerini sorguluyor. Ya\u015fl\u0131 Adam ve Gen\u00e7 Adam aras\u0131ndaki konu\u015fmalar, okuyucuyu insan davran\u0131\u015flar\u0131n\u0131n k\u00f6kenlerine dair cesur ve k\u0131\u015fk\u0131rt\u0131c\u0131 sorularla ba\u015f ba\u015fa b\u0131rak\u0131yor.   Bu etkileyici kitap, Twain&#8217;in zek\u00e2s\u0131 ve keskin g\u00f6zlem yetene\u011fi ile insan psikolojisine dair g\u00fc\u00e7l\u00fc i\u00e7g\u00f6r\u00fcler sunuyor. &#8220;\u0130nsan Nedir?&#8221; sadece bir edebi eser de\u011fil, ayn\u0131 zamanda okuyucuyu kendi varolu\u015funu ve etik de\u011ferlerini sorgulamaya te\u015fvik eden felsefi bir manifestodur.   Mark Twain&#8217;in e\u015fsiz anlat\u0131m tarz\u0131 ve derin d\u00fc\u015f\u00fcnceleriyle, bu kitap, insan do\u011fas\u0131na dair en temel sorular\u0131 ara\u015ft\u0131r\u0131rken, okuyucular\u0131na unutulmaz bir okuma deneyimi vaat ediyor.   \u201c\u0130nsan nedir?\u201d bu sorunun cevab\u0131n\u0131 arayan herkes i\u00e7in vazge\u00e7ilmez bir ba\u015fucu kitab\u0131. <\/p>\n","protected":false},"excerpt":{"rendered":"<p>Mark Twain&#8217;in &#8220;\u0130nsan Nedir?&#8221; adl\u0131 eseri, insan do\u011fas\u0131na dair derin ve d\u00fc\u015f\u00fcnd\u00fcr\u00fcc\u00fc bir inceleme sunuyor. Twain, iki karakter aras\u0131nda ge\u00e7en felsefi bir diyalog arac\u0131l\u0131\u011f\u0131yla, insan\u0131n do\u011fas\u0131n\u0131,<span class=\"excerpt-hellip\"> [\u2026]<\/span><\/p>\n","protected":false},"featured_media":0,"template":"","meta":{"_monsterinsights_skip_tracking":false,"_monsterinsights_sitenote_active":false,"_monsterinsights_sitenote_note":"","_monsterinsights_sitenote_category":0},"product_brand":[],"product_cat":[12777,12291],"product_tag":[],"class_list":{"0":"post-762009","1":"product","2":"type-product","3":"status-publish","5":"product_cat-deneme","6":"product_cat-edebiyat","7":"pa_cilt-ciltsiz","8":"pa_tur-kitap","9":"pa_yayinevi-kirmizi-ada-yayinlari","10":"pa_yazar-mark-twain","12":"first","13":"instock","14":"sale","15":"shipping-taxable","16":"purchasable","17":"product-type-simple"},"_links":{"self":[{"href":"https:\/\/roveyayinevi.com.tr\/index.php\/wp-json\/wp\/v2\/product\/762009","targetHints":{"allow":["GET"]}}],"collection":[{"href":"https:\/\/roveyayinevi.com.tr\/index.php\/wp-json\/wp\/v2\/product"}],"about":[{"href":"https:\/\/roveyayinevi.com.tr\/index.php\/wp-json\/wp\/v2\/types\/product"}],"wp:attachment":[{"href":"https:\/\/roveyayinevi.com.tr\/index.php\/wp-json\/wp\/v2\/media?parent=762009"}],"wp:term":[{"taxonomy":"product_brand","embeddable":true,"href":"https:\/\/roveyayinevi.com.tr\/index.php\/wp-json\/wp\/v2\/product_brand?post=762009"},{"taxonomy":"product_cat","embeddable":true,"href":"https:\/\/roveyayinevi.com.tr\/index.php\/wp-json\/wp\/v2\/product_cat?post=762009"},{"taxonomy":"product_tag","embeddable":true,"href":"https:\/\/roveyayinevi.com.tr\/index.php\/wp-json\/wp\/v2\/product_tag?post=762009"}],"curies":[{"name":"wp","href":"https:\/\/api.w.org\/{rel}","templated":true}]}}