{"id":762004,"date":"2025-08-28T09:54:18","date_gmt":"2025-08-28T06:54:18","guid":{"rendered":"https:\/\/roveyayinevi.com.tr\/index.php\/urun\/dokuz-kapi\/"},"modified":"2026-04-11T14:30:23","modified_gmt":"2026-04-11T11:30:23","slug":"dokuz-kapi","status":"publish","type":"product","link":"https:\/\/roveyayinevi.com.tr\/index.php\/urun\/dokuz-kapi\/","title":{"rendered":"Dokuz Kap\u0131"},"content":{"rendered":"<p>D\u00fcnyasal dedi\u011fimiz hayat d\u00f6ng\u00fcleri sadece; hep ak\u0131ll\u0131lar ve g\u00fc\u00e7l\u00fcler taraf\u0131ndan m\u0131, yoksa ba\u015fkalar\u0131 taraf\u0131ndan m\u0131 y\u00f6netilir? Cevap, bu \u015f\u0131klardan hi\u00e7birinde olmay\u0131p, belki de b\u00fct\u00fcn bu kararlar\u0131 sadece \u201c\u0130lahi g\u00fc\u00e7\u201d dedi\u011fimiz Yaradan veriyordur? Yoksa biz mi veriyoruz? Bu konularda kafan\u0131z\u0131 fazla kar\u0131\u015ft\u0131rmayay\u0131m ama siz siz olun, beraber ayn\u0131 yola \u00e7\u0131kt\u0131\u011f\u0131n\u0131z arkada\u015flar\u0131n\u0131z\u0131 sak\u0131n ha yar\u0131 yolda b\u0131rak\u0131p, devam\u0131nda mola yerlerinde, yeni tan\u0131\u015ft\u0131\u011f\u0131n\u0131z insanlarla birlikte yolunuza devam etmeyin! Atalar\u0131m\u0131z \u201cDereyi ge\u00e7erken at de\u011fi\u015ftirilmez,\u201d s\u00f6z\u00fcn\u00fc bo\u015funa s\u00f6ylememi\u015ftir.   Hayat\u0131n Puk Kodu serisinin yazar\u0131 Nurettin \u00d6zdo\u011fan\u2019dan \u00e7arp\u0131c\u0131 bir eser.   Dokuz insan, dokuz kap\u0131\u2026 Kadersel d\u00f6ng\u00fclerin insanlara etkisini, inan\u0131lmaz ger\u00e7eklerle okuyaca\u011f\u0131m\u0131z s\u00fcr\u00fckleyici bir roman\u2026<\/p>\n","protected":false},"excerpt":{"rendered":"<p>D\u00fcnyasal dedi\u011fimiz hayat d\u00f6ng\u00fcleri sadece; hep ak\u0131ll\u0131lar ve g\u00fc\u00e7l\u00fcler taraf\u0131ndan m\u0131, yoksa ba\u015fkalar\u0131 taraf\u0131ndan m\u0131 y\u00f6netilir? Cevap, bu \u015f\u0131klardan hi\u00e7birinde olmay\u0131p, belki de b\u00fct\u00fcn bu kararlar\u0131<span class=\"excerpt-hellip\"> [\u2026]<\/span><\/p>\n","protected":false},"featured_media":0,"template":"","meta":{"_monsterinsights_skip_tracking":false,"_monsterinsights_sitenote_active":false,"_monsterinsights_sitenote_note":"","_monsterinsights_sitenote_category":0},"product_brand":[],"product_cat":[12291,12711],"product_tag":[],"class_list":{"0":"post-762004","1":"product","2":"type-product","3":"status-publish","5":"product_cat-edebiyat","6":"product_cat-roman-oyku","7":"pa_cilt-ciltsiz","8":"pa_tur-kitap","9":"pa_yayinevi-luna-yayinlari","10":"pa_yazar-nurettin-ozdogan","12":"first","13":"instock","14":"sale","15":"shipping-taxable","16":"purchasable","17":"product-type-simple"},"_links":{"self":[{"href":"https:\/\/roveyayinevi.com.tr\/index.php\/wp-json\/wp\/v2\/product\/762004","targetHints":{"allow":["GET"]}}],"collection":[{"href":"https:\/\/roveyayinevi.com.tr\/index.php\/wp-json\/wp\/v2\/product"}],"about":[{"href":"https:\/\/roveyayinevi.com.tr\/index.php\/wp-json\/wp\/v2\/types\/product"}],"wp:attachment":[{"href":"https:\/\/roveyayinevi.com.tr\/index.php\/wp-json\/wp\/v2\/media?parent=762004"}],"wp:term":[{"taxonomy":"product_brand","embeddable":true,"href":"https:\/\/roveyayinevi.com.tr\/index.php\/wp-json\/wp\/v2\/product_brand?post=762004"},{"taxonomy":"product_cat","embeddable":true,"href":"https:\/\/roveyayinevi.com.tr\/index.php\/wp-json\/wp\/v2\/product_cat?post=762004"},{"taxonomy":"product_tag","embeddable":true,"href":"https:\/\/roveyayinevi.com.tr\/index.php\/wp-json\/wp\/v2\/product_tag?post=762004"}],"curies":[{"name":"wp","href":"https:\/\/api.w.org\/{rel}","templated":true}]}}