{"id":762002,"date":"2025-08-28T09:54:15","date_gmt":"2025-08-28T06:54:15","guid":{"rendered":"https:\/\/roveyayinevi.com.tr\/index.php\/urun\/esitlik-tutkusu\/"},"modified":"2026-04-15T03:27:08","modified_gmt":"2026-04-15T00:27:08","slug":"esitlik-tutkusu","status":"publish","type":"product","link":"https:\/\/roveyayinevi.com.tr\/index.php\/urun\/esitlik-tutkusu\/","title":{"rendered":"E\u015fitlik Tutkusu"},"content":{"rendered":"<p>Modern toplumlar e\u015fitli\u011fi temel de\u011ferlerden biri olarak kabul ediyor. Nitekim g\u00fcn\u00fcm\u00fczde kimlik etraf\u0131ndaki ayr\u0131mc\u0131l\u0131klara kar\u015f\u0131 e\u015fitlik m\u00fccadelesi g\u00fcn ge\u00e7tik\u00e7e g\u00fc\u00e7leniyor. Buna kar\u015f\u0131l\u0131k maddi e\u015fitlik m\u00fccadelesi g\u00fc\u00e7 kaybetti ve bu alandaki e\u015fitsizlikler derinle\u015fiyor. Bu paradoksu nas\u0131l anlamal\u0131? E\u015fitlik arzumuz adaletsizlikten rahats\u0131z olmayacak kadar zay\u0131flad\u0131 m\u0131 yoksa?   Florent Gu\u00e9nard e\u015fitlik ile kurulan ruhsal ili\u015fkinin karma\u015f\u0131k oldu\u011funu g\u00f6steriyor. Yazara g\u00f6re e\u015fitlik\u00e7i toplumlarda e\u015fitlik, hem bireyler aras\u0131ndaki ili\u015fkiyi yap\u0131land\u0131rd\u0131\u011f\u0131 hem de her bireyin kendini de\u011ferlendirmesi i\u00e7in bir k\u0131stas olu\u015fturdu\u011fu i\u00e7in ba\u015fl\u0131 ba\u015f\u0131na bir de\u011fer olarak benimseniyor. Modern ve e\u015fitsiz toplumlarda ise bu tutku ortadan kalkm\u0131yor ama k\u0131l\u0131k de\u011fi\u015ftiriyor: Herkes kendisi i\u00e7in e\u015fitlik ister bir hale geliyor, \u00e7\u00fcnk\u00fc modern hayatta onur duygumuz ya\u015fam d\u00fczeyleriyle ilgili k\u0131yaslamalardan etkileniyor. Maddi ko\u015fullar\u0131n e\u015fitsizli\u011fi \u00f6zsayg\u0131m\u0131z\u0131 yaralayabiliyor. Ku\u015fkusuz buna tepki olarak geli\u015fen duygular\u0131n da bug\u00fcnk\u00fc toplumsal isteklerimizi \u00f6nemli \u00f6l\u00e7\u00fcde a\u00e7\u0131klad\u0131\u011f\u0131 g\u00f6r\u00fcl\u00fcyor. Gelirde ve mirasta e\u015fitsizli\u011fin azalt\u0131lmas\u0131 bug\u00fcn art\u0131k sadece siyasi bir se\u00e7enek de\u011fil, tarihsel bir zorunluluk haline geldi. <\/p>\n","protected":false},"excerpt":{"rendered":"<p>Modern toplumlar e\u015fitli\u011fi temel de\u011ferlerden biri olarak kabul ediyor. Nitekim g\u00fcn\u00fcm\u00fczde kimlik etraf\u0131ndaki ayr\u0131mc\u0131l\u0131klara kar\u015f\u0131 e\u015fitlik m\u00fccadelesi g\u00fcn ge\u00e7tik\u00e7e g\u00fc\u00e7leniyor. Buna kar\u015f\u0131l\u0131k maddi e\u015fitlik m\u00fccadelesi g\u00fc\u00e7<span class=\"excerpt-hellip\"> [\u2026]<\/span><\/p>\n","protected":false},"featured_media":0,"template":"","meta":{"_monsterinsights_skip_tracking":false,"_monsterinsights_sitenote_active":false,"_monsterinsights_sitenote_note":"","_monsterinsights_sitenote_category":0},"product_brand":[],"product_cat":[12388],"product_tag":[],"class_list":{"0":"post-762002","1":"product","2":"type-product","3":"status-publish","5":"product_cat-felsefe","6":"pa_cilt-ciltsiz","7":"pa_tur-kitap","8":"pa_yayinevi-metis-yayinlari","9":"pa_yazar-florent-guenard","11":"first","12":"instock","13":"sale","14":"shipping-taxable","15":"purchasable","16":"product-type-simple"},"_links":{"self":[{"href":"https:\/\/roveyayinevi.com.tr\/index.php\/wp-json\/wp\/v2\/product\/762002","targetHints":{"allow":["GET"]}}],"collection":[{"href":"https:\/\/roveyayinevi.com.tr\/index.php\/wp-json\/wp\/v2\/product"}],"about":[{"href":"https:\/\/roveyayinevi.com.tr\/index.php\/wp-json\/wp\/v2\/types\/product"}],"wp:attachment":[{"href":"https:\/\/roveyayinevi.com.tr\/index.php\/wp-json\/wp\/v2\/media?parent=762002"}],"wp:term":[{"taxonomy":"product_brand","embeddable":true,"href":"https:\/\/roveyayinevi.com.tr\/index.php\/wp-json\/wp\/v2\/product_brand?post=762002"},{"taxonomy":"product_cat","embeddable":true,"href":"https:\/\/roveyayinevi.com.tr\/index.php\/wp-json\/wp\/v2\/product_cat?post=762002"},{"taxonomy":"product_tag","embeddable":true,"href":"https:\/\/roveyayinevi.com.tr\/index.php\/wp-json\/wp\/v2\/product_tag?post=762002"}],"curies":[{"name":"wp","href":"https:\/\/api.w.org\/{rel}","templated":true}]}}