{"id":762001,"date":"2025-08-28T09:54:13","date_gmt":"2025-08-28T06:54:13","guid":{"rendered":"https:\/\/roveyayinevi.com.tr\/index.php\/urun\/travma-ve-anlati\/"},"modified":"2026-04-15T03:27:08","modified_gmt":"2026-04-15T00:27:08","slug":"travma-ve-anlati","status":"publish","type":"product","link":"https:\/\/roveyayinevi.com.tr\/index.php\/urun\/travma-ve-anlati\/","title":{"rendered":"Travma ve Anlat\u0131"},"content":{"rendered":"<p>Travma ve Anlat\u0131\u2019daki yaz\u0131lar\u0131n ortakla\u015ft\u0131klar\u0131 genel izlek, bireysel, tarihsel, kolektif, \u00e7evresel ve ekolojik travman\u0131n edebiyatta, edebiyatla yak\u0131n temas eden ku\u0308ltu\u0308rel \u00e7al\u0131\u015fmalarda k\u0131\u015fk\u0131rt\u0131c\u0131 bi\u00e7imde nas\u0131l tezah\u00fcr etti\u011fidir. Bu kitapta kaleme al\u0131nan \u00f6zg\u00fcn incelemeler, travman\u0131n anlat\u0131da sanc\u0131l\u0131 dile geli\u015finde veya dile gelemeyi\u015finde tek tiple\u015fen bi\u00e7imine ve s\u0131n\u0131rl\u0131 estetik alg\u0131s\u0131na meydan okuyor. T\u00fcrkiye \u00f6zelinde ise, Osmanl\u0131 sonras\u0131 \u00e7a\u011fda\u015f Tu\u0308rk\u00e7e edebiyatta travma ve travmatik belle\u011fin yans\u0131malar\u0131n\u0131n pe\u015fi s\u0131ra giderken, Osmanl\u0131\u2019dan Cumhuriyet\u2019e ge\u00e7i\u015f sanc\u0131s\u0131, \u00e7at\u0131\u015fma, sava\u015f, darbe, yerinden yurdundan edilme, g\u00f6\u00e7 ve su\u0308rgu\u0308nlu\u0308k gibi s\u00fcre\u00e7lerin esteti\u011fini irdeliyor. Travma ve Anlat\u0131, bireysel, kolektif, ku\u0308ltu\u0308rel, siyasi ve \u00e7evresel k\u0131r\u0131lmalar\u0131n birbirinden esasen nas\u0131l ayr\u0131lamaz oldu\u011funun alt\u0131n\u0131 \u00e7iziyor. Bu yan\u0131yla, travmatik deneyimler ile travmatik belle\u011fin sadece zihinsel durumlar arac\u0131l\u0131\u011f\u0131yla de\u011fil, maddesel, duyumsal ve spirit\u00fcel s\u00fcre\u00e7lerle de i\u00e7 i\u00e7eli\u011fini g\u00f6steriyor. Livera Yay\u0131nevi olarak ba\u015flatt\u0131\u011f\u0131m\u0131z Edeb\u00ee Patikalar serisinin ikinci kitab\u0131 olan Travma ve Anlat\u0131, k\u0131ymetli yazarlar\u0131m\u0131z\u0131n metinlerinde ortakla\u015ft\u0131\u011f\u0131 \u00fczere g\u00fcn\u00fcm\u00fcze ait yaralara, k\u0131r\u0131lgan hayatlara daha e\u015fitlik\u00e7i ve adaletli bir yerden bakmaya okuru davet ederken, bize verili hik\u00e2yeleri ve varsay\u0131mlar\u0131 sorgulayarak travma ve haf\u0131za literat\u00fcr\u00fcnde ge\u00e7mi\u015f, \u015fimdi ve gelece\u011fe dair ikili s\u00f6ylemlerin \u00f6tesinde yeni bir hik\u00e2ye anlat\u0131c\u0131l\u0131\u011f\u0131n\u0131n aciliyetini vurguluyor. Covid-19 k\u00fcresel pandemisi, s\u0131n\u0131rlar\u0131m\u0131z\u0131n \u00e7ok yak\u0131n\u0131nda s\u00fcregiden sava\u015flar, g\u00f6\u00e7ler, ya\u015fad\u0131\u011f\u0131m\u0131z k\u00fclt\u00fcrel, ekonomik, politik, \u00e7evresel ve iklimsel yerinden edilmeler, tan\u0131kl\u0131k etti\u011fimiz depremler, seller ve yersizyurtsuzla\u015fmalar gibi \u015fimdiki zamana ili\u015fkin felaketleri tart\u0131\u015fmaya olanak sa\u011flamak isterken okurlar\u0131 dil ve edebiyata\/dilden edebiyattan yeni ve yarat\u0131c\u0131 projeksiyonlara davet ediyor. En \u00f6nemlisi, dil ile u\u011fra\u015fman\u0131n estetik ve etik boyutlar\u0131n\u0131 yeniden d\u00fc\u015f\u00fcn\u00fcrken travmay\u0131 bir olu\u015f, hakikatin ve adaletin dile getirilmesi i\u00e7in katman katman a\u00e7\u0131lan bir alan, yarat\u0131c\u0131l\u0131kla \u00f6r\u00fclen bir a\u00e7\u0131kl\u0131k oldu\u011funu dile getiriyor. <\/p>\n","protected":false},"excerpt":{"rendered":"<p>Travma ve Anlat\u0131\u2019daki yaz\u0131lar\u0131n ortakla\u015ft\u0131klar\u0131 genel izlek, bireysel, tarihsel, kolektif, \u00e7evresel ve ekolojik travman\u0131n edebiyatta, edebiyatla yak\u0131n temas eden ku\u0308ltu\u0308rel \u00e7al\u0131\u015fmalarda k\u0131\u015fk\u0131rt\u0131c\u0131 bi\u00e7imde nas\u0131l tezah\u00fcr etti\u011fidir.<span class=\"excerpt-hellip\"> [\u2026]<\/span><\/p>\n","protected":false},"featured_media":0,"template":"","meta":{"_monsterinsights_skip_tracking":false,"_monsterinsights_sitenote_active":false,"_monsterinsights_sitenote_note":"","_monsterinsights_sitenote_category":0},"product_brand":[],"product_cat":[18545,12291],"product_tag":[],"class_list":{"0":"post-762001","1":"product","2":"type-product","3":"status-publish","5":"product_cat-anlati","6":"product_cat-edebiyat","7":"pa_cilt-ciltsiz","8":"pa_tur-kitap","9":"pa_yayinevi-livera-yayinevi","10":"pa_yazar-deniz-gundogan-ibrisim","12":"first","13":"instock","14":"sale","15":"shipping-taxable","16":"purchasable","17":"product-type-simple"},"_links":{"self":[{"href":"https:\/\/roveyayinevi.com.tr\/index.php\/wp-json\/wp\/v2\/product\/762001","targetHints":{"allow":["GET"]}}],"collection":[{"href":"https:\/\/roveyayinevi.com.tr\/index.php\/wp-json\/wp\/v2\/product"}],"about":[{"href":"https:\/\/roveyayinevi.com.tr\/index.php\/wp-json\/wp\/v2\/types\/product"}],"wp:attachment":[{"href":"https:\/\/roveyayinevi.com.tr\/index.php\/wp-json\/wp\/v2\/media?parent=762001"}],"wp:term":[{"taxonomy":"product_brand","embeddable":true,"href":"https:\/\/roveyayinevi.com.tr\/index.php\/wp-json\/wp\/v2\/product_brand?post=762001"},{"taxonomy":"product_cat","embeddable":true,"href":"https:\/\/roveyayinevi.com.tr\/index.php\/wp-json\/wp\/v2\/product_cat?post=762001"},{"taxonomy":"product_tag","embeddable":true,"href":"https:\/\/roveyayinevi.com.tr\/index.php\/wp-json\/wp\/v2\/product_tag?post=762001"}],"curies":[{"name":"wp","href":"https:\/\/api.w.org\/{rel}","templated":true}]}}