{"id":761996,"date":"2025-08-28T09:54:04","date_gmt":"2025-08-28T06:54:04","guid":{"rendered":"https:\/\/roveyayinevi.com.tr\/index.php\/urun\/sorularla-bebek-isteyenlerin-el-kitabi\/"},"modified":"2026-04-15T03:27:08","modified_gmt":"2026-04-15T00:27:08","slug":"sorularla-bebek-isteyenlerin-el-kitabi","status":"publish","type":"product","link":"https:\/\/roveyayinevi.com.tr\/index.php\/urun\/sorularla-bebek-isteyenlerin-el-kitabi\/","title":{"rendered":"Sorularla Bebek \u0130steyenlerin El Kitab\u0131"},"content":{"rendered":"<p>\u0130nfertilite nedenleri nedir? En do\u011fru tedavi y\u00f6ntemi nas\u0131l se\u00e7ilebilir? A\u00e7\u0131klanamayan infertilite hastalar\u0131 i\u00e7in tedavi se\u00e7enekleri nelerdir? Gebelik \u00f6ncesi d\u00f6nemde nas\u0131l beslenmek gerekir? T\u00fcp bebek tedavisi karar\u0131 vermeden \u00f6nce nelere dikkat edilmelidir? T\u00fcp bebek tedavisinin a\u015famalar\u0131 nelerdir? Tekrarlayan gebelik kay\u0131plar\u0131nda neler yap\u0131labilir?   G\u00fcn\u00fcm\u00fczde bebek sahibi olamamak (infertilite) her yedi \u00e7iftten birinin sorunu. Ne yaz\u0131k ki bu sorun ya\u015f, stres, sa\u011fl\u0131k durumu, ya\u015fam al\u0131\u015fkanl\u0131klar\u0131 ve \u00e7evresel fakt\u00f6rlere ba\u011fl\u0131 olarak g\u00fcn ge\u00e7tik\u00e7e art\u0131yor.  Do\u011fru tedavi i\u00e7in do\u011fru bilgilerle yola \u00e7\u0131kmak daha da \u00f6nemli hale geliyor.   \u0130nfertilite i\u00e7in bilin\u00e7sizce, aceleyle ve panikle ba\u015flanacak tedavilerin faydadan \u00e7ok zarar verdi\u011fini vurgulayan Prof. Dr. \u0130smail \u00c7epni, Sorularla Bebek \u0130steyenlerin El Kitab\u0131\u2019nda \u201c\u0130nfertilite tan\u0131 ve tedavisinde o \u00e7ifte uygun ne gerekli ise o yap\u0131lmal\u0131d\u0131r. Ne eksik, ne fazla\u201d diyor.   \u0130nfertiliteyi b\u00fct\u00fcn y\u00f6nleriyle ele alan Prof. Dr. \u0130smail \u00c7epni, anne baba olmak isteyen \u00e7iftlere otuz y\u0131l\u0131 a\u015fk\u0131n deneyimiyle yol g\u00f6steriyor. <\/p>\n","protected":false},"excerpt":{"rendered":"<p>\u0130nfertilite nedenleri nedir? En do\u011fru tedavi y\u00f6ntemi nas\u0131l se\u00e7ilebilir? A\u00e7\u0131klanamayan infertilite hastalar\u0131 i\u00e7in tedavi se\u00e7enekleri nelerdir? Gebelik \u00f6ncesi d\u00f6nemde nas\u0131l beslenmek gerekir? T\u00fcp bebek tedavisi karar\u0131<span class=\"excerpt-hellip\"> [\u2026]<\/span><\/p>\n","protected":false},"featured_media":0,"template":"","meta":{"_monsterinsights_skip_tracking":false,"_monsterinsights_sitenote_active":false,"_monsterinsights_sitenote_note":"","_monsterinsights_sitenote_category":0},"product_brand":[],"product_cat":[20313,13365],"product_tag":[],"class_list":{"0":"post-761996","1":"product","2":"type-product","3":"status-publish","5":"product_cat-basvuru-kitaplari-saglik","6":"product_cat-saglik","7":"pa_cilt-ciltsiz","8":"pa_tur-kitap","9":"pa_yayinevi-dogan-kitap","10":"pa_yazar-prof-dr-ismail-cepni","12":"first","13":"instock","14":"sale","15":"shipping-taxable","16":"purchasable","17":"product-type-simple"},"_links":{"self":[{"href":"https:\/\/roveyayinevi.com.tr\/index.php\/wp-json\/wp\/v2\/product\/761996","targetHints":{"allow":["GET"]}}],"collection":[{"href":"https:\/\/roveyayinevi.com.tr\/index.php\/wp-json\/wp\/v2\/product"}],"about":[{"href":"https:\/\/roveyayinevi.com.tr\/index.php\/wp-json\/wp\/v2\/types\/product"}],"wp:attachment":[{"href":"https:\/\/roveyayinevi.com.tr\/index.php\/wp-json\/wp\/v2\/media?parent=761996"}],"wp:term":[{"taxonomy":"product_brand","embeddable":true,"href":"https:\/\/roveyayinevi.com.tr\/index.php\/wp-json\/wp\/v2\/product_brand?post=761996"},{"taxonomy":"product_cat","embeddable":true,"href":"https:\/\/roveyayinevi.com.tr\/index.php\/wp-json\/wp\/v2\/product_cat?post=761996"},{"taxonomy":"product_tag","embeddable":true,"href":"https:\/\/roveyayinevi.com.tr\/index.php\/wp-json\/wp\/v2\/product_tag?post=761996"}],"curies":[{"name":"wp","href":"https:\/\/api.w.org\/{rel}","templated":true}]}}