{"id":761995,"date":"2025-08-28T09:54:02","date_gmt":"2025-08-28T06:54:02","guid":{"rendered":"https:\/\/roveyayinevi.com.tr\/index.php\/urun\/overdose-turkiye\/"},"modified":"2026-04-15T03:27:08","modified_gmt":"2026-04-15T00:27:08","slug":"overdose-turkiye","status":"publish","type":"product","link":"https:\/\/roveyayinevi.com.tr\/index.php\/urun\/overdose-turkiye\/","title":{"rendered":"Overdose T\u00fcrkiye"},"content":{"rendered":"<p>Overdose T\u00fcrkiye organize su\u00e7 ve uyu\u015fturucunun demokrasiye kar\u015f\u0131 bir tehdide d\u00f6n\u00fc\u015fen istilas\u0131n\u0131 konu ediniyor. K\u0131y\u0131da k\u00f6\u015fede unutulmu\u015f resmi belgelerin, hi\u00e7 konu\u015fulmam\u0131\u015f g\u00fcncel raporlar\u0131n ve mahkeme kay\u0131tlar\u0131n\u0131n ayr\u0131nt\u0131lar\u0131nda kalan karanl\u0131\u011fa \u0131\u015f\u0131k tutuyor.   \u201cCengiz Erdin\u00e7&#8217;in Overdose T\u00fcrkiye kitab\u0131 ara\u015ft\u0131rmac\u0131 gazetecili\u011fin en se\u00e7kin \u00f6rneklerinden biri. 1930&#8217;larda \u0130stanbul&#8217;da \u00fc\u00e7 eroin fabrikas\u0131n\u0131n bulundu\u011funu ve bunlardan birinin y\u00f6netim kurulu ba\u015fkan\u0131n\u0131n sonradan ba\u015fbakanl\u0131k yapt\u0131\u011f\u0131n\u0131 \u015fa\u015fk\u0131nl\u0131kla okudu\u011fumu hat\u0131rl\u0131yorum. Overdose T\u00fcrkiye&#8217;nin de\u011feri, y\u0131llar \u00f6nce yaz\u0131ld\u0131\u011f\u0131nda anla\u015f\u0131labilseydi, belki bug\u00fcn \u00fclkemiz baronlar cennetine d\u00f6nmeyecekti.\u201d \u0130smail Saymaz \/ Gazeteci &#8211; S\u00f6zc\u00fc   \u201cBir zehrin, bir ulusun damarlar\u0131nda nas\u0131l dola\u015ft\u0131r\u0131ld\u0131\u011f\u0131n\u0131 anlatan belgesel bir gazeteci kitab\u0131. Kanalizasyon a\u011f\u0131ndan \u00e7\u0131kan ger\u00e7ek T\u00fcrkiye\u2019ye ho\u015f geldiniz.\u201d Mustafa Ho\u015f \/ Gazeteci    \u201cOverdose T\u00fcrkiye konuyla ilgilenen herkesin referans kitab\u0131yd\u0131. \u00d6zellikle bu yeni bask\u0131dan sonra, kitab\u0131n tarihsel ve k\u00fcresel perspektifi, mafya ve uyu\u015fturucuyu yaln\u0131zca su\u00e7 boyutuyla de\u011fil, toplumsal ve politik bir sorun olarak da anlamaya yard\u0131mc\u0131 oluyor.\u201d Andr\u00e9s Mourenza \/ Gazeteci &#8211; El Pa\u00eds <\/p>\n","protected":false},"excerpt":{"rendered":"<p>Overdose T\u00fcrkiye organize su\u00e7 ve uyu\u015fturucunun demokrasiye kar\u015f\u0131 bir tehdide d\u00f6n\u00fc\u015fen istilas\u0131n\u0131 konu ediniyor. K\u0131y\u0131da k\u00f6\u015fede unutulmu\u015f resmi belgelerin, hi\u00e7 konu\u015fulmam\u0131\u015f g\u00fcncel raporlar\u0131n ve mahkeme kay\u0131tlar\u0131n\u0131n<span class=\"excerpt-hellip\"> [\u2026]<\/span><\/p>\n","protected":false},"featured_media":0,"template":"","meta":{"_monsterinsights_skip_tracking":false,"_monsterinsights_sitenote_active":false,"_monsterinsights_sitenote_note":"","_monsterinsights_sitenote_category":0},"product_brand":[],"product_cat":[13590,12337],"product_tag":[],"class_list":{"0":"post-761995","1":"product","2":"type-product","3":"status-publish","5":"product_cat-arastirma-inceleme-politika-siyaset","6":"product_cat-politika-siyaset","7":"pa_cilt-ciltsiz","8":"pa_tur-kitap","9":"pa_yayinevi-dogan-kitap","10":"pa_yazar-f-cengiz-erdinc","12":"first","13":"instock","14":"sale","15":"shipping-taxable","16":"purchasable","17":"product-type-simple"},"_links":{"self":[{"href":"https:\/\/roveyayinevi.com.tr\/index.php\/wp-json\/wp\/v2\/product\/761995","targetHints":{"allow":["GET"]}}],"collection":[{"href":"https:\/\/roveyayinevi.com.tr\/index.php\/wp-json\/wp\/v2\/product"}],"about":[{"href":"https:\/\/roveyayinevi.com.tr\/index.php\/wp-json\/wp\/v2\/types\/product"}],"wp:attachment":[{"href":"https:\/\/roveyayinevi.com.tr\/index.php\/wp-json\/wp\/v2\/media?parent=761995"}],"wp:term":[{"taxonomy":"product_brand","embeddable":true,"href":"https:\/\/roveyayinevi.com.tr\/index.php\/wp-json\/wp\/v2\/product_brand?post=761995"},{"taxonomy":"product_cat","embeddable":true,"href":"https:\/\/roveyayinevi.com.tr\/index.php\/wp-json\/wp\/v2\/product_cat?post=761995"},{"taxonomy":"product_tag","embeddable":true,"href":"https:\/\/roveyayinevi.com.tr\/index.php\/wp-json\/wp\/v2\/product_tag?post=761995"}],"curies":[{"name":"wp","href":"https:\/\/api.w.org\/{rel}","templated":true}]}}