{"id":761994,"date":"2025-08-28T09:54:00","date_gmt":"2025-08-28T06:54:00","guid":{"rendered":"https:\/\/roveyayinevi.com.tr\/index.php\/urun\/yuregimdeki-murekkep\/"},"modified":"2026-04-15T03:27:08","modified_gmt":"2026-04-15T00:27:08","slug":"yuregimdeki-murekkep","status":"publish","type":"product","link":"https:\/\/roveyayinevi.com.tr\/index.php\/urun\/yuregimdeki-murekkep\/","title":{"rendered":"Y\u00fcre\u011fimdeki M\u00fcrekkep"},"content":{"rendered":"<p>Dima\u011f\u0131mda \u00e7eki\u00e7 izleri G\u00f6zya\u015flar\u0131m kirli Hasret s\u00f6zc\u00fckleri kurmak isterim Sana do\u011fru olan g\u00fcl\u00fc\u015flerime Gel desem cellatlar da gelir Y\u00fcre\u011fimde ya\u015fam\u0131n \u00e7\u0131\u011fl\u0131\u011f\u0131 Korkular\u0131m yitip gitmiyor Saklad\u0131m mendillerini G\u00f6zya\u015flar\u0131mla nemlendirdim Sana arma\u011fan\u0131md\u0131r Dudaklar\u0131mda senden kalan kuruluk \u0130syan lisanda de\u011fildi zaten Koparsan dilimi de Y\u00fcrektendir \u00e7\u0131\u011fl\u0131klar\u0131m Zincirli s\u00f6zc\u00fckler var Senin hasretindir \u00f6zg\u00fcrle\u015ftiren Umutlar umutsuzlu\u011fa kurban edilir Ya\u015fanm\u0131\u015f gibi g\u00f6r\u00fcn\u00fcr Hi\u00e7bir \u015fey ya\u015fanmaz Kap\u0131 aral\u0131\u011f\u0131 g\u00fcl\u00fc\u015flerin y\u00fcre\u011fimde T\u00fcm kap\u0131lar \u00fczerime kilitli <\/p>\n","protected":false},"excerpt":{"rendered":"<p>Dima\u011f\u0131mda \u00e7eki\u00e7 izleri G\u00f6zya\u015flar\u0131m kirli Hasret s\u00f6zc\u00fckleri kurmak isterim Sana do\u011fru olan g\u00fcl\u00fc\u015flerime Gel desem cellatlar da gelir Y\u00fcre\u011fimde ya\u015fam\u0131n \u00e7\u0131\u011fl\u0131\u011f\u0131 Korkular\u0131m yitip gitmiyor Saklad\u0131m mendillerini<span class=\"excerpt-hellip\"> [\u2026]<\/span><\/p>\n","protected":false},"featured_media":0,"template":"","meta":{"_monsterinsights_skip_tracking":false,"_monsterinsights_sitenote_active":false,"_monsterinsights_sitenote_note":"","_monsterinsights_sitenote_category":0},"product_brand":[],"product_cat":[12291,12509],"product_tag":[],"class_list":{"0":"post-761994","1":"product","2":"type-product","3":"status-publish","5":"product_cat-edebiyat","6":"product_cat-siir","7":"pa_cilt-ciltsiz","8":"pa_tur-kitap","9":"pa_yayinevi-favori-yayinlari","10":"pa_yazar-yunus-soydan","12":"first","13":"instock","14":"sale","15":"shipping-taxable","16":"purchasable","17":"product-type-simple"},"_links":{"self":[{"href":"https:\/\/roveyayinevi.com.tr\/index.php\/wp-json\/wp\/v2\/product\/761994","targetHints":{"allow":["GET"]}}],"collection":[{"href":"https:\/\/roveyayinevi.com.tr\/index.php\/wp-json\/wp\/v2\/product"}],"about":[{"href":"https:\/\/roveyayinevi.com.tr\/index.php\/wp-json\/wp\/v2\/types\/product"}],"wp:attachment":[{"href":"https:\/\/roveyayinevi.com.tr\/index.php\/wp-json\/wp\/v2\/media?parent=761994"}],"wp:term":[{"taxonomy":"product_brand","embeddable":true,"href":"https:\/\/roveyayinevi.com.tr\/index.php\/wp-json\/wp\/v2\/product_brand?post=761994"},{"taxonomy":"product_cat","embeddable":true,"href":"https:\/\/roveyayinevi.com.tr\/index.php\/wp-json\/wp\/v2\/product_cat?post=761994"},{"taxonomy":"product_tag","embeddable":true,"href":"https:\/\/roveyayinevi.com.tr\/index.php\/wp-json\/wp\/v2\/product_tag?post=761994"}],"curies":[{"name":"wp","href":"https:\/\/api.w.org\/{rel}","templated":true}]}}