{"id":761992,"date":"2025-08-28T09:53:56","date_gmt":"2025-08-28T06:53:56","guid":{"rendered":"https:\/\/roveyayinevi.com.tr\/index.php\/urun\/ali-esref-dedeye-ait-yemek-risalesi\/"},"modified":"2026-04-15T03:27:08","modified_gmt":"2026-04-15T00:27:08","slug":"ali-esref-dedeye-ait-yemek-risalesi","status":"publish","type":"product","link":"https:\/\/roveyayinevi.com.tr\/index.php\/urun\/ali-esref-dedeye-ait-yemek-risalesi\/","title":{"rendered":"Ali E\u015fref Dede\u2019ye Ait Yemek Risalesi"},"content":{"rendered":"<p>T\u00fcrk\u00e7e yaz\u0131lm\u0131\u015f ikinci yemek kitab\u0131, yay\u0131nevimiz etiketiyle, g\u00fcn\u00fcm\u00fcz T\u00fcrk\u00e7esi ve g\u00fcn\u00fcm\u00fcz \u00f6l\u00e7\u00fc birimlerine \u00e7evrilmi\u015f h\u00e2liyle, ku\u015fe k\u00e2\u011f\u0131t ve \u00f6zenli bask\u0131s\u0131yla, okuyucular\u0131na ula\u015f\u0131yor: \u201cAli E\u015fref Dede\u2019ye Ait Yemek Risalesi\u201d Kaliteli bir hayat ya\u015famak, herkesin ba\u015fta gelen bir \u00f6zlemi olsa gerek. B\u00f6yle bir hayat\u0131n \u00f6zlemini duyan ve buna ili\u015fkin hayal kuran bir insan\u0131n, ilk \u00fc\u00e7 tercihine mutlaka bir yemek de dahil olur. Hatta bu tercihlerin say\u0131s\u0131n\u0131 biraz art\u0131r\u0131rsak, yemeklerin a\u011f\u0131rl\u0131\u011f\u0131n\u0131n oransal olarak artt\u0131\u011f\u0131n\u0131 net olarak g\u00f6zlemleriz; zira yemek, ba\u015fta gelen vazge\u00e7ilmezlerimiz ve hatta keyif ald\u0131\u011f\u0131m\u0131z zevklerimiz aras\u0131ndad\u0131r. Bu meyanda, yemek portf\u00f6y\u00fcm\u00fcz\u00fc geni\u015fletmek, b\u00fcy\u00fck olas\u0131l\u0131kla tercih ve zevklerimizi de de\u011fi\u015ftirmemize sebep olacakt\u0131r. D\u00fcnya mutfa\u011f\u0131nda hen\u00fcz hak etti\u011fi yere ula\u015fmasa da ayr\u0131 bir yere sahip olan mutfa\u011f\u0131m\u0131z, bir yandan da kendini geli\u015ftirmeye devam ediyor. Bu yolculukta referans kaynaklar\u0131m\u0131z da sahip oldu\u011fumuz harika co\u011frafya ve e\u015fsiz yemek k\u00fclt\u00fcr\u00fcm\u00fcz. Biny\u0131llara varan bir ge\u00e7mi\u015fe sahip olan yemek k\u00fclt\u00fcr\u00fcm\u00fcz\u00fcn ke\u015ffedilmemi\u015f yanlar\u0131 oldu\u011fu muhakkak. Yay\u0131nevi olarak daha \u00f6nce yay\u0131nlad\u0131\u011f\u0131m\u0131z, bas\u0131lm\u0131\u015f ilk T\u00fcrk\u00e7e yemek kitab\u0131 olarak bilinen, Mehmed K\u00e2mil taraf\u0131ndan yaz\u0131lm\u0131\u015f, \u201cMelce\u00fc\u2019t-Tabbah\u00een-A\u015f\u00e7\u0131lar\u0131n S\u0131\u011f\u0131na\u011f\u0131\u201d adl\u0131 kitaptan sonra, yemek k\u00fclt\u00fcr\u00fcm\u00fcze dair, yine \u00f6nemli bir kaynak eseri, kolay eri\u015filir k\u0131lman\u0131n sevincini ya\u015f\u0131yoruz: \u201cAli E\u015fref Dede\u2019ye Ait Yemek Risalesi\u201d T\u00fcrk\u00e7e yaz\u0131lm\u0131\u015f ikinci yemek kitab\u0131 olarak kabul edilen bu harika kitap, yine, yay\u0131nevimiz yazarlar\u0131ndan Hakan KARCI taraf\u0131ndan dikkatli ve titiz bir \u00e7al\u0131\u015fma sonucunda, g\u00fcn\u00fcm\u00fczde kullan\u0131lan \u00f6l\u00e7\u00fc birimleri ve g\u00fcn\u00fcm\u00fcz T\u00fcrk\u00e7esine kazand\u0131r\u0131lm\u0131\u015ft\u0131r. Osmanl\u0131 Mutfa\u011f\u0131\u2019na ilgi duyan, yemek sanat\u0131 ile ilgilenen veya yemek yemeyi sevenler ba\u015fta olmak \u00fczere herkese hitap edece\u011fine \u015f\u00fcphemiz yok bu ar\u015fivlik kitab\u0131n. \u00d6zenle haz\u0131rlanan bu e\u015fsiz kitab\u0131, yine ku\u015fe k\u00e2\u011f\u0131t ve kaliteli bir bask\u0131  ile okuyucunun istifadesine sunman\u0131n, hakl\u0131 mutluluk ve gururunu ya\u015f\u0131yor ve okuyucular\u0131m\u0131zla birlikte \u00e7\u0131kt\u0131\u011f\u0131m\u0131z, \u201cdo\u011fru rota ile yeni ufuklara\u201d yolculu\u011fumuza, bu nadide kitab\u0131m\u0131z ile devam ediyoruz. <\/p>\n","protected":false},"excerpt":{"rendered":"<p>T\u00fcrk\u00e7e yaz\u0131lm\u0131\u015f ikinci yemek kitab\u0131, yay\u0131nevimiz etiketiyle, g\u00fcn\u00fcm\u00fcz T\u00fcrk\u00e7esi ve g\u00fcn\u00fcm\u00fcz \u00f6l\u00e7\u00fc birimlerine \u00e7evrilmi\u015f h\u00e2liyle, ku\u015fe k\u00e2\u011f\u0131t ve \u00f6zenli bask\u0131s\u0131yla, okuyucular\u0131na ula\u015f\u0131yor: \u201cAli E\u015fref Dede\u2019ye Ait<span class=\"excerpt-hellip\"> [\u2026]<\/span><\/p>\n","protected":false},"featured_media":0,"template":"","meta":{"_monsterinsights_skip_tracking":false,"_monsterinsights_sitenote_active":false,"_monsterinsights_sitenote_note":"","_monsterinsights_sitenote_category":0},"product_brand":[],"product_cat":[12457],"product_tag":[],"class_list":{"0":"post-761992","1":"product","2":"type-product","3":"status-publish","5":"product_cat-yemek-kitaplari","6":"pa_cilt-ciltsiz","7":"pa_tur-kitap","8":"pa_yayinevi-kaptan-kitap","9":"pa_yazar-ali-esref-dede","11":"first","12":"instock","13":"sale","14":"shipping-taxable","15":"purchasable","16":"product-type-simple"},"_links":{"self":[{"href":"https:\/\/roveyayinevi.com.tr\/index.php\/wp-json\/wp\/v2\/product\/761992","targetHints":{"allow":["GET"]}}],"collection":[{"href":"https:\/\/roveyayinevi.com.tr\/index.php\/wp-json\/wp\/v2\/product"}],"about":[{"href":"https:\/\/roveyayinevi.com.tr\/index.php\/wp-json\/wp\/v2\/types\/product"}],"wp:attachment":[{"href":"https:\/\/roveyayinevi.com.tr\/index.php\/wp-json\/wp\/v2\/media?parent=761992"}],"wp:term":[{"taxonomy":"product_brand","embeddable":true,"href":"https:\/\/roveyayinevi.com.tr\/index.php\/wp-json\/wp\/v2\/product_brand?post=761992"},{"taxonomy":"product_cat","embeddable":true,"href":"https:\/\/roveyayinevi.com.tr\/index.php\/wp-json\/wp\/v2\/product_cat?post=761992"},{"taxonomy":"product_tag","embeddable":true,"href":"https:\/\/roveyayinevi.com.tr\/index.php\/wp-json\/wp\/v2\/product_tag?post=761992"}],"curies":[{"name":"wp","href":"https:\/\/api.w.org\/{rel}","templated":true}]}}