{"id":761989,"date":"2025-08-28T09:53:51","date_gmt":"2025-08-28T06:53:51","guid":{"rendered":"https:\/\/roveyayinevi.com.tr\/index.php\/urun\/cinderin-seruveni\/"},"modified":"2026-04-03T03:19:11","modified_gmt":"2026-04-03T00:19:11","slug":"cinderin-seruveni","status":"publish","type":"product","link":"https:\/\/roveyayinevi.com.tr\/index.php\/urun\/cinderin-seruveni\/","title":{"rendered":"Cinder\u2019\u0131n Ser\u00fcveni"},"content":{"rendered":"<p>H\u0130K\u00c2YEN\u0130N G\u0130D\u0130\u015eATINA VE EN SEVD\u0130\u011e\u0130N\u0130Z SAYBORGUN KADER\u0130NE, SE\u00c7\u0130MLER\u0130N\u0130ZLE S\u0130Z KARAR VERECEKS\u0130N\u0130Z! Ay G\u00fcnl\u00fckleri\u2019nin kahraman\u0131 Cinder evleniyor!  \u0130mparator Kai ve Cinder sonunda b\u00fcy\u00fck g\u00fcne uyand\u0131. \u015eimdi Cinder\u2019\u0131n tek yapmas\u0131 gereken d\u00fc\u011f\u00fcne gidip \u201cEvet!\u201d demek. Ama kar\u015f\u0131s\u0131na \u00e7\u0131kan engeller, tuzaklar ve oyunlarla bu hi\u00e7 de kolay olmayacak. Cinder\u2019\u0131n kaderini bu macerada kar\u015f\u0131s\u0131na \u00e7\u0131kan dostlar\u0131yla birlikte siz okurlar belirleyeceksiniz.  Cinder\u2019\u0131n sonsuza dek mutlu ya\u015famas\u0131n\u0131 sa\u011flayabilir misiniz?<\/p>\n","protected":false},"excerpt":{"rendered":"<p>H\u0130K\u00c2YEN\u0130N G\u0130D\u0130\u015eATINA VE EN SEVD\u0130\u011e\u0130N\u0130Z SAYBORGUN KADER\u0130NE, SE\u00c7\u0130MLER\u0130N\u0130ZLE S\u0130Z KARAR VERECEKS\u0130N\u0130Z! Ay G\u00fcnl\u00fckleri\u2019nin kahraman\u0131 Cinder evleniyor! \u0130mparator Kai ve Cinder sonunda b\u00fcy\u00fck g\u00fcne uyand\u0131. \u015eimdi Cinder\u2019\u0131n<span class=\"excerpt-hellip\"> [\u2026]<\/span><\/p>\n","protected":false},"featured_media":0,"template":"","meta":{"_monsterinsights_skip_tracking":false,"_monsterinsights_sitenote_active":false,"_monsterinsights_sitenote_note":"","_monsterinsights_sitenote_category":0},"product_brand":[],"product_cat":[12291,12711],"product_tag":[],"class_list":{"0":"post-761989","1":"product","2":"type-product","3":"status-publish","5":"product_cat-edebiyat","6":"product_cat-roman-oyku","7":"pa_cilt-ciltsiz","8":"pa_tur-kitap","9":"pa_yayinevi-artemis-yayinlari","10":"pa_yazar-marissa-meyer","12":"first","13":"instock","14":"sale","15":"shipping-taxable","16":"purchasable","17":"product-type-simple"},"_links":{"self":[{"href":"https:\/\/roveyayinevi.com.tr\/index.php\/wp-json\/wp\/v2\/product\/761989","targetHints":{"allow":["GET"]}}],"collection":[{"href":"https:\/\/roveyayinevi.com.tr\/index.php\/wp-json\/wp\/v2\/product"}],"about":[{"href":"https:\/\/roveyayinevi.com.tr\/index.php\/wp-json\/wp\/v2\/types\/product"}],"wp:attachment":[{"href":"https:\/\/roveyayinevi.com.tr\/index.php\/wp-json\/wp\/v2\/media?parent=761989"}],"wp:term":[{"taxonomy":"product_brand","embeddable":true,"href":"https:\/\/roveyayinevi.com.tr\/index.php\/wp-json\/wp\/v2\/product_brand?post=761989"},{"taxonomy":"product_cat","embeddable":true,"href":"https:\/\/roveyayinevi.com.tr\/index.php\/wp-json\/wp\/v2\/product_cat?post=761989"},{"taxonomy":"product_tag","embeddable":true,"href":"https:\/\/roveyayinevi.com.tr\/index.php\/wp-json\/wp\/v2\/product_tag?post=761989"}],"curies":[{"name":"wp","href":"https:\/\/api.w.org\/{rel}","templated":true}]}}