{"id":761988,"date":"2025-08-28T09:53:50","date_gmt":"2025-08-28T06:53:50","guid":{"rendered":"https:\/\/roveyayinevi.com.tr\/index.php\/urun\/normalligin-deliligi\/"},"modified":"2026-04-15T03:27:08","modified_gmt":"2026-04-15T00:27:08","slug":"normalligin-deliligi","status":"publish","type":"product","link":"https:\/\/roveyayinevi.com.tr\/index.php\/urun\/normalligin-deliligi\/","title":{"rendered":"Normalli\u011fin Delili\u011fi"},"content":{"rendered":"<p>Psikanalist yazar Arno Gruen Normalli\u011fin Delili\u011fi\u2019nde toplumun, Sigmund Freud\u2019un insan\u0131n do\u011fu\u015ftan y\u0131k\u0131m ve \u015fiddete e\u011filimli oldu\u011fu iddias\u0131na dair yayg\u0131n inanc\u0131n\u0131 alt \u00fcst ediyor. Kitap, k\u00f6t\u00fcl\u00fc\u011f\u00fcn k\u00f6keninde \u00f6znefretin ve \u00e7ocuklukta ba\u015flayan kendine ihanetin yatt\u0131\u011f\u0131n\u0131 iddia ediyor. G\u00fc\u00e7l\u00fclerin \u201csevgisi ve onay\u0131\u201d i\u00e7in ba\u011f\u0131ms\u0131zl\u0131\u011f\u0131m\u0131zdan vazge\u00e7ti\u011fimizde, derin bir korkudan do\u011fan sahte bir benlik yarat\u0131yoruz ve modern toplumun \u201cger\u00e7ek\u00e7ilik\u201d olarak benimsedi\u011fi bu \u00e7\u0131lg\u0131nl\u0131\u011f\u0131 \u00e7o\u011funlukla fark etmiyoruz. Gruen bu tehlikeli uyum ve gizli isyan d\u00f6ng\u00fcs\u00fcn\u00fc \u00e7arp\u0131c\u0131 vaka \u00e7al\u0131\u015fmalar\u0131, Nazizm\u2019den Reaganizm\u2019e uzanan sosyolojik \u00f6rnekler ve edebi eserler \u00fczerinden g\u00f6zler \u00f6n\u00fcne seriyor.Peki, bu d\u00f6ng\u00fcden nas\u0131l kurtulabiliriz? Gruen\u2019e g\u00f6re \u00e7\u00f6z\u00fcm isyanda de\u011fil ger\u00e7ek bir ki\u015fisel ba\u011f\u0131ms\u0131zl\u0131k geli\u015ftirmekte yat\u0131yor. Ba\u011f\u0131ms\u0131zl\u0131k kolay elde edilmese de yoklu\u011funun hem bireyler hem de toplum i\u00e7in y\u0131k\u0131c\u0131 sonu\u00e7lar do\u011furdu\u011funu vurguluyor. Dr. Gruen \u015fefkat ve kararl\u0131l\u0131kla, normallik olarak kabul edilen \u00e7\u0131lg\u0131nl\u0131\u011f\u0131 g\u00f6zler \u00f6n\u00fcne seriyor&#8230; Bu kitap, liderler ve takip\u00e7iler, uyumlular ve isyank\u00e2rlar ve daha \u015fefkatli bir d\u00fcnya arayan herkes i\u00e7in.Dr. Montague Ullman <\/p>\n","protected":false},"excerpt":{"rendered":"<p>Psikanalist yazar Arno Gruen Normalli\u011fin Delili\u011fi\u2019nde toplumun, Sigmund Freud\u2019un insan\u0131n do\u011fu\u015ftan y\u0131k\u0131m ve \u015fiddete e\u011filimli oldu\u011fu iddias\u0131na dair yayg\u0131n inanc\u0131n\u0131 alt \u00fcst ediyor. Kitap, k\u00f6t\u00fcl\u00fc\u011f\u00fcn k\u00f6keninde<span class=\"excerpt-hellip\"> [\u2026]<\/span><\/p>\n","protected":false},"featured_media":0,"template":"","meta":{"_monsterinsights_skip_tracking":false,"_monsterinsights_sitenote_active":false,"_monsterinsights_sitenote_note":"","_monsterinsights_sitenote_category":0},"product_brand":[],"product_cat":[12357],"product_tag":[],"class_list":{"0":"post-761988","1":"product","2":"type-product","3":"status-publish","5":"product_cat-psikoloji","6":"pa_cilt-ciltsiz","7":"pa_tur-kitap","8":"pa_yayinevi-kolektif-kitap","9":"pa_yazar-arno-gruen","11":"first","12":"instock","13":"sale","14":"shipping-taxable","15":"purchasable","16":"product-type-simple"},"_links":{"self":[{"href":"https:\/\/roveyayinevi.com.tr\/index.php\/wp-json\/wp\/v2\/product\/761988","targetHints":{"allow":["GET"]}}],"collection":[{"href":"https:\/\/roveyayinevi.com.tr\/index.php\/wp-json\/wp\/v2\/product"}],"about":[{"href":"https:\/\/roveyayinevi.com.tr\/index.php\/wp-json\/wp\/v2\/types\/product"}],"wp:attachment":[{"href":"https:\/\/roveyayinevi.com.tr\/index.php\/wp-json\/wp\/v2\/media?parent=761988"}],"wp:term":[{"taxonomy":"product_brand","embeddable":true,"href":"https:\/\/roveyayinevi.com.tr\/index.php\/wp-json\/wp\/v2\/product_brand?post=761988"},{"taxonomy":"product_cat","embeddable":true,"href":"https:\/\/roveyayinevi.com.tr\/index.php\/wp-json\/wp\/v2\/product_cat?post=761988"},{"taxonomy":"product_tag","embeddable":true,"href":"https:\/\/roveyayinevi.com.tr\/index.php\/wp-json\/wp\/v2\/product_tag?post=761988"}],"curies":[{"name":"wp","href":"https:\/\/api.w.org\/{rel}","templated":true}]}}