{"id":761986,"date":"2025-08-28T09:53:47","date_gmt":"2025-08-28T06:53:47","guid":{"rendered":"https:\/\/roveyayinevi.com.tr\/index.php\/urun\/ayn-rand-bir-giris\/"},"modified":"2026-04-15T03:27:08","modified_gmt":"2026-04-15T00:27:08","slug":"ayn-rand-bir-giris","status":"publish","type":"product","link":"https:\/\/roveyayinevi.com.tr\/index.php\/urun\/ayn-rand-bir-giris\/","title":{"rendered":"Ayn Rand: Bir Giri\u015f"},"content":{"rendered":"<p>20. y\u00fczy\u0131lda \u00e7ok az entelekt\u00fcel, romanc\u0131 ve filozof Ayn Rand kadar etkili ve tart\u0131\u015fmal\u0131 olmu\u015ftur. D\u00fc\u015f\u00fcnceleri, \u00f6zellikle de bireycilik, \u00f6z-de\u011fer ve ba\u015fkalar\u0131n\u0131n dayatmalar\u0131 olmadan ya\u015fama hakk\u0131 gibi temel mesajlar\u0131, Atlas Vazge\u00e7ti ve Hayat\u0131n Kayna\u011f\u0131 adl\u0131 romanlar\u0131 arac\u0131l\u0131\u011f\u0131yla ona ula\u015fanlar \u00fczerinde h\u00e2l\u00e2 derin bir etkiye sahiptir. Baz\u0131 akademisyenler, gelenek\u00e7iler, ilericiler ve kamusal entelekt\u00fceller taraf\u0131ndan g\u00f6rmezden gelinse veya k\u00fc\u00e7\u00fcmsense de, Rand, hukuk, siyaset ve ekonomi d\u00fcnyas\u0131ndan \u00f6nde gelen isimler, giri\u015fimciler ve yat\u0131r\u0131mc\u0131lar \u00fczerinde de b\u00fcy\u00fck bir etki yaratmaya devam etmektedir. Rand\u2019\u0131n \u00e7al\u0131\u015fmalar\u0131 neden bu kadar etkili olmaya devam ediyor? Ayn Rand, Bir Giri\u015f onun \u00f6nemine \u0131\u015f\u0131k tutarken ger\u00e7eklik ve insan do\u011fas\u0131 anlay\u0131\u015f\u0131n\u0131 ortaya koymaktad\u0131r. Ayr\u0131ca, Rand&#8217;\u0131n bilgi, ahl\u00e2k, siyaset, ekonomi, devlet, kamusal sorunlar, estetik ve edebiyat \u00fczerine vard\u0131\u011f\u0131 sonu\u00e7lara y\u00f6nelik takdirleri ve tart\u0131\u015fmalar\u0131 de\u011ferlendirmektedir. Kitap bunlar\u0131 onun hayat\u0131 ve ya\u015fad\u0131\u011f\u0131 d\u00f6nem ba\u011flam\u0131na yerle\u015ftirerek d\u00fc\u015f\u00fcncelerinin ne kadar devrimci oldu\u011funu ve kamu politikas\u0131 tart\u0131\u015fmalar\u0131n\u0131 nas\u0131l etkiledi\u011fini ve etkilemeye devam etti\u011fini g\u00f6stermektedir. <\/p>\n","protected":false},"excerpt":{"rendered":"<p>20. y\u00fczy\u0131lda \u00e7ok az entelekt\u00fcel, romanc\u0131 ve filozof Ayn Rand kadar etkili ve tart\u0131\u015fmal\u0131 olmu\u015ftur. D\u00fc\u015f\u00fcnceleri, \u00f6zellikle de bireycilik, \u00f6z-de\u011fer ve ba\u015fkalar\u0131n\u0131n dayatmalar\u0131 olmadan ya\u015fama hakk\u0131<span class=\"excerpt-hellip\"> [\u2026]<\/span><\/p>\n","protected":false},"featured_media":0,"template":"","meta":{"_monsterinsights_skip_tracking":false,"_monsterinsights_sitenote_active":false,"_monsterinsights_sitenote_note":"","_monsterinsights_sitenote_category":0},"product_brand":[],"product_cat":[12388,15536],"product_tag":[],"class_list":{"0":"post-761986","1":"product","2":"type-product","3":"status-publish","5":"product_cat-felsefe","6":"product_cat-siyaset-felsefesi","7":"pa_cilt-ciltsiz","8":"pa_tur-kitap","9":"pa_yayinevi-liberte-yayinlari","10":"pa_yazar-eamonn-butler","12":"first","13":"instock","14":"sale","15":"shipping-taxable","16":"purchasable","17":"product-type-simple"},"_links":{"self":[{"href":"https:\/\/roveyayinevi.com.tr\/index.php\/wp-json\/wp\/v2\/product\/761986","targetHints":{"allow":["GET"]}}],"collection":[{"href":"https:\/\/roveyayinevi.com.tr\/index.php\/wp-json\/wp\/v2\/product"}],"about":[{"href":"https:\/\/roveyayinevi.com.tr\/index.php\/wp-json\/wp\/v2\/types\/product"}],"wp:attachment":[{"href":"https:\/\/roveyayinevi.com.tr\/index.php\/wp-json\/wp\/v2\/media?parent=761986"}],"wp:term":[{"taxonomy":"product_brand","embeddable":true,"href":"https:\/\/roveyayinevi.com.tr\/index.php\/wp-json\/wp\/v2\/product_brand?post=761986"},{"taxonomy":"product_cat","embeddable":true,"href":"https:\/\/roveyayinevi.com.tr\/index.php\/wp-json\/wp\/v2\/product_cat?post=761986"},{"taxonomy":"product_tag","embeddable":true,"href":"https:\/\/roveyayinevi.com.tr\/index.php\/wp-json\/wp\/v2\/product_tag?post=761986"}],"curies":[{"name":"wp","href":"https:\/\/api.w.org\/{rel}","templated":true}]}}