{"id":761985,"date":"2025-08-28T09:53:46","date_gmt":"2025-08-28T06:53:46","guid":{"rendered":"https:\/\/roveyayinevi.com.tr\/index.php\/urun\/yeni-baslayanlar-icin-solfej-1\/"},"modified":"2026-04-15T03:27:07","modified_gmt":"2026-04-15T00:27:07","slug":"yeni-baslayanlar-icin-solfej-1","status":"publish","type":"product","link":"https:\/\/roveyayinevi.com.tr\/index.php\/urun\/yeni-baslayanlar-icin-solfej-1\/","title":{"rendered":"Yeni Ba\u015flayanlar \u0130\u00e7in Solfej 1"},"content":{"rendered":"<p>Solfej, m\u00fczikte notalar\u0131, tonlamalar\u0131 ve akortlar\u0131 tan\u0131mak; bunlar\u0131 seslendirmek ve notalar aras\u0131ndaki ili\u015fkiyi do\u011fru de\u011ferlendirmektir. Bu kitapta \u00f6\u011frenece\u011finiz teorik bilgiler ve yapaca\u011f\u0131n\u0131z al\u0131\u015ft\u0131rmalar sayesinde g\u00f6rd\u00fc\u011f\u00fcn\u00fcz notalar\u0131 daha iyi yorumlayabileceksiniz. Bir enstr\u00fcman \u00e7almaktan tutun \u015fark\u0131 s\u00f6ylemeye, hatta beste yapmaya kadar\u2026 M\u00fczi\u011fin b\u00fcy\u00fcl\u00fc d\u00fcnyas\u0131na girmek i\u00e7in ilk ad\u0131m\u0131 at\u0131n! <\/p>\n","protected":false},"excerpt":{"rendered":"<p>Solfej, m\u00fczikte notalar\u0131, tonlamalar\u0131 ve akortlar\u0131 tan\u0131mak; bunlar\u0131 seslendirmek ve notalar aras\u0131ndaki ili\u015fkiyi do\u011fru de\u011ferlendirmektir. Bu kitapta \u00f6\u011frenece\u011finiz teorik bilgiler ve yapaca\u011f\u0131n\u0131z al\u0131\u015ft\u0131rmalar sayesinde g\u00f6rd\u00fc\u011f\u00fcn\u00fcz notalar\u0131<span class=\"excerpt-hellip\"> [\u2026]<\/span><\/p>\n","protected":false},"featured_media":0,"template":"","meta":{"_monsterinsights_skip_tracking":false,"_monsterinsights_sitenote_active":false,"_monsterinsights_sitenote_note":"","_monsterinsights_sitenote_category":0},"product_brand":[],"product_cat":[14556,14557],"product_tag":[],"class_list":{"0":"post-761985","1":"product","2":"type-product","3":"status-publish","5":"product_cat-muzik","6":"product_cat-nota-kitaplari","7":"pa_cilt-ciltsiz","8":"pa_tur-kitap","9":"pa_yayinevi-arkadas-yayinlari-muzik-kitaplari","10":"pa_yazar-sezgin-dinc","12":"first","13":"instock","14":"sale","15":"shipping-taxable","16":"purchasable","17":"product-type-simple"},"_links":{"self":[{"href":"https:\/\/roveyayinevi.com.tr\/index.php\/wp-json\/wp\/v2\/product\/761985","targetHints":{"allow":["GET"]}}],"collection":[{"href":"https:\/\/roveyayinevi.com.tr\/index.php\/wp-json\/wp\/v2\/product"}],"about":[{"href":"https:\/\/roveyayinevi.com.tr\/index.php\/wp-json\/wp\/v2\/types\/product"}],"wp:attachment":[{"href":"https:\/\/roveyayinevi.com.tr\/index.php\/wp-json\/wp\/v2\/media?parent=761985"}],"wp:term":[{"taxonomy":"product_brand","embeddable":true,"href":"https:\/\/roveyayinevi.com.tr\/index.php\/wp-json\/wp\/v2\/product_brand?post=761985"},{"taxonomy":"product_cat","embeddable":true,"href":"https:\/\/roveyayinevi.com.tr\/index.php\/wp-json\/wp\/v2\/product_cat?post=761985"},{"taxonomy":"product_tag","embeddable":true,"href":"https:\/\/roveyayinevi.com.tr\/index.php\/wp-json\/wp\/v2\/product_tag?post=761985"}],"curies":[{"name":"wp","href":"https:\/\/api.w.org\/{rel}","templated":true}]}}