{"id":761982,"date":"2025-08-28T09:53:41","date_gmt":"2025-08-28T06:53:41","guid":{"rendered":"https:\/\/roveyayinevi.com.tr\/index.php\/urun\/bu-kitapla-farkindaligin-kilidini-acin\/"},"modified":"2026-04-15T03:27:07","modified_gmt":"2026-04-15T00:27:07","slug":"bu-kitapla-farkindaligin-kilidini-acin","status":"publish","type":"product","link":"https:\/\/roveyayinevi.com.tr\/index.php\/urun\/bu-kitapla-farkindaligin-kilidini-acin\/","title":{"rendered":"Bu Kitapla Fark\u0131ndal\u0131\u011f\u0131n Kilidini A\u00e7\u0131n"},"content":{"rendered":"<p>An\u0131 ya\u015fayabilmek, zaman\u0131 en iyi \u015fekilde de\u011ferlendirmek ve daha mutlu hissedip tatmin edici bir ya\u015fam s\u00fcrebilmek i\u00e7in zihninizin nas\u0131l \u00e7al\u0131\u015ft\u0131\u011f\u0131n\u0131 \u00f6\u011frenin.   BA\u015eLANGI\u00c7 SET\u0130 Z\u0130HN\u0130 ANLAMAK END\u0130\u015eE VE STRES\u0130 Y\u00d6NETMEK GE\u00c7M\u0130\u015eE TAKILI KALMAYI BIRAKMAK ANI YA\u015eAMAK HUZUR BULMAK   Giderek daha yo\u011fun hayatlar ya\u015f\u0131yoruz ve d\u0131\u015f etkenlerin bizi maruz b\u0131rakt\u0131\u011f\u0131 bask\u0131yla ba\u015fa \u00e7\u0131kmakta zorlan\u0131yoruz. \u00dcstesinden gelmemiz gereken t\u00fcm sorumluluklar\u0131n alt\u0131nda ezilmek ve zaman\u0131n bo\u015fa ak\u0131p gitti\u011fini hissetmek i\u015ften bile de\u011fil.    Bu k\u00fc\u00e7\u00fck ve samimi kitap, anda kalmak ve hayat\u0131 en iyi \u015fekilde ya\u015famak i\u00e7in ihtiyac\u0131n\u0131z olan bilgileri i\u00e7eren bir fark\u0131ndal\u0131k ba\u015flang\u0131\u00e7 setidir. Dr. Jessamy Hibberd ve Jo Usmar, size gelecek i\u00e7in endi\u015felenmeyi ve ge\u00e7mi\u015fe tak\u0131l\u0131p kalmay\u0131 nas\u0131l b\u0131rakaca\u011f\u0131n\u0131z\u0131 \u00f6\u011fretmek i\u00e7in en yeni fark\u0131ndal\u0131k tekniklerini kullan\u0131yor. Bu kitap zihninizin nas\u0131l \u00e7al\u0131\u015ft\u0131\u011f\u0131n\u0131 \u00f6\u011frenmenizi, iyi \u015feylerin de\u011ferini bilirken olumsuz durumlarla ba\u015fa \u00e7\u0131kman\u0131z\u0131 sa\u011flayacak ve sizi g\u00fcnl\u00fck hayatta daha \u00f6z g\u00fcvenli ve \u00fcretken k\u0131lacak.    <\/p>\n","protected":false},"excerpt":{"rendered":"<p>An\u0131 ya\u015fayabilmek, zaman\u0131 en iyi \u015fekilde de\u011ferlendirmek ve daha mutlu hissedip tatmin edici bir ya\u015fam s\u00fcrebilmek i\u00e7in zihninizin nas\u0131l \u00e7al\u0131\u015ft\u0131\u011f\u0131n\u0131 \u00f6\u011frenin. BA\u015eLANGI\u00c7 SET\u0130 Z\u0130HN\u0130 ANLAMAK END\u0130\u015eE<span class=\"excerpt-hellip\"> [\u2026]<\/span><\/p>\n","protected":false},"featured_media":0,"template":"","meta":{"_monsterinsights_skip_tracking":false,"_monsterinsights_sitenote_active":false,"_monsterinsights_sitenote_note":"","_monsterinsights_sitenote_category":0},"product_brand":[],"product_cat":[12357],"product_tag":[],"class_list":{"0":"post-761982","1":"product","2":"type-product","3":"status-publish","5":"product_cat-psikoloji","6":"pa_cilt-ciltsiz","7":"pa_tur-kitap","8":"pa_yayinevi-pegasus-yayinlari","9":"pa_yazar-dr-jessamy-hibberd-jo-usmar","11":"first","12":"instock","13":"sale","14":"shipping-taxable","15":"purchasable","16":"product-type-simple"},"_links":{"self":[{"href":"https:\/\/roveyayinevi.com.tr\/index.php\/wp-json\/wp\/v2\/product\/761982","targetHints":{"allow":["GET"]}}],"collection":[{"href":"https:\/\/roveyayinevi.com.tr\/index.php\/wp-json\/wp\/v2\/product"}],"about":[{"href":"https:\/\/roveyayinevi.com.tr\/index.php\/wp-json\/wp\/v2\/types\/product"}],"wp:attachment":[{"href":"https:\/\/roveyayinevi.com.tr\/index.php\/wp-json\/wp\/v2\/media?parent=761982"}],"wp:term":[{"taxonomy":"product_brand","embeddable":true,"href":"https:\/\/roveyayinevi.com.tr\/index.php\/wp-json\/wp\/v2\/product_brand?post=761982"},{"taxonomy":"product_cat","embeddable":true,"href":"https:\/\/roveyayinevi.com.tr\/index.php\/wp-json\/wp\/v2\/product_cat?post=761982"},{"taxonomy":"product_tag","embeddable":true,"href":"https:\/\/roveyayinevi.com.tr\/index.php\/wp-json\/wp\/v2\/product_tag?post=761982"}],"curies":[{"name":"wp","href":"https:\/\/api.w.org\/{rel}","templated":true}]}}