{"id":761981,"date":"2025-08-28T09:53:40","date_gmt":"2025-08-28T06:53:40","guid":{"rendered":"https:\/\/roveyayinevi.com.tr\/index.php\/urun\/cozulme-ayrisma-dagilma\/"},"modified":"2026-04-15T03:27:07","modified_gmt":"2026-04-15T00:27:07","slug":"cozulme-ayrisma-dagilma","status":"publish","type":"product","link":"https:\/\/roveyayinevi.com.tr\/index.php\/urun\/cozulme-ayrisma-dagilma\/","title":{"rendered":"\u00c7\u00f6z\u00fclme Ayr\u0131\u015fma Da\u011f\u0131lma"},"content":{"rendered":"<p>Dissosiyasyon; ki\u015finin travma kar\u015f\u0131s\u0131nda psikolojik, n\u00f6robiyolojik, ontolojik, k\u00fclt\u00fcrel ve tarihsel ba\u011flamda \u2018tam bir ben\u2019 olamamas\u0131n\u0131n evrensel dilidir. As\u0131l varl\u0131\u011f\u0131n\u0131 tehdit anlar\u0131nda g\u00f6sterse de d\u00fc\u015f kurma, trans, mistik deneyim, hipnoz, \u00e7o\u011fulluk, cinlere kap\u0131lma, yabanc\u0131la\u015fma, amnezi, histeri, psikoz, varsan\u0131, kendine zarar verme, cinnet, uyku, r\u00fcya, k\u00f6t\u00fcl\u00fck hatta su\u00e7 ve sanat\u0131n i\u00e7inde gizemli \/ kaotik g\u00f6r\u00fcnen bir\u00e7ok deneyimin dayand\u0131\u011f\u0131 ortak prensibi a\u00e7\u0131klayabilir. \u201cBilmek \u00fczere giden bir ya\u015fam \u00e7izgisinde y\u00fcr\u00fcd\u00fc\u011f\u00fcn\u00fc zanneden insan\u0131n as\u0131l yazg\u0131s\u0131, asl\u0131nda bilgiden ka\u00e7maya \u00e7abalamak olabilir mi? \u0130nsan neyi, neden bilmez? Bu kitap, bilmek kadar kendimizi yan\u0131ltmaya olan ihtiyac\u0131m\u0131z\u0131n da ya\u015fam\u0131n kurucu prensibi oldu\u011funu \u00f6ne s\u00fcrmektedir. Dissosiyasyon hakk\u0131nda bilgi sahibi olman\u0131n, psikolojik travma ya\u015fayan bir\u00e7ok insan\u0131n anlam veremedi\u011fi deneyimlerinin do\u011fas\u0131n\u0131 kavramas\u0131na, kendine \u00f6zg\u00fc iyile\u015fme s\u00fcrecinde yarat\u0131c\u0131 se\u00e7enekleri ke\u015ffedebilmesine yard\u0131mc\u0131 olmas\u0131n\u0131 umuyorum&#8230;\u201d      Prof. Dr. L\u00fctfullah Be\u015firo\u011flu; filmlerden, kitaplardan, enteresan hayat hik\u00e2yelerinden a\u015fina oldu\u011fumuz dissosiyasyonu b\u00fct\u00fcn y\u00f6nleriyle inceledi\u011fi \u00e7al\u0131\u015fmas\u0131yla psikiyatri \/ psikoloji ile ilgilenen herkesin faydalanabilece\u011fi \u00f6zg\u00fcn bir eser sunuyor.<\/p>\n","protected":false},"excerpt":{"rendered":"<p>Dissosiyasyon; ki\u015finin travma kar\u015f\u0131s\u0131nda psikolojik, n\u00f6robiyolojik, ontolojik, k\u00fclt\u00fcrel ve tarihsel ba\u011flamda \u2018tam bir ben\u2019 olamamas\u0131n\u0131n evrensel dilidir. As\u0131l varl\u0131\u011f\u0131n\u0131 tehdit anlar\u0131nda g\u00f6sterse de d\u00fc\u015f kurma, trans,<span class=\"excerpt-hellip\"> [\u2026]<\/span><\/p>\n","protected":false},"featured_media":0,"template":"","meta":{"_monsterinsights_skip_tracking":false,"_monsterinsights_sitenote_active":false,"_monsterinsights_sitenote_note":"","_monsterinsights_sitenote_category":0},"product_brand":[],"product_cat":[12357],"product_tag":[],"class_list":{"0":"post-761981","1":"product","2":"type-product","3":"status-publish","5":"product_cat-psikoloji","6":"pa_cilt-ciltsiz","7":"pa_tur-kitap","8":"pa_yayinevi-epsilon-yayinlari","9":"pa_yazar-prof-dr-lutfullah-besiroglu","11":"first","12":"instock","13":"sale","14":"shipping-taxable","15":"purchasable","16":"product-type-simple"},"_links":{"self":[{"href":"https:\/\/roveyayinevi.com.tr\/index.php\/wp-json\/wp\/v2\/product\/761981","targetHints":{"allow":["GET"]}}],"collection":[{"href":"https:\/\/roveyayinevi.com.tr\/index.php\/wp-json\/wp\/v2\/product"}],"about":[{"href":"https:\/\/roveyayinevi.com.tr\/index.php\/wp-json\/wp\/v2\/types\/product"}],"wp:attachment":[{"href":"https:\/\/roveyayinevi.com.tr\/index.php\/wp-json\/wp\/v2\/media?parent=761981"}],"wp:term":[{"taxonomy":"product_brand","embeddable":true,"href":"https:\/\/roveyayinevi.com.tr\/index.php\/wp-json\/wp\/v2\/product_brand?post=761981"},{"taxonomy":"product_cat","embeddable":true,"href":"https:\/\/roveyayinevi.com.tr\/index.php\/wp-json\/wp\/v2\/product_cat?post=761981"},{"taxonomy":"product_tag","embeddable":true,"href":"https:\/\/roveyayinevi.com.tr\/index.php\/wp-json\/wp\/v2\/product_tag?post=761981"}],"curies":[{"name":"wp","href":"https:\/\/api.w.org\/{rel}","templated":true}]}}