{"id":761978,"date":"2025-08-28T09:53:34","date_gmt":"2025-08-28T06:53:34","guid":{"rendered":"https:\/\/roveyayinevi.com.tr\/index.php\/urun\/kusluk-saatleri\/"},"modified":"2026-04-15T03:27:07","modified_gmt":"2026-04-15T00:27:07","slug":"kusluk-saatleri","status":"publish","type":"product","link":"https:\/\/roveyayinevi.com.tr\/index.php\/urun\/kusluk-saatleri\/","title":{"rendered":"Ku\u015fluk Saatleri"},"content":{"rendered":"<p>g\u00f6rm\u00fc\u015fle g\u00f6rmemi\u015f olmak aras\u0131nda bir ressam nas\u0131l \u00e7izebilirdi bunu diyorum surun ard\u0131ndaki sesi, acil ihtiya\u00e7 zaman\u0131nda duymamak elde de\u011fil, kovamaz kula\u011fa ula\u015fan\u0131 duymazdan gelemez hi\u00e7 kimse kimisi tam da bu durumdan \u00e7ekiniyor i\u015fte ya\u011fmurda \u00e7\u00fcr\u00fcm\u00fc\u015f odun par\u00e7as\u0131n\u0131 iterek birbirine g\u00f6r\u00fclmedik h\u00e2ller i\u00e7inde var olmak istiyorlar \u00f6lmekten ka\u00e7mak de\u011fil, ya\u015fayarak \u00f6lerek var olmak<\/p>\n","protected":false},"excerpt":{"rendered":"<p>g\u00f6rm\u00fc\u015fle g\u00f6rmemi\u015f olmak aras\u0131nda bir ressam nas\u0131l \u00e7izebilirdi bunu diyorum surun ard\u0131ndaki sesi, acil ihtiya\u00e7 zaman\u0131nda duymamak elde de\u011fil, kovamaz kula\u011fa ula\u015fan\u0131 duymazdan gelemez hi\u00e7 kimse<span class=\"excerpt-hellip\"> [\u2026]<\/span><\/p>\n","protected":false},"featured_media":0,"template":"","meta":{"_monsterinsights_skip_tracking":false,"_monsterinsights_sitenote_active":false,"_monsterinsights_sitenote_note":"","_monsterinsights_sitenote_category":0},"product_brand":[],"product_cat":[12291,12509],"product_tag":[],"class_list":{"0":"post-761978","1":"product","2":"type-product","3":"status-publish","5":"product_cat-edebiyat","6":"product_cat-siir","7":"pa_cilt-ciltsiz","8":"pa_tur-kitap","9":"pa_yayinevi-everest-yayinlari","10":"pa_yazar-ebubekir-eroglu","12":"first","13":"instock","14":"sale","15":"shipping-taxable","16":"purchasable","17":"product-type-simple"},"_links":{"self":[{"href":"https:\/\/roveyayinevi.com.tr\/index.php\/wp-json\/wp\/v2\/product\/761978","targetHints":{"allow":["GET"]}}],"collection":[{"href":"https:\/\/roveyayinevi.com.tr\/index.php\/wp-json\/wp\/v2\/product"}],"about":[{"href":"https:\/\/roveyayinevi.com.tr\/index.php\/wp-json\/wp\/v2\/types\/product"}],"wp:attachment":[{"href":"https:\/\/roveyayinevi.com.tr\/index.php\/wp-json\/wp\/v2\/media?parent=761978"}],"wp:term":[{"taxonomy":"product_brand","embeddable":true,"href":"https:\/\/roveyayinevi.com.tr\/index.php\/wp-json\/wp\/v2\/product_brand?post=761978"},{"taxonomy":"product_cat","embeddable":true,"href":"https:\/\/roveyayinevi.com.tr\/index.php\/wp-json\/wp\/v2\/product_cat?post=761978"},{"taxonomy":"product_tag","embeddable":true,"href":"https:\/\/roveyayinevi.com.tr\/index.php\/wp-json\/wp\/v2\/product_tag?post=761978"}],"curies":[{"name":"wp","href":"https:\/\/api.w.org\/{rel}","templated":true}]}}