{"id":761977,"date":"2025-08-28T09:53:31","date_gmt":"2025-08-28T06:53:31","guid":{"rendered":"https:\/\/roveyayinevi.com.tr\/index.php\/urun\/deadpool-savas-sanati\/"},"modified":"2025-09-20T10:01:03","modified_gmt":"2025-09-20T07:01:03","slug":"deadpool-savas-sanati","status":"publish","type":"product","link":"https:\/\/roveyayinevi.com.tr\/index.php\/urun\/deadpool-savas-sanati\/","title":{"rendered":"Deadpool: Sava\u015f Sanat\u0131"},"content":{"rendered":"<p>Zafer i\u00e7in gereken tek \u015fey nedir? DEADPOOL! Sun Tzu\u2019nun Sava\u015f Sanat\u0131, uzun zamand\u0131r asker\u00ee strateji ve taktikler konusunda belirleyici konumdad\u0131r. Y\u00fczlerce y\u0131ld\u0131r sava\u015f ve i\u015f d\u00fcnyas\u0131ndaki liderlere ilham vermi\u015ftir. Bu da kitab\u0131n kamu m\u00fclk\u00fc oldu\u011fu ve Deadpool\u2019un kitaptan faydalanabilece\u011fi anlam\u0131na gelir! Peki Deadpool\u2019un kendi versiyonunun orijinalinden daha fazla satmas\u0131 i\u00e7in yapt\u0131\u011f\u0131 plan nedir? Kitap \u00e7\u0131karken d\u00fcnyay\u0131 sava\u015fa sokmak! Ama Deadpool, bir sava\u015f ba\u015flatman\u0131n bir sava\u015f\u0131 kontrol etmekten \u00e7ok daha kolay oldu\u011funu k\u0131sa s\u00fcre i\u00e7inde \u00f6\u011frenecek! Loki, \u2018Pool\u2019u hapsetti ve D\u00fcnya\u2019y\u0131 fethetmek \u00fczere! Neyse ki Deadpool sava\u015f sanat\u0131n\u0131 biliyor, de\u011fil mi? (Evet, esas mesele de bu zaten. Bu kitapta size sava\u015fmay\u0131 \u00f6\u011fretiyor.) Deadpool\u2019un sava\u015f\u0131 D\u00fcnya\u2019y\u0131 yok mu edecek, Deadpool\u2019u \u00e7ok satan yazarlardan m\u0131 yapacak&#8211; yoksa her ikisi de mi olacak?<\/p>\n","protected":false},"excerpt":{"rendered":"<p>Zafer i\u00e7in gereken tek \u015fey nedir? DEADPOOL! Sun Tzu\u2019nun Sava\u015f Sanat\u0131, uzun zamand\u0131r asker\u00ee strateji ve taktikler konusunda belirleyici konumdad\u0131r. Y\u00fczlerce y\u0131ld\u0131r sava\u015f ve i\u015f d\u00fcnyas\u0131ndaki<span class=\"excerpt-hellip\"> [\u2026]<\/span><\/p>\n","protected":false},"featured_media":0,"template":"","meta":{"_monsterinsights_skip_tracking":false,"_monsterinsights_sitenote_active":false,"_monsterinsights_sitenote_note":"","_monsterinsights_sitenote_category":0},"product_brand":[],"product_cat":[12416,12291],"product_tag":[],"class_list":{"0":"post-761977","1":"product","2":"type-product","3":"status-publish","5":"product_cat-cizgi-roman","6":"product_cat-edebiyat","7":"pa_cilt-ciltsiz","8":"pa_tur-kitap","9":"pa_yayinevi-jbc-yayincilik","10":"pa_yazar-peter-david","12":"first","13":"instock","14":"sale","15":"shipping-taxable","16":"purchasable","17":"product-type-simple"},"_links":{"self":[{"href":"https:\/\/roveyayinevi.com.tr\/index.php\/wp-json\/wp\/v2\/product\/761977","targetHints":{"allow":["GET"]}}],"collection":[{"href":"https:\/\/roveyayinevi.com.tr\/index.php\/wp-json\/wp\/v2\/product"}],"about":[{"href":"https:\/\/roveyayinevi.com.tr\/index.php\/wp-json\/wp\/v2\/types\/product"}],"wp:attachment":[{"href":"https:\/\/roveyayinevi.com.tr\/index.php\/wp-json\/wp\/v2\/media?parent=761977"}],"wp:term":[{"taxonomy":"product_brand","embeddable":true,"href":"https:\/\/roveyayinevi.com.tr\/index.php\/wp-json\/wp\/v2\/product_brand?post=761977"},{"taxonomy":"product_cat","embeddable":true,"href":"https:\/\/roveyayinevi.com.tr\/index.php\/wp-json\/wp\/v2\/product_cat?post=761977"},{"taxonomy":"product_tag","embeddable":true,"href":"https:\/\/roveyayinevi.com.tr\/index.php\/wp-json\/wp\/v2\/product_tag?post=761977"}],"curies":[{"name":"wp","href":"https:\/\/api.w.org\/{rel}","templated":true}]}}