{"id":761970,"date":"2025-08-28T09:53:22","date_gmt":"2025-08-28T06:53:22","guid":{"rendered":"https:\/\/roveyayinevi.com.tr\/index.php\/urun\/cagdas-kuresel-medeniyetin-ontolojisi\/"},"modified":"2026-04-15T03:27:07","modified_gmt":"2026-04-15T00:27:07","slug":"cagdas-kuresel-medeniyetin-ontolojisi","status":"publish","type":"product","link":"https:\/\/roveyayinevi.com.tr\/index.php\/urun\/cagdas-kuresel-medeniyetin-ontolojisi\/","title":{"rendered":"\u00c7a\u011fda\u015f K\u00fcresel Medeniyetin Ontolojisi"},"content":{"rendered":"<p>\u00c7a\u011fda\u015f K\u00fcresel Medeniyetin Ontolojisi: \u0130bn Haldun\u2019dan John Searle\u2019e K\u00fcresel Medeniyet Okumas\u0131, \u00f6ncelikle \u0130slam medeniyetinin ve di\u011fer k\u00fclt\u00fcrlerin kar\u015f\u0131 kar\u015f\u0131ya kald\u0131\u011f\u0131 modern ve g\u00fcncel sorunlar\u0131n ontolojisini teorik a\u00e7\u0131dan analiz etmektedir. Eser T\u00fcrk filozof \u015eaban Teoman Dural\u0131\u2019n\u0131n \u201c\u00c7a\u011fda\u015f K\u00fcresel Medeniyet\u201de dair d\u00fc\u015f\u00fcncelerini, in\u015fa etti\u011fi kavramlarla bir ad\u0131m daha ileriye ta\u015f\u0131maktad\u0131r. Ba\u015fta \u0130bn Haldun, Franz Brentano ve John Searle olmak \u00fczere Do\u011fu\u2019nun ve Bat\u0131\u2019n\u0131n nirengi noktas\u0131nda yer alan filozoflar\u0131n fikirlerini mukayese ederek K\u00fcresel Medeniyet\u2019e dair yeni bir d\u00fc\u015f\u00fcnce ve felsefi bir tan\u0131m sistemati\u011fi in\u015fa etmektedir.   Felsefe soru sormakt\u0131r. Bu eser de okuyucular\u0131 g\u00fcncele ve gelece\u011fe dair yeni sorular\u0131n ve sorunlar\u0131n nazari perde arkas\u0131yla y\u00fczle\u015ftirerek felsefe d\u00fcnyas\u0131na yeni bir K\u00fcresel Medeniyet okumas\u0131 sunmaktad\u0131r.   \u201cHayranl\u0131k uyand\u0131r\u0131c\u0131 ve bir o kadar da \u00fcrk\u00fct\u00fcc\u00fc.\u201d Ayhan B\u0131\u00e7ak <\/p>\n","protected":false},"excerpt":{"rendered":"<p>\u00c7a\u011fda\u015f K\u00fcresel Medeniyetin Ontolojisi: \u0130bn Haldun\u2019dan John Searle\u2019e K\u00fcresel Medeniyet Okumas\u0131, \u00f6ncelikle \u0130slam medeniyetinin ve di\u011fer k\u00fclt\u00fcrlerin kar\u015f\u0131 kar\u015f\u0131ya kald\u0131\u011f\u0131 modern ve g\u00fcncel sorunlar\u0131n ontolojisini teorik<span class=\"excerpt-hellip\"> [\u2026]<\/span><\/p>\n","protected":false},"featured_media":0,"template":"","meta":{"_monsterinsights_skip_tracking":false,"_monsterinsights_sitenote_active":false,"_monsterinsights_sitenote_note":"","_monsterinsights_sitenote_category":0},"product_brand":[],"product_cat":[12388],"product_tag":[],"class_list":{"0":"post-761970","1":"product","2":"type-product","3":"status-publish","5":"product_cat-felsefe","6":"pa_cilt-ciltsiz","7":"pa_tur-kitap","8":"pa_yayinevi-paradigma-yayinlari","9":"pa_yazar-mehmet-sabri-genc","11":"first","12":"instock","13":"sale","14":"shipping-taxable","15":"purchasable","16":"product-type-simple"},"_links":{"self":[{"href":"https:\/\/roveyayinevi.com.tr\/index.php\/wp-json\/wp\/v2\/product\/761970","targetHints":{"allow":["GET"]}}],"collection":[{"href":"https:\/\/roveyayinevi.com.tr\/index.php\/wp-json\/wp\/v2\/product"}],"about":[{"href":"https:\/\/roveyayinevi.com.tr\/index.php\/wp-json\/wp\/v2\/types\/product"}],"wp:attachment":[{"href":"https:\/\/roveyayinevi.com.tr\/index.php\/wp-json\/wp\/v2\/media?parent=761970"}],"wp:term":[{"taxonomy":"product_brand","embeddable":true,"href":"https:\/\/roveyayinevi.com.tr\/index.php\/wp-json\/wp\/v2\/product_brand?post=761970"},{"taxonomy":"product_cat","embeddable":true,"href":"https:\/\/roveyayinevi.com.tr\/index.php\/wp-json\/wp\/v2\/product_cat?post=761970"},{"taxonomy":"product_tag","embeddable":true,"href":"https:\/\/roveyayinevi.com.tr\/index.php\/wp-json\/wp\/v2\/product_tag?post=761970"}],"curies":[{"name":"wp","href":"https:\/\/api.w.org\/{rel}","templated":true}]}}