{"id":761969,"date":"2025-08-28T09:53:21","date_gmt":"2025-08-28T06:53:21","guid":{"rendered":"https:\/\/roveyayinevi.com.tr\/index.php\/urun\/sezai-karakocun-siyasi-dusuncesi\/"},"modified":"2026-04-15T03:27:07","modified_gmt":"2026-04-15T00:27:07","slug":"sezai-karakocun-siyasi-dusuncesi","status":"publish","type":"product","link":"https:\/\/roveyayinevi.com.tr\/index.php\/urun\/sezai-karakocun-siyasi-dusuncesi\/","title":{"rendered":"Sezai Karako\u00e7\u2019un Siyasi D\u00fc\u015f\u00fcncesi"},"content":{"rendered":"<p>Bu kitap Sezai Karako\u00e7\u2019un siyasi d\u00fc\u015f\u00fcncesini anlat\u0131yor. Karako\u00e7\u2019un fikirlerinin geleneksel \u0130slam d\u00fc\u015f\u00fcncesindeki k\u00f6kenlerini ve modern siyasi ak\u0131mlara y\u00f6neltti\u011fi ele\u015ftirileri, nihayetinde Karako\u00e7\u2019un kendisine has, estetik bir politik d\u00fc\u015f\u00fcnce geli\u015ftirmesini ortaya koyuyor. Kitapta Karako\u00e7\u2019un siyaseti \u201csanat olarak siyaset\u201d ba\u011flam\u0131nda tan\u0131mlamas\u0131, ele\u015ftirilerinin romantizm ve varolu\u015f\u00e7uluk ak\u0131mlar\u0131yla ili\u015fkisi ve Gazali, \u0130bn Arabi ve de Mevlana\u2019n\u0131n kuruculu\u011fundaki d\u00fc\u015f\u00fcnceleri inceleniyor.   Karako\u00e7\u2019un medeniyet, devlet ve dirili\u015f gibi temel kavramlar \u00fczerine bina etti\u011fi politik d\u00fc\u015f\u00fcnceler g\u00fcn\u00fcm\u00fczde \u00f6nem ta\u015f\u0131maya devam ediyor. Eserde onun siyaset, \u0130slam devleti, Do\u011fu-Bat\u0131, Bat\u0131l\u0131la\u015fma, demokrasi, \u015f\u00fbra, ideoloji, parti ve \u015fehir gibi bir\u00e7ok kavrama yakla\u015f\u0131m\u0131 ele al\u0131n\u0131yor. Karako\u00e7\u2019un hayattayken dahil oldu\u011fu tart\u0131\u015fmalardan at\u0131f yapt\u0131\u011f\u0131 yerli ve yabanc\u0131 isimlere, \u00e7a\u011fda\u015f\u0131 d\u00fc\u015f\u00fcn\u00fcrlerle etkile\u015fiminden kurdu\u011fu iki siyasi partiye kadar bir\u00e7ok konu g\u00f6zler \u00f6n\u00fcne seriliyor.   Karako\u00e7\u2019un \u00e7ok daha fazla kalem oynatt\u0131\u011f\u0131 ve zaman ay\u0131rd\u0131\u011f\u0131 siyasi fikirlerini analitik bir \u015fekilde ele alan Sezai Karako\u00e7\u2019un Siyasi D\u00fc\u015f\u00fcncesi: Ahlak, Medeniyet ve Dirili\u015f kitab\u0131 d\u00f6neme dair \u00f6nemli bilgiler verirken literat\u00fcre de k\u0131ymetli bir katk\u0131 sunuyor. <\/p>\n","protected":false},"excerpt":{"rendered":"<p>Bu kitap Sezai Karako\u00e7\u2019un siyasi d\u00fc\u015f\u00fcncesini anlat\u0131yor. Karako\u00e7\u2019un fikirlerinin geleneksel \u0130slam d\u00fc\u015f\u00fcncesindeki k\u00f6kenlerini ve modern siyasi ak\u0131mlara y\u00f6neltti\u011fi ele\u015ftirileri, nihayetinde Karako\u00e7\u2019un kendisine has, estetik bir politik<span class=\"excerpt-hellip\"> [\u2026]<\/span><\/p>\n","protected":false},"featured_media":0,"template":"","meta":{"_monsterinsights_skip_tracking":false,"_monsterinsights_sitenote_active":false,"_monsterinsights_sitenote_note":"","_monsterinsights_sitenote_category":0},"product_brand":[],"product_cat":[12337],"product_tag":[],"class_list":{"0":"post-761969","1":"product","2":"type-product","3":"status-publish","5":"product_cat-politika-siyaset","6":"pa_cilt-ciltsiz","7":"pa_tur-kitap","8":"pa_yayinevi-paradigma-yayinlari","9":"pa_yazar-ibrahim-durmaz","11":"first","12":"instock","13":"sale","14":"shipping-taxable","15":"purchasable","16":"product-type-simple"},"_links":{"self":[{"href":"https:\/\/roveyayinevi.com.tr\/index.php\/wp-json\/wp\/v2\/product\/761969","targetHints":{"allow":["GET"]}}],"collection":[{"href":"https:\/\/roveyayinevi.com.tr\/index.php\/wp-json\/wp\/v2\/product"}],"about":[{"href":"https:\/\/roveyayinevi.com.tr\/index.php\/wp-json\/wp\/v2\/types\/product"}],"wp:attachment":[{"href":"https:\/\/roveyayinevi.com.tr\/index.php\/wp-json\/wp\/v2\/media?parent=761969"}],"wp:term":[{"taxonomy":"product_brand","embeddable":true,"href":"https:\/\/roveyayinevi.com.tr\/index.php\/wp-json\/wp\/v2\/product_brand?post=761969"},{"taxonomy":"product_cat","embeddable":true,"href":"https:\/\/roveyayinevi.com.tr\/index.php\/wp-json\/wp\/v2\/product_cat?post=761969"},{"taxonomy":"product_tag","embeddable":true,"href":"https:\/\/roveyayinevi.com.tr\/index.php\/wp-json\/wp\/v2\/product_tag?post=761969"}],"curies":[{"name":"wp","href":"https:\/\/api.w.org\/{rel}","templated":true}]}}