{"id":761967,"date":"2025-08-28T09:53:18","date_gmt":"2025-08-28T06:53:18","guid":{"rendered":"https:\/\/roveyayinevi.com.tr\/index.php\/urun\/yirmi-birinci-yuzyilda-kapitalizm\/"},"modified":"2026-04-15T03:27:07","modified_gmt":"2026-04-15T00:27:07","slug":"yirmi-birinci-yuzyilda-kapitalizm","status":"publish","type":"product","link":"https:\/\/roveyayinevi.com.tr\/index.php\/urun\/yirmi-birinci-yuzyilda-kapitalizm\/","title":{"rendered":"Yirmi Birinci Y\u00fczy\u0131l\u2019da Kapitalizm"},"content":{"rendered":"<p>K\u00fcresel kapitalizm, s\u00fcrekli artan ve derinle\u015fen e\u015fitsizlikle ciddi bir s\u0131k\u0131nt\u0131 i\u00e7inde ve bu durum, kapitalizme olan halk deste\u011fini zay\u0131flat\u0131yor. Bu anti-kapitalist e\u011filim ve artan k\u00fcreselle\u015fme kar\u015f\u0131t\u0131 duyarl\u0131l\u0131k, Birle\u015fik Krall\u0131k&#8217;ta Brexit&#8217;e yol a\u00e7t\u0131 ve Donald Trump&#8217;\u0131n ABD ba\u015fkanl\u0131\u011f\u0131na se\u00e7ilmesine neden oldu.   Uluslararas\u0131 alanda tan\u0131nm\u0131\u015f ekonomist Dr. Donghyun Park, Yirmi Birinci Y\u00fczy\u0131l&#8217;da Kapitalizm adl\u0131 eserinde, iklim de\u011fi\u015fikli\u011fi ve a\u015f\u0131r\u0131 yoksulluk gibi k\u00fcresel sorunlarla m\u00fccadele etmek i\u00e7in kapitalizmin daha etkin kullan\u0131lmas\u0131n\u0131n gereklili\u011fini net bir dille anlat\u0131yor. Kapitalizmi haks\u0131z ele\u015ftirilere kar\u015f\u0131 savunan Park, zenginlik ve istihdam yaratman\u0131n yan\u0131 s\u0131ra insanl\u0131\u011f\u0131n ilerlemesine katk\u0131da bulunan giri\u015fimci kapitalizmin \u00f6nemini ortaya koyuyor. Yazar, kendi \u00e7\u0131karlar\u0131na hizmet eden finans sekt\u00f6r\u00fcn\u00fc reforme etmenin ve h\u00fck\u00fcmetin ekonomik rollerini b\u00fcy\u00fcmeyi te\u015fvik edecek \u015fekilde yeniden yap\u0131land\u0131rman\u0131n, kapitalizmin canl\u0131l\u0131\u011f\u0131n\u0131 geri kazanmak i\u00e7in hayati oldu\u011funu belirtiyor. Bu kitap, ekonomi veya finans alan\u0131nda herhangi bir bilgisi olmayan okuyucular i\u00e7in bile anla\u015f\u0131l\u0131r ve a\u00e7\u0131k diliyle \u00f6nemli bir kaynak olacakt\u0131r.   <\/p>\n","protected":false},"excerpt":{"rendered":"<p>K\u00fcresel kapitalizm, s\u00fcrekli artan ve derinle\u015fen e\u015fitsizlikle ciddi bir s\u0131k\u0131nt\u0131 i\u00e7inde ve bu durum, kapitalizme olan halk deste\u011fini zay\u0131flat\u0131yor. Bu anti-kapitalist e\u011filim ve artan k\u00fcreselle\u015fme kar\u015f\u0131t\u0131<span class=\"excerpt-hellip\"> [\u2026]<\/span><\/p>\n","protected":false},"featured_media":0,"template":"","meta":{"_monsterinsights_skip_tracking":false,"_monsterinsights_sitenote_active":false,"_monsterinsights_sitenote_note":"","_monsterinsights_sitenote_category":0},"product_brand":[],"product_cat":[20333,13043],"product_tag":[],"class_list":{"0":"post-761967","1":"product","2":"type-product","3":"status-publish","5":"product_cat-diger-ekonomi","6":"product_cat-ekonomi","7":"pa_cilt-ciltsiz","8":"pa_tur-kitap","9":"pa_yayinevi-serbest-kitaplar","10":"pa_yazar-donghyun-park","12":"first","13":"instock","14":"sale","15":"shipping-taxable","16":"purchasable","17":"product-type-simple"},"_links":{"self":[{"href":"https:\/\/roveyayinevi.com.tr\/index.php\/wp-json\/wp\/v2\/product\/761967","targetHints":{"allow":["GET"]}}],"collection":[{"href":"https:\/\/roveyayinevi.com.tr\/index.php\/wp-json\/wp\/v2\/product"}],"about":[{"href":"https:\/\/roveyayinevi.com.tr\/index.php\/wp-json\/wp\/v2\/types\/product"}],"wp:attachment":[{"href":"https:\/\/roveyayinevi.com.tr\/index.php\/wp-json\/wp\/v2\/media?parent=761967"}],"wp:term":[{"taxonomy":"product_brand","embeddable":true,"href":"https:\/\/roveyayinevi.com.tr\/index.php\/wp-json\/wp\/v2\/product_brand?post=761967"},{"taxonomy":"product_cat","embeddable":true,"href":"https:\/\/roveyayinevi.com.tr\/index.php\/wp-json\/wp\/v2\/product_cat?post=761967"},{"taxonomy":"product_tag","embeddable":true,"href":"https:\/\/roveyayinevi.com.tr\/index.php\/wp-json\/wp\/v2\/product_tag?post=761967"}],"curies":[{"name":"wp","href":"https:\/\/api.w.org\/{rel}","templated":true}]}}