{"id":761965,"date":"2025-08-28T09:53:13","date_gmt":"2025-08-28T06:53:13","guid":{"rendered":"https:\/\/roveyayinevi.com.tr\/index.php\/urun\/deha-ataturk\/"},"modified":"2026-04-15T03:27:07","modified_gmt":"2026-04-15T00:27:07","slug":"deha-ataturk","status":"publish","type":"product","link":"https:\/\/roveyayinevi.com.tr\/index.php\/urun\/deha-ataturk\/","title":{"rendered":"Deha Atat\u00fcrk"},"content":{"rendered":"<p>DEHA ATAT\u00dcRK kitab\u0131ndan notlar&#8230; Geleneksel e\u011fitimi de\u011fi\u015ftirmek i\u00e7in sava\u015f ko\u015fullar\u0131nda yap\u0131lan 1921 Maarif Kongresi&#8217;ne, Gen\u00e7 T\u00fcrkiye Cumhuriyeti&#8217;nin ticari \u00fcr\u00fcnleri, sanat eserleri, m\u00fczi\u011fi, sanat\u00e7\u0131lar\u0131 ve k\u00fclt\u00fcr birikiminin, Karadeniz Vapuru ile t\u00fcm d\u00fcnyaya g\u00f6sterilmesine, Yalova&#8217;daki \u201cY\u00fcr\u00fcyen K\u00f6\u015fk\u201d\u00fcn \u00e7evrecilik ve \u00e7evre koruma konusunda gen\u00e7 ku\u015faklar i\u00e7in \u00f6rnek olu\u015funa, 1930 y\u0131l\u0131nda 27 Frans\u0131z profes\u00f6rle bir araya gelinerek bir Hitit Dergisi (Revue Hittite et Asianique) \u00e7\u0131kar\u0131lmas\u0131na, 10. y\u0131l\u0131n\u0131 kutlayan gen\u00e7 Cumhuriyetin co\u015fkusunu ve ideallerini, e\u011fitim ve sinema ile halka aktarmak i\u00e7in yap\u0131lan Seyyar Terbiye Sergisi&#8217;ne, Tarihte bir devlet adam\u0131n\u0131n iste\u011fi ve katk\u0131lar\u0131 ile yap\u0131lan ilk opera olan \u00d6zsoy Operas\u0131&#8217;n\u0131n haz\u0131rl\u0131k a\u015famalar\u0131na, Gagavuz T\u00fcrklerinin kendi dillerini unutmamas\u0131 i\u00e7in, T\u00fcrkiye&#8217;den giden Kemal&#8217;in \u00f6\u011fretmenlerine, Halk\u0131 i\u00e7in Geometri Kitab\u0131 yazan bir lidere, \u201cEkonomik ba\u011f\u0131ms\u0131zl\u0131k olmad\u0131k\u00e7a, ulusal ba\u011f\u0131ms\u0131zl\u0131k olmaz\u201d diyen bu liderin b\u00fcy\u00fck bir \u00f6ng\u00f6r\u00fc ile Cumhuriyet tarihimize kazand\u0131rd\u0131\u011f\u0131 Nazilli Basma Fabrikas\u0131&#8217;na, K\u0131v\u0131lc\u0131m olarak g\u00f6nderiyorum g\u00fcr alevler olarak d\u00f6n\u00fcn, \u00fclk\u00fcs\u00fc ile g\u00f6revini yaparak me\u015faleyi gen\u00e7lere devredenlere tan\u0131kl\u0131k etmek ister misiniz? DEHA ATAT\u00dcRK sizleri bekliyor. <\/p>\n","protected":false},"excerpt":{"rendered":"<p>DEHA ATAT\u00dcRK kitab\u0131ndan notlar&#8230; Geleneksel e\u011fitimi de\u011fi\u015ftirmek i\u00e7in sava\u015f ko\u015fullar\u0131nda yap\u0131lan 1921 Maarif Kongresi&#8217;ne, Gen\u00e7 T\u00fcrkiye Cumhuriyeti&#8217;nin ticari \u00fcr\u00fcnleri, sanat eserleri, m\u00fczi\u011fi, sanat\u00e7\u0131lar\u0131 ve k\u00fclt\u00fcr birikiminin,<span class=\"excerpt-hellip\"> [\u2026]<\/span><\/p>\n","protected":false},"featured_media":0,"template":"","meta":{"_monsterinsights_skip_tracking":false,"_monsterinsights_sitenote_active":false,"_monsterinsights_sitenote_note":"","_monsterinsights_sitenote_category":0},"product_brand":[],"product_cat":[12274,15842],"product_tag":[],"class_list":{"0":"post-761965","1":"product","2":"type-product","3":"status-publish","5":"product_cat-cocuk-ve-genclik-kitaplari","6":"product_cat-egitici-kitaplar","7":"pa_cilt-ciltsiz","8":"pa_tur-kitap","9":"pa_yayinevi-angora-kitaplari","10":"pa_yazar-onur-ural","12":"first","13":"instock","14":"sale","15":"shipping-taxable","16":"purchasable","17":"product-type-simple"},"_links":{"self":[{"href":"https:\/\/roveyayinevi.com.tr\/index.php\/wp-json\/wp\/v2\/product\/761965","targetHints":{"allow":["GET"]}}],"collection":[{"href":"https:\/\/roveyayinevi.com.tr\/index.php\/wp-json\/wp\/v2\/product"}],"about":[{"href":"https:\/\/roveyayinevi.com.tr\/index.php\/wp-json\/wp\/v2\/types\/product"}],"wp:attachment":[{"href":"https:\/\/roveyayinevi.com.tr\/index.php\/wp-json\/wp\/v2\/media?parent=761965"}],"wp:term":[{"taxonomy":"product_brand","embeddable":true,"href":"https:\/\/roveyayinevi.com.tr\/index.php\/wp-json\/wp\/v2\/product_brand?post=761965"},{"taxonomy":"product_cat","embeddable":true,"href":"https:\/\/roveyayinevi.com.tr\/index.php\/wp-json\/wp\/v2\/product_cat?post=761965"},{"taxonomy":"product_tag","embeddable":true,"href":"https:\/\/roveyayinevi.com.tr\/index.php\/wp-json\/wp\/v2\/product_tag?post=761965"}],"curies":[{"name":"wp","href":"https:\/\/api.w.org\/{rel}","templated":true}]}}