{"id":761964,"date":"2025-08-28T09:53:11","date_gmt":"2025-08-28T06:53:11","guid":{"rendered":"https:\/\/roveyayinevi.com.tr\/index.php\/urun\/hakkini-arayan-maymun-dunyadan-oykuler\/"},"modified":"2026-04-15T03:27:07","modified_gmt":"2026-04-15T00:27:07","slug":"hakkini-arayan-maymun-dunyadan-oykuler","status":"publish","type":"product","link":"https:\/\/roveyayinevi.com.tr\/index.php\/urun\/hakkini-arayan-maymun-dunyadan-oykuler\/","title":{"rendered":"Hakk\u0131n\u0131 Arayan Maymun \u2013 D\u00fcnyadan \u00d6yk\u00fcler"},"content":{"rendered":"<p>U\u00e7suz bucaks\u0131z tropikal bir ormanda ya\u015fayan gen\u00e7 bir maymun, mango a\u011fac\u0131n\u0131n dibinde bir m\u0131s\u0131r ko\u00e7an\u0131 bulur. Arkada\u015f\u0131yla birlikte payla\u015farak yemek i\u00e7in, palmiye a\u011fac\u0131n\u0131n i\u00e7 i\u00e7e ge\u00e7mi\u015f k\u00f6klerinin alt\u0131na saklar.  Ne var ki bir s\u00fcre sonra koydu\u011fu yerde bulamaz. Bakal\u0131m, k\u00fc\u00e7\u00fck maymun alt\u0131n gibi parlak taneleri olan bu m\u0131s\u0131r\u0131 geri almay\u0131 ba\u015farabilecek mi? \u00c7ocuklar\u0131n d\u00fcnyadaki farkl\u0131 \u00fclkeleri ve k\u00fclt\u00fcrleri tan\u0131mas\u0131n\u0131 sa\u011flayan D\u00fcnyadan \u00d6yk\u00fcler dizisi, ku\u015faktan ku\u015fa\u011fa aktar\u0131lan, ya\u015fama dair de\u011ferli dersler veren etkileyici ve ola\u011fan\u00fcst\u00fc \u00f6yk\u00fcleri merakl\u0131 okurlarla bulu\u015fturuyor. Her kitab\u0131n sonunda o \u00fclkenin tarihi, g\u00fcnl\u00fck ya\u015fam\u0131, k\u00fclt\u00fcr\u00fc ve gelenekleri hakk\u0131nda verilen ilgin\u00e7 k\u0131sa bilgiler ise \u00e7ocuklar i\u00e7in keyifle okuyacaklar\u0131 pratik bir kaynak niteli\u011finde.  <\/p>\n","protected":false},"excerpt":{"rendered":"<p>U\u00e7suz bucaks\u0131z tropikal bir ormanda ya\u015fayan gen\u00e7 bir maymun, mango a\u011fac\u0131n\u0131n dibinde bir m\u0131s\u0131r ko\u00e7an\u0131 bulur. Arkada\u015f\u0131yla birlikte payla\u015farak yemek i\u00e7in, palmiye a\u011fac\u0131n\u0131n i\u00e7 i\u00e7e ge\u00e7mi\u015f<span class=\"excerpt-hellip\"> [\u2026]<\/span><\/p>\n","protected":false},"featured_media":0,"template":"","meta":{"_monsterinsights_skip_tracking":false,"_monsterinsights_sitenote_active":false,"_monsterinsights_sitenote_note":"","_monsterinsights_sitenote_category":0},"product_brand":[],"product_cat":[12274,12284],"product_tag":[],"class_list":{"0":"post-761964","1":"product","2":"type-product","3":"status-publish","5":"product_cat-cocuk-ve-genclik-kitaplari","6":"product_cat-hikayeler","7":"pa_cilt-ciltsiz","8":"pa_tur-kitap","9":"pa_yayinevi-1001-cicek-kitaplar","10":"pa_yazar-claire-laurens","12":"first","13":"instock","14":"sale","15":"shipping-taxable","16":"purchasable","17":"product-type-simple"},"_links":{"self":[{"href":"https:\/\/roveyayinevi.com.tr\/index.php\/wp-json\/wp\/v2\/product\/761964","targetHints":{"allow":["GET"]}}],"collection":[{"href":"https:\/\/roveyayinevi.com.tr\/index.php\/wp-json\/wp\/v2\/product"}],"about":[{"href":"https:\/\/roveyayinevi.com.tr\/index.php\/wp-json\/wp\/v2\/types\/product"}],"wp:attachment":[{"href":"https:\/\/roveyayinevi.com.tr\/index.php\/wp-json\/wp\/v2\/media?parent=761964"}],"wp:term":[{"taxonomy":"product_brand","embeddable":true,"href":"https:\/\/roveyayinevi.com.tr\/index.php\/wp-json\/wp\/v2\/product_brand?post=761964"},{"taxonomy":"product_cat","embeddable":true,"href":"https:\/\/roveyayinevi.com.tr\/index.php\/wp-json\/wp\/v2\/product_cat?post=761964"},{"taxonomy":"product_tag","embeddable":true,"href":"https:\/\/roveyayinevi.com.tr\/index.php\/wp-json\/wp\/v2\/product_tag?post=761964"}],"curies":[{"name":"wp","href":"https:\/\/api.w.org\/{rel}","templated":true}]}}