{"id":761960,"date":"2025-08-28T09:53:04","date_gmt":"2025-08-28T06:53:04","guid":{"rendered":"https:\/\/roveyayinevi.com.tr\/index.php\/urun\/giginin-dostluk-bahcesi\/"},"modified":"2026-04-15T03:27:07","modified_gmt":"2026-04-15T00:27:07","slug":"giginin-dostluk-bahcesi","status":"publish","type":"product","link":"https:\/\/roveyayinevi.com.tr\/index.php\/urun\/giginin-dostluk-bahcesi\/","title":{"rendered":"Gigi\u2019nin Dostluk Bah\u00e7esi"},"content":{"rendered":"<p>Gigi, \u00e7i\u00e7ekleri \u00e7ok seven yetenekli bir bah\u00e7\u0131van\u2026 Bug\u00fcn m\u00fckemmel bah\u00e7esini daha da g\u00fczelle\u015ftirmek i\u00e7in arkada\u015flar\u0131n\u0131n yard\u0131m\u0131na ihtiyac\u0131 var. Ama i\u015fler istedi\u011fi gibi gitmiyor\u2026 Gigi\u2019nin arkada\u015flar\u0131na do\u011fru rehberlik edebilmek i\u00e7in isteklerini ve d\u00fc\u015f\u00fcncelerini g\u00fczelce anlatmas\u0131 gerekiyor\u2026   Konu\u015fma becerileri ve ileti\u015fimin \u00f6nemi \u00fczerine m\u00fckemmel gibi bir \u00f6yk\u00fc! <\/p>\n","protected":false},"excerpt":{"rendered":"<p>Gigi, \u00e7i\u00e7ekleri \u00e7ok seven yetenekli bir bah\u00e7\u0131van\u2026 Bug\u00fcn m\u00fckemmel bah\u00e7esini daha da g\u00fczelle\u015ftirmek i\u00e7in arkada\u015flar\u0131n\u0131n yard\u0131m\u0131na ihtiyac\u0131 var. Ama i\u015fler istedi\u011fi gibi gitmiyor\u2026 Gigi\u2019nin arkada\u015flar\u0131na do\u011fru<span class=\"excerpt-hellip\"> [\u2026]<\/span><\/p>\n","protected":false},"featured_media":0,"template":"","meta":{"_monsterinsights_skip_tracking":false,"_monsterinsights_sitenote_active":false,"_monsterinsights_sitenote_note":"","_monsterinsights_sitenote_category":0},"product_brand":[],"product_cat":[12274,12284],"product_tag":[],"class_list":{"0":"post-761960","1":"product","2":"type-product","3":"status-publish","5":"product_cat-cocuk-ve-genclik-kitaplari","6":"product_cat-hikayeler","7":"pa_cilt-ciltsiz","8":"pa_tur-kitap","9":"pa_yayinevi-1001-cicek-kitaplar","10":"pa_yazar-rosario-martinez","12":"first","13":"instock","14":"sale","15":"shipping-taxable","16":"purchasable","17":"product-type-simple"},"_links":{"self":[{"href":"https:\/\/roveyayinevi.com.tr\/index.php\/wp-json\/wp\/v2\/product\/761960","targetHints":{"allow":["GET"]}}],"collection":[{"href":"https:\/\/roveyayinevi.com.tr\/index.php\/wp-json\/wp\/v2\/product"}],"about":[{"href":"https:\/\/roveyayinevi.com.tr\/index.php\/wp-json\/wp\/v2\/types\/product"}],"wp:attachment":[{"href":"https:\/\/roveyayinevi.com.tr\/index.php\/wp-json\/wp\/v2\/media?parent=761960"}],"wp:term":[{"taxonomy":"product_brand","embeddable":true,"href":"https:\/\/roveyayinevi.com.tr\/index.php\/wp-json\/wp\/v2\/product_brand?post=761960"},{"taxonomy":"product_cat","embeddable":true,"href":"https:\/\/roveyayinevi.com.tr\/index.php\/wp-json\/wp\/v2\/product_cat?post=761960"},{"taxonomy":"product_tag","embeddable":true,"href":"https:\/\/roveyayinevi.com.tr\/index.php\/wp-json\/wp\/v2\/product_tag?post=761960"}],"curies":[{"name":"wp","href":"https:\/\/api.w.org\/{rel}","templated":true}]}}